{"id":1219,"date":"2016-03-07T20:03:41","date_gmt":"2016-03-07T19:03:41","guid":{"rendered":"http:\/\/prvafina.dev.tovarnaidej.com\/?page_id=1219"},"modified":"2021-03-28T19:43:32","modified_gmt":"2021-03-28T17:43:32","slug":"dobaviteljski-faktoring","status":"publish","type":"page","link":"https:\/\/www.prvafina.si\/en\/storitve\/faktoring\/dobaviteljski-faktoring\/","title":{"rendered":"Reverse factoring"},"content":{"rendered":"<div class=\"wpb-content-wrapper\"><div class=\"vc_row wpb_row vc_row-fluid vc_custom_1451991003825\"><div class=\"wpb_column vc_column_container vc_col-sm-9\"><div class=\"vc_column-inner\"><div class=\"wpb_wrapper\">\n\t<div  class=\"wpb_single_image wpb_content_element vc_align_left wpb_content_element vc_custom_1499932333590\">\n\t\t\n\t\t<figure class=\"wpb_wrapper vc_figure\">\n\t\t\t<div class=\"vc_single_image-wrapper   vc_box_border_grey\"><img decoding=\"async\" class=\"vc_single_image-img\" src=\"https:\/\/www.prvafina.si\/wp-content\/uploads\/2016\/03\/Dobaviteljski_faktoring_prvafina-1-825x393.jpg\" width=\"825\" height=\"393\" alt=\"Dobaviteljski_faktoring_prvafina\" title=\"Dobaviteljski_faktoring_prvafina\" loading=\"lazy\" \/><\/div>\n\t\t<\/figure>\n\t<\/div>\n\n\t<div class=\"wpb_text_column wpb_content_element vc_custom_1499422608832\" >\n\t\t<div class=\"wpb_wrapper\">\n\t\t\t<h2>Reverse factoring<\/h2>\n<p><strong>Reverse factoring<\/strong> Reverse factoring is a method of financing where we pay your supplier at the maturity or within the agreed time limit, and you settle your liabilities with us on deferred payment. In doing so, you can offer deferred payments to your customers and increase your company\u2019s competitiveness on the market.<\/p>\n\n\t\t<\/div>\n\t<\/div>\n\n\t<div class=\"wpb_text_column wpb_content_element vc_custom_1496422607740\" >\n\t\t<div class=\"wpb_wrapper\">\n\t\t\t<p><strong>Advantages of reverse factoring:<\/strong><\/p>\n\n\t\t<\/div>\n\t<\/div>\n<div class=\"vc_row wpb_row vc_inner vc_row-fluid\"><div class=\"wpb_column vc_column_container vc_col-sm-4\"><div class=\"vc_column-inner\"><div class=\"wpb_wrapper\">\n\t<div  class=\"wpb_single_image wpb_content_element vc_align_center wpb_content_element\">\n\t\t\n\t\t<figure class=\"wpb_wrapper vc_figure\">\n\t\t\t<div class=\"vc_single_image-wrapper   vc_box_border_grey\"><img loading=\"lazy\" decoding=\"async\" width=\"40\" height=\"40\" src=\"https:\/\/www.prvafina.si\/wp-content\/uploads\/2016\/04\/kljukica_blue2.png\" class=\"vc_single_image-img attachment-thumbnail\" alt=\"\" title=\"kljukica_blue2\" \/><\/div>\n\t\t<\/figure>\n\t<\/div>\n\n\t<div class=\"wpb_text_column wpb_content_element\" >\n\t\t<div class=\"wpb_wrapper\">\n\t\t\t<p style=\"text-align: center;\">The company\u2019s liabilities towards their supplier are paid by us, the company settles their liability in the form of a deferred payment<\/p>\n\n\t\t<\/div>\n\t<\/div>\n<\/div><\/div><\/div><div class=\"wpb_column vc_column_container vc_col-sm-4\"><div class=\"vc_column-inner\"><div class=\"wpb_wrapper\">\n\t<div  class=\"wpb_single_image wpb_content_element vc_align_center wpb_content_element\">\n\t\t\n\t\t<figure class=\"wpb_wrapper vc_figure\">\n\t\t\t<div class=\"vc_single_image-wrapper   vc_box_border_grey\"><img loading=\"lazy\" decoding=\"async\" width=\"40\" height=\"40\" src=\"https:\/\/www.prvafina.si\/wp-content\/uploads\/2016\/04\/kljukica_blue2.png\" class=\"vc_single_image-img attachment-thumbnail\" alt=\"\" title=\"kljukica_blue2\" \/><\/div>\n\t\t<\/figure>\n\t<\/div>\n\n\t<div class=\"wpb_text_column wpb_content_element\" >\n\t\t<div class=\"wpb_wrapper\">\n\t\t\t<p style=\"text-align: center;\">As the company\u2019s liabilities towards their supplier are settled by us before the maturity, the company gets additional discounts (discount for early payment)<\/p>\n\n\t\t<\/div>\n\t<\/div>\n<\/div><\/div><\/div><div class=\"wpb_column vc_column_container vc_col-sm-4\"><div class=\"vc_column-inner\"><div class=\"wpb_wrapper\">\n\t<div  class=\"wpb_single_image wpb_content_element vc_align_center wpb_content_element\">\n\t\t\n\t\t<figure class=\"wpb_wrapper vc_figure\">\n\t\t\t<div class=\"vc_single_image-wrapper   vc_box_border_grey\"><img loading=\"lazy\" decoding=\"async\" width=\"40\" height=\"40\" src=\"https:\/\/www.prvafina.si\/wp-content\/uploads\/2016\/04\/kljukica_blue2.png\" class=\"vc_single_image-img attachment-thumbnail\" alt=\"\" title=\"kljukica_blue2\" \/><\/div>\n\t\t<\/figure>\n\t<\/div>\n\n\t<div class=\"wpb_text_column wpb_content_element\" >\n\t\t<div class=\"wpb_wrapper\">\n\t\t\t<p style=\"text-align: center;\">Reduced need for borrowing<\/p>\n\n\t\t<\/div>\n\t<\/div>\n<\/div><\/div><\/div><\/div><div class=\"vc_empty_space\"   style=\"height: 40px\"><span class=\"vc_empty_space_inner\"><\/span><\/div><div class=\"vc_row wpb_row vc_inner vc_row-fluid\"><div class=\"wpb_column vc_column_container vc_col-sm-4\"><div class=\"vc_column-inner\"><div class=\"wpb_wrapper\">\n\t<div  class=\"wpb_single_image wpb_content_element vc_align_center wpb_content_element\">\n\t\t\n\t\t<figure class=\"wpb_wrapper vc_figure\">\n\t\t\t<div class=\"vc_single_image-wrapper   vc_box_border_grey\"><img loading=\"lazy\" decoding=\"async\" width=\"40\" height=\"40\" src=\"https:\/\/www.prvafina.si\/wp-content\/uploads\/2016\/04\/kljukica_blue2.png\" class=\"vc_single_image-img attachment-thumbnail\" alt=\"\" title=\"kljukica_blue2\" \/><\/div>\n\t\t<\/figure>\n\t<\/div>\n\n\t<div class=\"wpb_text_column wpb_content_element\" >\n\t\t<div class=\"wpb_wrapper\">\n\t\t\t<p style=\"text-align: center;\">The company can offer longer payment periods to their customers \u2013 competitiveness on the market<\/p>\n\n\t\t<\/div>\n\t<\/div>\n<\/div><\/div><\/div><div class=\"wpb_column vc_column_container vc_col-sm-4\"><div class=\"vc_column-inner\"><div class=\"wpb_wrapper\">\n\t<div  class=\"wpb_single_image wpb_content_element vc_align_center wpb_content_element\">\n\t\t\n\t\t<figure class=\"wpb_wrapper vc_figure\">\n\t\t\t<div class=\"vc_single_image-wrapper   vc_box_border_grey\"><img loading=\"lazy\" decoding=\"async\" width=\"40\" height=\"40\" src=\"https:\/\/www.prvafina.si\/wp-content\/uploads\/2016\/04\/kljukica_blue2.png\" class=\"vc_single_image-img attachment-thumbnail\" alt=\"\" title=\"kljukica_blue2\" \/><\/div>\n\t\t<\/figure>\n\t<\/div>\n\n\t<div class=\"wpb_text_column wpb_content_element\" >\n\t\t<div class=\"wpb_wrapper\">\n\t\t\t<p style=\"text-align: center;\">Managing and planning cash flow to suit the company\u2019s needs<\/p>\n\n\t\t<\/div>\n\t<\/div>\n<\/div><\/div><\/div><div class=\"wpb_column vc_column_container vc_col-sm-4\"><div class=\"vc_column-inner\"><div class=\"wpb_wrapper\">\n\t<div  class=\"wpb_single_image wpb_content_element vc_align_center wpb_content_element\">\n\t\t\n\t\t<figure class=\"wpb_wrapper vc_figure\">\n\t\t\t<div class=\"vc_single_image-wrapper   vc_box_border_grey\"><img loading=\"lazy\" decoding=\"async\" width=\"40\" height=\"40\" src=\"https:\/\/www.prvafina.si\/wp-content\/uploads\/2016\/04\/kljukica_blue2.png\" class=\"vc_single_image-img attachment-thumbnail\" alt=\"\" title=\"kljukica_blue2\" \/><\/div>\n\t\t<\/figure>\n\t<\/div>\n\n\t<div class=\"wpb_text_column wpb_content_element\" >\n\t\t<div class=\"wpb_wrapper\">\n\t\t\t<p style=\"text-align: center;\">Avoiding costs for letters of credit and bank guarantees that the supplier may demand<\/p>\n\n\t\t<\/div>\n\t<\/div>\n<\/div><\/div><\/div><\/div><div class=\"vc_empty_space\"   style=\"height: 40px\"><span class=\"vc_empty_space_inner\"><\/span><\/div>\n\t<div class=\"wpb_text_column wpb_content_element vc_custom_1499422770067\" >\n\t\t<div class=\"wpb_wrapper\">\n\t\t\t<p><strong>Who is reverse factoring intended for?<\/strong><\/p>\n<p>a) Companies that do not yet enjoy deferred payment terms from their suppliers<br \/>\nb) Companies that do not want to lower their credit potential<br \/>\nc) Companies that want to effectively manage their cash flow.<\/p>\n<p>Use of this opportunity and contact us.<\/p>\n\n\t\t<\/div>\n\t<\/div>\n<div class=\"vc_empty_space\"   style=\"height: 40px\"><span class=\"vc_empty_space_inner\"><\/span><\/div>\n\t<div  class=\"wpb_single_image wpb_content_element vc_align_left wpb_content_element\">\n\t\t<h2 class=\"wpb_heading wpb_singleimage_heading\">What is the process of reverse factoring?<\/h2>\n\t\t<figure class=\"wpb_wrapper vc_figure\">\n\t\t\t<div class=\"vc_single_image-wrapper   vc_box_border_grey\"><img decoding=\"async\" class=\"vc_single_image-img\" src=\"https:\/\/www.prvafina.si\/wp-content\/uploads\/2022\/01\/reverse-factoring.png\" width=\"500\" height=\"500\" alt=\"dobaviteljski\" title=\"dobaviteljski\" loading=\"lazy\" \/><\/div>\n\t\t<\/figure>\n\t<\/div>\n\n\t<div class=\"wpb_text_column wpb_content_element\" >\n\t\t<div class=\"wpb_wrapper\">\n\t\t\t<p><strong>Business process:<\/strong><\/p>\n<p>1. The company makes an order with the supplier and receives an invoice with agreed maturity for the supplied goods\/performed services.<br \/>\n2. The company sends the supplier\u2019s invoice to the Prva finan\u010dna agencija (PFA).<br \/>\n3. The PFA settles the invoice before or latest at its maturity upon agreement with the company.<br \/>\n4. The company settles its liabilities with the PFA in the form of a deferred payment.<\/p>\n\n\t\t<\/div>\n\t<\/div>\n<\/div><\/div><\/div><div class=\"wpb_column vc_column_container vc_col-sm-3\"><div class=\"vc_column-inner\"><div class=\"wpb_wrapper\">\n<div class=\"stm_sidebar\">\n\t<style type=\"text\/css\" scoped>\n\t\t.vc_custom_1452056597103{margin-right: 0px !important;margin-bottom: 30px !important;margin-left: 0px !important;}.vc_custom_1451998133493{margin-bottom: 30px !important;}.vc_custom_1452056633692{padding-top: 37px !important;padding-right: 30px !important;padding-bottom: 40px !important;padding-left: 30px !important;}.vc_custom_1499862280819{margin-bottom: 9px !important;}.vc_custom_1457372212108{margin-bottom: 17px !important;}.vc_custom_1457379228803{margin-bottom: 35px !important;}.vc_custom_1617002103437{margin-bottom: 30px !important;}\t<\/style>\n\t<div class=\"wpb-content-wrapper\"><div class=\"vc_row wpb_row vc_row-fluid third_bg_color vc_custom_1452056597103\"><div class=\"wpb_column vc_column_container vc_col-sm-12\"><div class=\"vc_column-inner vc_custom_1452056633692\"><div class=\"wpb_wrapper\"><div class=\"vc_custom_heading vc_custom_1499862280819 text_align_left\" ><div style=\"font-size: 16px;color: #222222;text-align: left;font-family:Poppins;font-weight:600;font-style:normal\" ><a href=\"\/o-nas\/kontakt\/\">Request a call<\/a><\/div><\/div>\n\t<div class=\"wpb_text_column wpb_content_element vc_custom_1457372212108\" >\n\t\t<div class=\"wpb_wrapper\">\n\t\t\t<p>Contact us in order to find the best solution for your company.<\/p>\n\n\t\t<\/div>\n\t<\/div>\n<div class=\"vc_btn3-container vc_btn3-inline\"><a class=\"vc_general vc_btn3 vc_btn3-size-sm vc_btn3-shape-rounded vc_btn3-style-flat vc_btn3-icon-left vc_btn3-color-white\" href=\"\/o-nas\/kontakt\/\" title=\"\" target=\"_self\"><i class=\"vc_btn3-icon fa fa-phone-square\"><\/i> Contact us<\/a><\/div>\n<\/div><\/div><\/div><\/div><div class=\"vc_row wpb_row vc_row-fluid\"><div class=\"wpb_column vc_column_container vc_col-sm-12\"><div class=\"vc_column-inner vc_custom_1457379228803\"><div class=\"wpb_wrapper\"><div class=\"vc_wp_search wpb_content_element\"><aside class=\"widget widget_search\"><h5 class=\"widget_title\">Search<\/h5><form method=\"get\" class=\"search-form\" action=\"https:\/\/www.prvafina.si\/en\/\" data-trp-original-action=\"https:\/\/www.prvafina.si\/en\/\">\r\n\t<input type=\"search\" class=\"form-control\" placeholder=\"I\u0161\u010dipo strani...\" value=\"\" name=\"s\" \/>\r\n\t<button type=\"submit\"><i class=\"fa fa-search\"><\/i><\/button>\r\n<input type=\"hidden\" name=\"trp-form-language\" value=\"en\"\/><\/form><\/aside><\/div><div class=\"vc_wp_custommenu wpb_content_element\"><div class=\"widget widget_nav_menu\"><div class=\"menu-stranski-container\"><ul id=\"menu-stranski\" class=\"menu\"><li id=\"menu-item-1466\" class=\"menu-item menu-item-type-post_type menu-item-object-page menu-item-1466\"><a href=\"https:\/\/www.prvafina.si\/en\/storitve\/odkup-terjatev\/\">Purchase of receivables<\/a><\/li>\n<li id=\"menu-item-1238\" class=\"menu-item menu-item-type-post_type menu-item-object-page menu-item-has-children menu-item-1238\"><a href=\"https:\/\/www.prvafina.si\/en\/storitve\/faktoring\/\">Factoring<\/a>\n<ul class=\"sub-menu\">\n\t<li id=\"menu-item-1451\" class=\"menu-item menu-item-type-post_type menu-item-object-page menu-item-1451\"><a href=\"https:\/\/www.prvafina.si\/en\/storitve\/faktoring\/domaci-faktoring\/\">Domestic factoring<\/a><\/li>\n\t<li id=\"menu-item-1450\" class=\"menu-item menu-item-type-post_type menu-item-object-page menu-item-1450\"><a href=\"https:\/\/www.prvafina.si\/en\/storitve\/faktoring\/mednarodni-faktoring\/\">International factoring<\/a><\/li>\n\t<li id=\"menu-item-1878\" class=\"menu-item menu-item-type-post_type menu-item-object-page menu-item-1878\"><a href=\"https:\/\/www.prvafina.si\/en\/storitve\/faktoring\/dobaviteljski-faktoring\/\">Reverse factoring<\/a><\/li>\n<\/ul>\n<\/li>\n<li id=\"menu-item-1240\" class=\"menu-item menu-item-type-post_type menu-item-object-page menu-item-1240\"><a href=\"https:\/\/www.prvafina.si\/en\/storitve\/verizne-kompenzacije\/\">Chain compensations<\/a><\/li>\n<li id=\"menu-item-1241\" class=\"menu-item menu-item-type-post_type menu-item-object-page menu-item-1241\"><a href=\"https:\/\/www.prvafina.si\/en\/storitve\/preverba-bonitete\/\">Verification of creditworthiness<\/a><\/li>\n<li id=\"menu-item-1666\" class=\"menu-item menu-item-type-post_type menu-item-object-page menu-item-1666\"><a href=\"https:\/\/www.prvafina.si\/en\/storitve\/zavarovanje-terjatev\/\">Insurance od receivables<\/a><\/li>\n<\/ul><\/div><\/div><\/div><\/div><\/div><\/div><\/div><div class=\"vc_row wpb_row vc_row-fluid vc_custom_1451998133493\"><div class=\"wpb_column vc_column_container vc_col-sm-12\"><div class=\"vc_column-inner\"><div class=\"wpb_wrapper\"><div class=\"vc_btn3-container vc_btn3-left vc_custom_1617002103437\"><a class=\"vc_general vc_btn3 vc_btn3-size-lg vc_btn3-shape-rounded vc_btn3-style-flat vc_btn3-block vc_btn3-icon-left vc_btn3-color-theme_style_1\" href=\"\/wp-content\/uploads\/2017\/12\/Naroc%CC%8Cilo-za-preverjanje-1.doc\" title=\"\" target=\"_self\"><i class=\"vc_btn3-icon\"><\/i> Download<\/a><\/div>\n\n\t<div class=\"stm_testimonials cols_1 style_1\">\n\t\t\t\t\t<div class=\"item\">\n\t\t\t\t<div class=\"testimonial\"><p>Factoring is a flexible and fast service compared to standard methods of financing through bank loans, which can be adjusted to the needs of the client.<\/p>\n<\/div>\n\t\t\t\t<div class=\"testimonial-info clearfix\">\n\t\t\t\t\t<div class=\"testimonial-image\"><img loading=\"lazy\" decoding=\"async\" width=\"50\" height=\"50\" src=\"https:\/\/www.prvafina.si\/wp-content\/uploads\/2016\/05\/nada_skoberne_1-50x50.jpg\" class=\"attachment-consulting-image-50x50-croped size-consulting-image-50x50-croped wp-post-image\" alt=\"\" srcset=\"https:\/\/www.prvafina.si\/wp-content\/uploads\/2016\/05\/nada_skoberne_1-50x50.jpg 50w, https:\/\/www.prvafina.si\/wp-content\/uploads\/2016\/05\/nada_skoberne_1-150x150.jpg 150w\" sizes=\"auto, (max-width: 50px) 100vw, 50px\" \/><\/div>\n\t\t\t\t\t<div class=\"testimonial-text\">\n\t\t\t\t\t\t<div class=\"name\">Nada \u0160koberne<\/div>\n\t\t\t\t\t\t<div class=\"company\">\n\t\t\t\t\t\t\tNada \u0160koberne, Ba of Economics\t\t\t\t\t\t<\/div>\n\t\t\t\t\t<\/div>\n\t\t\t\t<\/div>\n\t\t\t<\/div>\n\t\t\t<\/div>\n<\/div><\/div><\/div><\/div><div class=\"vc_row wpb_row vc_row-fluid\"><div class=\"wpb_column vc_column_container vc_col-sm-12\"><div class=\"vc_column-inner\"><div class=\"wpb_wrapper\"><\/div><\/div><\/div><\/div>\n<\/div><\/div><\/div><\/div><\/div><\/div><div data-vc-full-width=\"true\" data-vc-full-width-init=\"false\" class=\"vc_row wpb_row vc_row-fluid third_bg_color vc_custom_1451889219674\"><div class=\"wpb_column vc_column_container vc_col-sm-12\"><div class=\"vc_column-inner\"><div class=\"wpb_wrapper\"><section class=\"vc_cta3-container\"><div class=\"vc_general vc_do_cta3 vc_cta3 third_bg_color vc_cta3-style-flat vc_cta3-shape-square vc_cta3-align-left vc_cta3-color-classic vc_cta3-icon-size-md vc_cta3-actions-right vc_custom_1501086910426\"><div class=\"vc_cta3_content-container\"><div class=\"vc_cta3-content\"><header class=\"vc_cta3-content-header\"><div class=\"vc_custom_heading\" ><h2 style=\"font-size: 20px;color: #000000;line-height: 24px\" >Preverite mo\u017enosti dobaviteljskega faktoringa in nas kontaktirajte.<\/h2><\/div><\/header><\/div><div class=\"vc_cta3-actions\"><div class=\"vc_btn3-container vc_btn3-right\"><a class=\"vc_general vc_btn3 vc_btn3-size-md vc_btn3-shape-rounded vc_btn3-style-flat vc_btn3-block vc_btn3-icon-right vc_btn3-color-theme_style_2\" href=\"\/o-nas\/kontakt\/\" title=\"\" target=\"_self\">Contact us <i class=\"vc_btn3-icon fa fa-chevron-right\"><\/i><\/a><\/div>\n<\/div><\/div><\/div><\/section><\/div><\/div><\/div><\/div><div class=\"vc_row-full-width vc_clearfix\"><\/div>\n<\/div>","protected":false},"excerpt":{"rendered":"","protected":false},"author":1,"featured_media":0,"parent":377,"menu_order":0,"comment_status":"closed","ping_status":"closed","template":"","meta":{"om_disable_all_campaigns":false,"_exactmetrics_skip_tracking":false,"_exactmetrics_sitenote_active":false,"_exactmetrics_sitenote_note":"","_exactmetrics_sitenote_category":0,"_monsterinsights_skip_tracking":false,"_monsterinsights_sitenote_active":false,"_monsterinsights_sitenote_note":"","_monsterinsights_sitenote_category":0,"_uf_show_specific_survey":0,"_uf_disable_surveys":false,"footnotes":""},"class_list":["post-1219","page","type-page","status-publish","hentry"],"yoast_head":"<!-- This site is optimized with the Yoast SEO plugin v26.8 - https:\/\/yoast.com\/product\/yoast-seo-wordpress\/ -->\n<title>Dobaviteljski faktoring - Prva finan\u010dna agencija<\/title>\n<meta name=\"description\" content=\"Dobaviteljski faktoring - Va\u0161ega dobavitelja popla\u010damo mi, pridobite cassa sconto. Kupcem ponudite odlog pla\u010dila, pove\u010date svojo konkuren\u010dnost.\" \/>\n<meta name=\"robots\" content=\"index, follow, max-snippet:-1, max-image-preview:large, max-video-preview:-1\" \/>\n<link rel=\"canonical\" href=\"https:\/\/www.prvafina.si\/en\/storitve\/faktoring\/dobaviteljski-faktoring\/\" \/>\n<meta property=\"og:locale\" content=\"en_US\" \/>\n<meta property=\"og:type\" content=\"article\" \/>\n<meta property=\"og:title\" content=\"Dobaviteljski faktoring - Prva finan\u010dna agencija\" \/>\n<meta property=\"og:description\" content=\"Dobaviteljski faktoring - Va\u0161ega dobavitelja popla\u010damo mi, pridobite cassa sconto. Kupcem ponudite odlog pla\u010dila, pove\u010date svojo konkuren\u010dnost.\" \/>\n<meta property=\"og:url\" content=\"https:\/\/www.prvafina.si\/en\/storitve\/faktoring\/dobaviteljski-faktoring\/\" \/>\n<meta property=\"og:site_name\" content=\"Prva finan\u010dna agencija\" \/>\n<meta property=\"article:modified_time\" content=\"2021-03-28T17:43:32+00:00\" \/>\n<meta name=\"twitter:card\" content=\"summary_large_image\" \/>\n<meta name=\"twitter:label1\" content=\"Est. reading time\" \/>\n\t<meta name=\"twitter:data1\" content=\"3 minutes\" \/>\n<script type=\"application\/ld+json\" class=\"yoast-schema-graph\">{\"@context\":\"https:\/\/schema.org\",\"@graph\":[{\"@type\":\"WebPage\",\"@id\":\"https:\/\/www.prvafina.si\/storitve\/faktoring\/dobaviteljski-faktoring\/\",\"url\":\"https:\/\/www.prvafina.si\/storitve\/faktoring\/dobaviteljski-faktoring\/\",\"name\":\"Dobaviteljski faktoring - Prva finan\u010dna agencija\",\"isPartOf\":{\"@id\":\"https:\/\/www.prvafina.si\/#website\"},\"datePublished\":\"2016-03-07T19:03:41+00:00\",\"dateModified\":\"2021-03-28T17:43:32+00:00\",\"description\":\"Dobaviteljski faktoring - Va\u0161ega dobavitelja popla\u010damo mi, pridobite cassa sconto. Kupcem ponudite odlog pla\u010dila, pove\u010date svojo konkuren\u010dnost.\",\"breadcrumb\":{\"@id\":\"https:\/\/www.prvafina.si\/storitve\/faktoring\/dobaviteljski-faktoring\/#breadcrumb\"},\"inLanguage\":\"en-US\",\"potentialAction\":[{\"@type\":\"ReadAction\",\"target\":[\"https:\/\/www.prvafina.si\/storitve\/faktoring\/dobaviteljski-faktoring\/\"]}]},{\"@type\":\"BreadcrumbList\",\"@id\":\"https:\/\/www.prvafina.si\/storitve\/faktoring\/dobaviteljski-faktoring\/#breadcrumb\",\"itemListElement\":[{\"@type\":\"ListItem\",\"position\":1,\"name\":\"Home\",\"item\":\"https:\/\/www.prvafina.si\/\"},{\"@type\":\"ListItem\",\"position\":2,\"name\":\"Storitve\",\"item\":\"https:\/\/www.prvafina.si\/storitve\/\"},{\"@type\":\"ListItem\",\"position\":3,\"name\":\"Faktoring\",\"item\":\"https:\/\/www.prvafina.si\/storitve\/faktoring\/\"},{\"@type\":\"ListItem\",\"position\":4,\"name\":\"Dobaviteljski faktoring\"}]},{\"@type\":\"WebSite\",\"@id\":\"https:\/\/www.prvafina.si\/#website\",\"url\":\"https:\/\/www.prvafina.si\/\",\"name\":\"Prva finan\u010dna agencija\",\"description\":\"\",\"potentialAction\":[{\"@type\":\"SearchAction\",\"target\":{\"@type\":\"EntryPoint\",\"urlTemplate\":\"https:\/\/www.prvafina.si\/?s={search_term_string}\"},\"query-input\":{\"@type\":\"PropertyValueSpecification\",\"valueRequired\":true,\"valueName\":\"search_term_string\"}}],\"inLanguage\":\"en-US\"}]}<\/script>\n<!-- \/ Yoast SEO plugin. -->","yoast_head_json":{"title":"Dobaviteljski faktoring - Prva finan\u010dna agencija","description":"Dobaviteljski faktoring - Va\u0161ega dobavitelja popla\u010damo mi, pridobite cassa sconto. Kupcem ponudite odlog pla\u010dila, pove\u010date svojo konkuren\u010dnost.","robots":{"index":"index","follow":"follow","max-snippet":"max-snippet:-1","max-image-preview":"max-image-preview:large","max-video-preview":"max-video-preview:-1"},"canonical":"https:\/\/www.prvafina.si\/en\/storitve\/faktoring\/dobaviteljski-faktoring\/","og_locale":"en_US","og_type":"article","og_title":"Dobaviteljski faktoring - Prva finan\u010dna agencija","og_description":"Dobaviteljski faktoring - Va\u0161ega dobavitelja popla\u010damo mi, pridobite cassa sconto. Kupcem ponudite odlog pla\u010dila, pove\u010date svojo konkuren\u010dnost.","og_url":"https:\/\/www.prvafina.si\/en\/storitve\/faktoring\/dobaviteljski-faktoring\/","og_site_name":"Prva finan\u010dna agencija","article_modified_time":"2021-03-28T17:43:32+00:00","twitter_card":"summary_large_image","twitter_misc":{"Est. reading time":"3 minutes"},"schema":{"@context":"https:\/\/schema.org","@graph":[{"@type":"WebPage","@id":"https:\/\/www.prvafina.si\/storitve\/faktoring\/dobaviteljski-faktoring\/","url":"https:\/\/www.prvafina.si\/storitve\/faktoring\/dobaviteljski-faktoring\/","name":"Dobaviteljski faktoring - Prva finan\u010dna agencija","isPartOf":{"@id":"https:\/\/www.prvafina.si\/#website"},"datePublished":"2016-03-07T19:03:41+00:00","dateModified":"2021-03-28T17:43:32+00:00","description":"Dobaviteljski faktoring - Va\u0161ega dobavitelja popla\u010damo mi, pridobite cassa sconto. Kupcem ponudite odlog pla\u010dila, pove\u010date svojo konkuren\u010dnost.","breadcrumb":{"@id":"https:\/\/www.prvafina.si\/storitve\/faktoring\/dobaviteljski-faktoring\/#breadcrumb"},"inLanguage":"en-US","potentialAction":[{"@type":"ReadAction","target":["https:\/\/www.prvafina.si\/storitve\/faktoring\/dobaviteljski-faktoring\/"]}]},{"@type":"BreadcrumbList","@id":"https:\/\/www.prvafina.si\/storitve\/faktoring\/dobaviteljski-faktoring\/#breadcrumb","itemListElement":[{"@type":"ListItem","position":1,"name":"Home","item":"https:\/\/www.prvafina.si\/"},{"@type":"ListItem","position":2,"name":"Storitve","item":"https:\/\/www.prvafina.si\/storitve\/"},{"@type":"ListItem","position":3,"name":"Faktoring","item":"https:\/\/www.prvafina.si\/storitve\/faktoring\/"},{"@type":"ListItem","position":4,"name":"Dobaviteljski faktoring"}]},{"@type":"WebSite","@id":"https:\/\/www.prvafina.si\/#website","url":"https:\/\/www.prvafina.si\/","name":"Prva finan\u010dna agencija","description":"","potentialAction":[{"@type":"SearchAction","target":{"@type":"EntryPoint","urlTemplate":"https:\/\/www.prvafina.si\/?s={search_term_string}"},"query-input":{"@type":"PropertyValueSpecification","valueRequired":true,"valueName":"search_term_string"}}],"inLanguage":"en-US"}]}},"_links":{"self":[{"href":"https:\/\/www.prvafina.si\/en\/wp-json\/wp\/v2\/pages\/1219","targetHints":{"allow":["GET"]}}],"collection":[{"href":"https:\/\/www.prvafina.si\/en\/wp-json\/wp\/v2\/pages"}],"about":[{"href":"https:\/\/www.prvafina.si\/en\/wp-json\/wp\/v2\/types\/page"}],"author":[{"embeddable":true,"href":"https:\/\/www.prvafina.si\/en\/wp-json\/wp\/v2\/users\/1"}],"replies":[{"embeddable":true,"href":"https:\/\/www.prvafina.si\/en\/wp-json\/wp\/v2\/comments?post=1219"}],"version-history":[{"count":38,"href":"https:\/\/www.prvafina.si\/en\/wp-json\/wp\/v2\/pages\/1219\/revisions"}],"predecessor-version":[{"id":2301,"href":"https:\/\/www.prvafina.si\/en\/wp-json\/wp\/v2\/pages\/1219\/revisions\/2301"}],"up":[{"embeddable":true,"href":"https:\/\/www.prvafina.si\/en\/wp-json\/wp\/v2\/pages\/377"}],"wp:attachment":[{"href":"https:\/\/www.prvafina.si\/en\/wp-json\/wp\/v2\/media?parent=1219"}],"curies":[{"name":"wp","href":"https:\/\/api.w.org\/{rel}","templated":true}]}}