{"id":1265,"date":"2016-03-08T16:01:22","date_gmt":"2016-03-08T15:01:22","guid":{"rendered":"http:\/\/prvafina.dev.tovarnaidej.com\/?page_id=1265"},"modified":"2025-08-12T08:43:25","modified_gmt":"2025-08-12T06:43:25","slug":"zaposlitev","status":"publish","type":"page","link":"https:\/\/www.prvafina.si\/en\/o-nas\/zaposlitev\/","title":{"rendered":"Join us"},"content":{"rendered":"<div class=\"wpb-content-wrapper\"><div class=\"vc_row wpb_row vc_row-fluid vc_custom_1451991003825\"><div class=\"wpb_column vc_column_container vc_col-sm-9\"><div class=\"vc_column-inner\"><div class=\"wpb_wrapper\">\n\t<div  class=\"wpb_single_image wpb_content_element vc_align_left wpb_content_element vc_custom_1499933908734\">\n\t\t\n\t\t<figure class=\"wpb_wrapper vc_figure\">\n\t\t\t<div class=\"vc_single_image-wrapper   vc_box_border_grey\"><img decoding=\"async\" class=\"vc_single_image-img\" src=\"https:\/\/www.prvafina.si\/wp-content\/uploads\/2015\/12\/bg3-825x393.jpg\" width=\"825\" height=\"393\" alt=\"bg3\" title=\"bg3\" loading=\"lazy\" \/><\/div>\n\t\t<\/figure>\n\t<\/div>\n\n\t<div class=\"wpb_text_column wpb_content_element vc_custom_1530522195356\" >\n\t\t<div class=\"wpb_wrapper\">\n\t\t\t<h2>Join us<\/h2>\n<p class=\"align-justify\">Skilled employees who identify with our company, goals and values, are our most important asset.<\/p>\n<p class=\"align-justify\">We offer a variety of work, complex learning possibilities and development of potential for all members of our staff. Currently we have no open positions.<\/p>\n\n\t\t<\/div>\n\t<\/div>\n\n\t<div class=\"wpb_text_column wpb_content_element vc_custom_1496649942546\" >\n\t\t<div class=\"wpb_wrapper\">\n\t\t\t<blockquote><p>\nWe are successfully collaborating with thousands of companies and sole proprietors in Slovenia and abroad.\n<\/p><\/blockquote>\n\n\t\t<\/div>\n\t<\/div>\n\n\t<div class=\"wpb_text_column wpb_content_element vc_custom_1754980941055\" >\n\t\t<div class=\"wpb_wrapper\">\n\t\t\t<h2>Aktualna prosta delovna mesta<\/h2>\n\n\t\t<\/div>\n\t<\/div>\n\n\t<div class=\"wpb_text_column wpb_content_element vc_custom_1750334910915\" >\n\t\t<div class=\"wpb_wrapper\">\n\t\t\t<h3><strong>POSLOVNI ANALITIK (m\/\u017e)<\/strong><\/h3>\n<p><strong>Opis delovnega mesta:<\/strong><\/p>\n<ul>\n<li>ocenjevanje in preverjanje bonitet poslovnih partnerjev,<\/li>\n<li>analize bilanc in priprava analiz ekonomike projektov strank,<\/li>\n<li>vzpostavitev notranjih kontrol in nadzor nad u\u010dinkovitostjo ter delovanjem le-teh na finan\u010dnem podro\u010dju dru\u017ebe,<\/li>\n<li>sodelovanje z drugimi slu\u017ebami dru\u017ebe,<\/li>\n<li>priprava poro\u010dil za potrebe poslovodstva.<\/li>\n<\/ul>\n<p><strong>Od kandidata pri\u010dakujemo:<\/strong><\/p>\n<ul>\n<li>da je strokovnjak z dokon\u010danim \u0161tudijem ekonomije, ra\u010dunovodstva, financ ali sorodnih podro\u010dij,<\/li>\n<li>dobro poznavanje ra\u010dunovodskih izkazov, AOP strukture,<\/li>\n<li>da je specializiran za finan\u010dne analize,<\/li>\n<li>da je sposoben tolma\u010denja ve\u010dje koli\u010dine informacij (predvsem finan\u010dnih podatkov),<\/li>\n<li>odli\u010dno ra\u010dunalni\u0161ko pismenost (Excel, Word),<\/li>\n<li>dobre analitske sposobnosti, natan\u010dnost, samoiniciativnost, dobro sodelovanje v timu, zanesljivost,<\/li>\n<li>aktivno znanje angle\u0161kega jezika (poslovna angle\u0161\u010dina),<\/li>\n<li>spretnost komuniciranja v slovenskem in tujem jeziku (ustno in pisno),<\/li>\n<li>\u017eeljo po razvoju in pridobivanju novega znanja,<\/li>\n<li>najmanj 5 let izku\u0161enj na primerljivem delovnem mestu.<\/li>\n<\/ul>\n<p><strong>Nudimo:<\/strong><\/p>\n<ul>\n<li>zaposlitev za nedolo\u010den \u010das s poskusno dobo \u0161estih mesecev,<\/li>\n<li>varno in stabilno delovno okolje,<\/li>\n<li>samostojnost pri delu v uspe\u0161nem podjetju z dolgoletno tradicijo in visoko prepoznavnostjo ter ugledom,<\/li>\n<li>stimulativno pla\u010dilo,<\/li>\n<li>delo v mladem dinami\u010dnem kolektivu,<\/li>\n<li>pridobivanje novih znanj in izku\u0161enj,<\/li>\n<li>karierni razvoj.<\/li>\n<\/ul>\n<p>Delovno mesto se nahaja na podru\u017enici v Limbu\u0161u pri Mariboru. I\u0161\u010demo predane in usposobljene potencialne sodelavce. Pridru\u017eite se na\u0161i ekipi!<\/p>\n<p>Vse, ki ste se v oglasu prepoznali in bi svojo karierno pot \u017eeleli nadaljevati v prosperitetnem poslovnem okolju, vabimo, da nam svoje prijave (CV) z dokazili po\u0161ljete na <strong><a href=\"mailto:zaposlitev@prvafina.si\">zaposlitev@prvafina.si<\/a> <\/strong>s pripisom \u00bb<strong>poslovni analitik<\/strong>\u00ab.<\/p>\n<p>Obravnavali bomo samo vloge, ki izpolnjujejo zahtevane pogoje razpisa.<\/p>\n\n\t\t<\/div>\n\t<\/div>\n<\/div><\/div><\/div><div class=\"wpb_column vc_column_container vc_col-sm-3\"><div class=\"vc_column-inner\"><div class=\"wpb_wrapper\">\n<div class=\"stm_sidebar\">\n\t<style type=\"text\/css\" scoped>\n\t\t.vc_custom_1452056597103{margin-right: 0px !important;margin-bottom: 30px !important;margin-left: 0px !important;}.vc_custom_1451998133493{margin-bottom: 30px !important;}.vc_custom_1452056633692{padding-top: 37px !important;padding-right: 30px !important;padding-bottom: 40px !important;padding-left: 30px !important;}.vc_custom_1499862280819{margin-bottom: 9px !important;}.vc_custom_1457372212108{margin-bottom: 17px !important;}.vc_custom_1457379228803{margin-bottom: 35px !important;}.vc_custom_1617002103437{margin-bottom: 30px !important;}\t<\/style>\n\t<div class=\"wpb-content-wrapper\"><div class=\"vc_row wpb_row vc_row-fluid third_bg_color vc_custom_1452056597103\"><div class=\"wpb_column vc_column_container vc_col-sm-12\"><div class=\"vc_column-inner vc_custom_1452056633692\"><div class=\"wpb_wrapper\"><div class=\"vc_custom_heading vc_custom_1499862280819 text_align_left\" ><div style=\"font-size: 16px;color: #222222;text-align: left;font-family:Poppins;font-weight:600;font-style:normal\" ><a href=\"\/o-nas\/kontakt\/\">Request a call<\/a><\/div><\/div>\n\t<div class=\"wpb_text_column wpb_content_element vc_custom_1457372212108\" >\n\t\t<div class=\"wpb_wrapper\">\n\t\t\t<p>Contact us in order to find the best solution for your company.<\/p>\n\n\t\t<\/div>\n\t<\/div>\n<div class=\"vc_btn3-container vc_btn3-inline\"><a class=\"vc_general vc_btn3 vc_btn3-size-sm vc_btn3-shape-rounded vc_btn3-style-flat vc_btn3-icon-left vc_btn3-color-white\" href=\"\/o-nas\/kontakt\/\" title=\"\" target=\"_self\"><i class=\"vc_btn3-icon fa fa-phone-square\"><\/i> Contact us<\/a><\/div>\n<\/div><\/div><\/div><\/div><div class=\"vc_row wpb_row vc_row-fluid\"><div class=\"wpb_column vc_column_container vc_col-sm-12\"><div class=\"vc_column-inner vc_custom_1457379228803\"><div class=\"wpb_wrapper\"><div class=\"vc_wp_search wpb_content_element\"><aside class=\"widget widget_search\"><h5 class=\"widget_title\">Search<\/h5><form method=\"get\" class=\"search-form\" action=\"https:\/\/www.prvafina.si\/en\/\" data-trp-original-action=\"https:\/\/www.prvafina.si\/en\/\">\r\n\t<input type=\"search\" class=\"form-control\" placeholder=\"I\u0161\u010dipo strani...\" value=\"\" name=\"s\" \/>\r\n\t<button type=\"submit\"><i class=\"fa fa-search\"><\/i><\/button>\r\n<input type=\"hidden\" name=\"trp-form-language\" value=\"en\"\/><\/form><\/aside><\/div><div class=\"vc_wp_custommenu wpb_content_element\"><div class=\"widget widget_nav_menu\"><div class=\"menu-stranski-container\"><ul id=\"menu-stranski\" class=\"menu\"><li id=\"menu-item-1466\" class=\"menu-item menu-item-type-post_type menu-item-object-page menu-item-1466\"><a href=\"https:\/\/www.prvafina.si\/en\/storitve\/odkup-terjatev\/\">Purchase of receivables<\/a><\/li>\n<li id=\"menu-item-1238\" class=\"menu-item menu-item-type-post_type menu-item-object-page menu-item-has-children menu-item-1238\"><a href=\"https:\/\/www.prvafina.si\/en\/storitve\/faktoring\/\">Factoring<\/a>\n<ul class=\"sub-menu\">\n\t<li id=\"menu-item-1451\" class=\"menu-item menu-item-type-post_type menu-item-object-page menu-item-1451\"><a href=\"https:\/\/www.prvafina.si\/en\/storitve\/faktoring\/domaci-faktoring\/\">Domestic factoring<\/a><\/li>\n\t<li id=\"menu-item-1450\" class=\"menu-item menu-item-type-post_type menu-item-object-page menu-item-1450\"><a href=\"https:\/\/www.prvafina.si\/en\/storitve\/faktoring\/mednarodni-faktoring\/\">International factoring<\/a><\/li>\n\t<li id=\"menu-item-1878\" class=\"menu-item menu-item-type-post_type menu-item-object-page menu-item-1878\"><a href=\"https:\/\/www.prvafina.si\/en\/storitve\/faktoring\/dobaviteljski-faktoring\/\">Reverse factoring<\/a><\/li>\n<\/ul>\n<\/li>\n<li id=\"menu-item-1240\" class=\"menu-item menu-item-type-post_type menu-item-object-page menu-item-1240\"><a href=\"https:\/\/www.prvafina.si\/en\/storitve\/verizne-kompenzacije\/\">Chain compensations<\/a><\/li>\n<li id=\"menu-item-1241\" class=\"menu-item menu-item-type-post_type menu-item-object-page menu-item-1241\"><a href=\"https:\/\/www.prvafina.si\/en\/storitve\/preverba-bonitete\/\">Verification of creditworthiness<\/a><\/li>\n<li id=\"menu-item-1666\" class=\"menu-item menu-item-type-post_type menu-item-object-page menu-item-1666\"><a href=\"https:\/\/www.prvafina.si\/en\/storitve\/zavarovanje-terjatev\/\">Insurance od receivables<\/a><\/li>\n<\/ul><\/div><\/div><\/div><\/div><\/div><\/div><\/div><div class=\"vc_row wpb_row vc_row-fluid vc_custom_1451998133493\"><div class=\"wpb_column vc_column_container vc_col-sm-12\"><div class=\"vc_column-inner\"><div class=\"wpb_wrapper\"><div class=\"vc_btn3-container vc_btn3-left vc_custom_1617002103437\"><a class=\"vc_general vc_btn3 vc_btn3-size-lg vc_btn3-shape-rounded vc_btn3-style-flat vc_btn3-block vc_btn3-icon-left vc_btn3-color-theme_style_1\" href=\"\/wp-content\/uploads\/2017\/12\/Naroc%CC%8Cilo-za-preverjanje-1.doc\" title=\"\" target=\"_self\"><i class=\"vc_btn3-icon\"><\/i> Download<\/a><\/div>\n\n\t<div class=\"stm_testimonials cols_1 style_1\">\n\t\t\t\t\t<div class=\"item\">\n\t\t\t\t<div class=\"testimonial\"><p>Factoring is a flexible and fast service compared to standard methods of financing through bank loans, which can be adjusted to the needs of the client.<\/p>\n<\/div>\n\t\t\t\t<div class=\"testimonial-info clearfix\">\n\t\t\t\t\t<div class=\"testimonial-image\"><img loading=\"lazy\" decoding=\"async\" width=\"50\" height=\"50\" src=\"https:\/\/www.prvafina.si\/wp-content\/uploads\/2016\/05\/nada_skoberne_1-50x50.jpg\" class=\"attachment-consulting-image-50x50-croped size-consulting-image-50x50-croped wp-post-image\" alt=\"\" srcset=\"https:\/\/www.prvafina.si\/wp-content\/uploads\/2016\/05\/nada_skoberne_1-50x50.jpg 50w, https:\/\/www.prvafina.si\/wp-content\/uploads\/2016\/05\/nada_skoberne_1-150x150.jpg 150w\" sizes=\"auto, (max-width: 50px) 100vw, 50px\" \/><\/div>\n\t\t\t\t\t<div class=\"testimonial-text\">\n\t\t\t\t\t\t<div class=\"name\">Nada \u0160koberne<\/div>\n\t\t\t\t\t\t<div class=\"company\">\n\t\t\t\t\t\t\tNada \u0160koberne, Ba of Economics\t\t\t\t\t\t<\/div>\n\t\t\t\t\t<\/div>\n\t\t\t\t<\/div>\n\t\t\t<\/div>\n\t\t\t<\/div>\n<\/div><\/div><\/div><\/div><div class=\"vc_row wpb_row vc_row-fluid\"><div class=\"wpb_column vc_column_container vc_col-sm-12\"><div class=\"vc_column-inner\"><div class=\"wpb_wrapper\"><\/div><\/div><\/div><\/div>\n<\/div><\/div><\/div><\/div><\/div><\/div><div data-vc-full-width=\"true\" data-vc-full-width-init=\"false\" class=\"vc_row wpb_row vc_row-fluid third_bg_color vc_custom_1451889219674\"><div class=\"wpb_column vc_column_container vc_col-sm-12\"><div class=\"vc_column-inner\"><div class=\"wpb_wrapper\"><section class=\"vc_cta3-container\"><div class=\"vc_general vc_do_cta3 vc_cta3 third_bg_color vc_cta3-style-flat vc_cta3-shape-square vc_cta3-align-left vc_cta3-color-classic vc_cta3-icon-size-md vc_cta3-actions-right vc_custom_1499860818771\"><div class=\"vc_cta3_content-container\"><div class=\"vc_cta3-content\"><header class=\"vc_cta3-content-header\"><div class=\"vc_custom_heading\" ><h2 style=\"font-size: 20px;color: #000000;line-height: 24px\" >Searching for a solution?<\/h2><\/div><\/header><\/div><div class=\"vc_cta3-actions\"><div class=\"vc_btn3-container vc_btn3-right\"><a class=\"vc_general vc_btn3 vc_btn3-size-md vc_btn3-shape-rounded vc_btn3-style-flat vc_btn3-block vc_btn3-icon-right vc_btn3-color-theme_style_2\" href=\"\/o-nas\/kontakt\/\" title=\"\" target=\"_self\">Contact us <i class=\"vc_btn3-icon fa fa-chevron-right\"><\/i><\/a><\/div>\n<\/div><\/div><\/div><\/section><\/div><\/div><\/div><\/div><div class=\"vc_row-full-width vc_clearfix\"><\/div>\n<\/div>","protected":false},"excerpt":{"rendered":"","protected":false},"author":1,"featured_media":0,"parent":1453,"menu_order":0,"comment_status":"closed","ping_status":"closed","template":"","meta":{"om_disable_all_campaigns":false,"_exactmetrics_skip_tracking":false,"_exactmetrics_sitenote_active":false,"_exactmetrics_sitenote_note":"","_exactmetrics_sitenote_category":0,"_monsterinsights_skip_tracking":false,"_monsterinsights_sitenote_active":false,"_monsterinsights_sitenote_note":"","_monsterinsights_sitenote_category":0,"_uf_show_specific_survey":0,"_uf_disable_surveys":false,"footnotes":""},"class_list":["post-1265","page","type-page","status-publish","hentry"],"yoast_head":"<!-- This site is optimized with the Yoast SEO plugin v26.8 - https:\/\/yoast.com\/product\/yoast-seo-wordpress\/ -->\n<title>Zaposlitev - Prva finan\u010dna agencija<\/title>\n<meta name=\"description\" content=\"Zaposlitev - Prva finan\u010dna agencija\" \/>\n<meta name=\"robots\" content=\"index, follow, max-snippet:-1, max-image-preview:large, max-video-preview:-1\" \/>\n<link rel=\"canonical\" href=\"https:\/\/www.prvafina.si\/en\/o-nas\/zaposlitev\/\" \/>\n<meta property=\"og:locale\" content=\"en_US\" \/>\n<meta property=\"og:type\" content=\"article\" \/>\n<meta property=\"og:title\" content=\"Zaposlitev - Prva finan\u010dna agencija\" \/>\n<meta property=\"og:description\" content=\"Zaposlitev - Prva finan\u010dna agencija\" \/>\n<meta property=\"og:url\" content=\"https:\/\/www.prvafina.si\/en\/o-nas\/zaposlitev\/\" \/>\n<meta property=\"og:site_name\" content=\"Prva finan\u010dna agencija\" \/>\n<meta property=\"article:modified_time\" content=\"2025-08-12T06:43:25+00:00\" \/>\n<meta name=\"twitter:card\" content=\"summary_large_image\" \/>\n<meta name=\"twitter:label1\" content=\"Est. reading time\" \/>\n\t<meta name=\"twitter:data1\" content=\"3 minutes\" \/>\n<script type=\"application\/ld+json\" class=\"yoast-schema-graph\">{\"@context\":\"https:\/\/schema.org\",\"@graph\":[{\"@type\":\"WebPage\",\"@id\":\"https:\/\/www.prvafina.si\/o-nas\/zaposlitev\/\",\"url\":\"https:\/\/www.prvafina.si\/o-nas\/zaposlitev\/\",\"name\":\"Zaposlitev - Prva finan\u010dna agencija\",\"isPartOf\":{\"@id\":\"https:\/\/www.prvafina.si\/#website\"},\"datePublished\":\"2016-03-08T15:01:22+00:00\",\"dateModified\":\"2025-08-12T06:43:25+00:00\",\"description\":\"Zaposlitev - Prva finan\u010dna agencija\",\"breadcrumb\":{\"@id\":\"https:\/\/www.prvafina.si\/o-nas\/zaposlitev\/#breadcrumb\"},\"inLanguage\":\"en-US\",\"potentialAction\":[{\"@type\":\"ReadAction\",\"target\":[\"https:\/\/www.prvafina.si\/o-nas\/zaposlitev\/\"]}]},{\"@type\":\"BreadcrumbList\",\"@id\":\"https:\/\/www.prvafina.si\/o-nas\/zaposlitev\/#breadcrumb\",\"itemListElement\":[{\"@type\":\"ListItem\",\"position\":1,\"name\":\"Home\",\"item\":\"https:\/\/www.prvafina.si\/\"},{\"@type\":\"ListItem\",\"position\":2,\"name\":\"O nas\",\"item\":\"https:\/\/www.prvafina.si\/o-nas\/\"},{\"@type\":\"ListItem\",\"position\":3,\"name\":\"Zaposlitev\"}]},{\"@type\":\"WebSite\",\"@id\":\"https:\/\/www.prvafina.si\/#website\",\"url\":\"https:\/\/www.prvafina.si\/\",\"name\":\"Prva finan\u010dna agencija\",\"description\":\"\",\"potentialAction\":[{\"@type\":\"SearchAction\",\"target\":{\"@type\":\"EntryPoint\",\"urlTemplate\":\"https:\/\/www.prvafina.si\/?s={search_term_string}\"},\"query-input\":{\"@type\":\"PropertyValueSpecification\",\"valueRequired\":true,\"valueName\":\"search_term_string\"}}],\"inLanguage\":\"en-US\"}]}<\/script>\n<!-- \/ Yoast SEO plugin. -->","yoast_head_json":{"title":"Zaposlitev - Prva finan\u010dna agencija","description":"Zaposlitev - Prva finan\u010dna agencija","robots":{"index":"index","follow":"follow","max-snippet":"max-snippet:-1","max-image-preview":"max-image-preview:large","max-video-preview":"max-video-preview:-1"},"canonical":"https:\/\/www.prvafina.si\/en\/o-nas\/zaposlitev\/","og_locale":"en_US","og_type":"article","og_title":"Zaposlitev - Prva finan\u010dna agencija","og_description":"Zaposlitev - Prva finan\u010dna agencija","og_url":"https:\/\/www.prvafina.si\/en\/o-nas\/zaposlitev\/","og_site_name":"Prva finan\u010dna agencija","article_modified_time":"2025-08-12T06:43:25+00:00","twitter_card":"summary_large_image","twitter_misc":{"Est. reading time":"3 minutes"},"schema":{"@context":"https:\/\/schema.org","@graph":[{"@type":"WebPage","@id":"https:\/\/www.prvafina.si\/o-nas\/zaposlitev\/","url":"https:\/\/www.prvafina.si\/o-nas\/zaposlitev\/","name":"Zaposlitev - Prva finan\u010dna agencija","isPartOf":{"@id":"https:\/\/www.prvafina.si\/#website"},"datePublished":"2016-03-08T15:01:22+00:00","dateModified":"2025-08-12T06:43:25+00:00","description":"Zaposlitev - Prva finan\u010dna agencija","breadcrumb":{"@id":"https:\/\/www.prvafina.si\/o-nas\/zaposlitev\/#breadcrumb"},"inLanguage":"en-US","potentialAction":[{"@type":"ReadAction","target":["https:\/\/www.prvafina.si\/o-nas\/zaposlitev\/"]}]},{"@type":"BreadcrumbList","@id":"https:\/\/www.prvafina.si\/o-nas\/zaposlitev\/#breadcrumb","itemListElement":[{"@type":"ListItem","position":1,"name":"Home","item":"https:\/\/www.prvafina.si\/"},{"@type":"ListItem","position":2,"name":"O nas","item":"https:\/\/www.prvafina.si\/o-nas\/"},{"@type":"ListItem","position":3,"name":"Zaposlitev"}]},{"@type":"WebSite","@id":"https:\/\/www.prvafina.si\/#website","url":"https:\/\/www.prvafina.si\/","name":"Prva finan\u010dna agencija","description":"","potentialAction":[{"@type":"SearchAction","target":{"@type":"EntryPoint","urlTemplate":"https:\/\/www.prvafina.si\/?s={search_term_string}"},"query-input":{"@type":"PropertyValueSpecification","valueRequired":true,"valueName":"search_term_string"}}],"inLanguage":"en-US"}]}},"_links":{"self":[{"href":"https:\/\/www.prvafina.si\/en\/wp-json\/wp\/v2\/pages\/1265","targetHints":{"allow":["GET"]}}],"collection":[{"href":"https:\/\/www.prvafina.si\/en\/wp-json\/wp\/v2\/pages"}],"about":[{"href":"https:\/\/www.prvafina.si\/en\/wp-json\/wp\/v2\/types\/page"}],"author":[{"embeddable":true,"href":"https:\/\/www.prvafina.si\/en\/wp-json\/wp\/v2\/users\/1"}],"replies":[{"embeddable":true,"href":"https:\/\/www.prvafina.si\/en\/wp-json\/wp\/v2\/comments?post=1265"}],"version-history":[{"count":38,"href":"https:\/\/www.prvafina.si\/en\/wp-json\/wp\/v2\/pages\/1265\/revisions"}],"predecessor-version":[{"id":3719,"href":"https:\/\/www.prvafina.si\/en\/wp-json\/wp\/v2\/pages\/1265\/revisions\/3719"}],"up":[{"embeddable":true,"href":"https:\/\/www.prvafina.si\/en\/wp-json\/wp\/v2\/pages\/1453"}],"wp:attachment":[{"href":"https:\/\/www.prvafina.si\/en\/wp-json\/wp\/v2\/media?parent=1265"}],"curies":[{"name":"wp","href":"https:\/\/api.w.org\/{rel}","templated":true}]}}