{"id":1390,"date":"2016-04-06T20:43:50","date_gmt":"2016-04-06T19:43:50","guid":{"rendered":"http:\/\/prvafina.dev.tovarnaidej.com\/?page_id=1390"},"modified":"2026-02-18T12:42:55","modified_gmt":"2026-02-18T11:42:55","slug":"mednarodni-faktoring","status":"publish","type":"page","link":"https:\/\/www.prvafina.si\/en\/storitve\/faktoring\/mednarodni-faktoring\/","title":{"rendered":"International factoring"},"content":{"rendered":"<div class=\"wpb-content-wrapper\"><div class=\"vc_row wpb_row vc_row-fluid vc_custom_1451991003825\"><div class=\"wpb_column vc_column_container vc_col-sm-9\"><div class=\"vc_column-inner\"><div class=\"wpb_wrapper\">\n\t<div  class=\"wpb_single_image wpb_content_element vc_align_left wpb_content_element vc_custom_1499932683389\">\n\t\t\n\t\t<figure class=\"wpb_wrapper vc_figure\">\n\t\t\t<div class=\"vc_single_image-wrapper   vc_box_border_grey\"><img decoding=\"async\" class=\"vc_single_image-img\" src=\"https:\/\/www.prvafina.si\/wp-content\/uploads\/2016\/03\/dobaviteljski-825x393.jpg\" width=\"825\" height=\"393\" alt=\"dobaviteljski\" title=\"dobaviteljski\" loading=\"lazy\" \/><\/div>\n\t\t<\/figure>\n\t<\/div>\n\n\t<div class=\"wpb_text_column wpb_content_element vc_custom_1771414949549\" >\n\t\t<div class=\"wpb_wrapper\">\n\t\t\t<h2>International factoring<\/h2>\n<p>International factoring (financing international trade receivables) is a modern way of financing Slovenian exporters in a quick and easy manner.<\/p>\n<p>We are a member of the international factoring organization <a href=\"https:\/\/fci.nl\/en\/home\" target=\"_blank\" rel=\"noopener noreferrer\">FCI<\/a> - Factors Chain International - FCI, which has more than 400 members (factors and banks) in 90 countries worldwide. The association provides its members with an unique network of cross-border factoring in the form of insurance and financing of receivables.<\/p>\n<p>As a member of the association <a href=\"\/storitve\/faktoring\/domaci-faktoring\/\" target=\"_blank\" rel=\"noopener noreferrer\">we offer domestic factoring<\/a> as well as <strong>international factoring to export and import companies.<\/strong>.<\/p>\n<p>In the context of international factoring, <strong>we can bear full risk for default of receivables<\/strong> that happens due to permanent or temporary insolvency of the foreign customer, and ensure collection or payment of 100% of the receivables\u2019 value. Learn more: insurance of receivables\u00a0<a href=\"\/storitve\/zavarovanje-terjatev\/\" target=\"_blank\" rel=\"noopener noreferrer\">insurance of receivables are extremely important.<\/a>.<\/p>\n<p>&nbsp;<\/p>\n<p>To receive an offer, please fill out\u00a0<a href=\"https:\/\/www.prvafina.si\/wp-content\/uploads\/2026\/02\/Obrazec-za-preverjanje-kupca.doc\">the Request for offer form.<\/a>.<\/p>\n<p>Check the list of countries where we offer international factoring service:\u00a0<a href=\"\/storitve\/faktoring\/mednarodni-faktoring\/pokritost\/\">LIST OF COUNTRIES<\/a>.<\/p>\n\n\t\t<\/div>\n\t<\/div>\n<div class=\"vc_empty_space\"   style=\"height: 32px\"><span class=\"vc_empty_space_inner\"><\/span><\/div>\n\t<div  class=\"wpb_single_image wpb_content_element vc_align_left wpb_content_element\">\n\t\t<h2 class=\"wpb_heading wpb_singleimage_heading\">What is the process of international factoring?<\/h2>\n\t\t<figure class=\"wpb_wrapper vc_figure\">\n\t\t\t<div class=\"vc_single_image-wrapper   vc_box_border_grey\"><img decoding=\"async\" class=\"vc_single_image-img\" src=\"https:\/\/www.prvafina.si\/wp-content\/uploads\/2022\/01\/international-factoring.png\" width=\"500\" height=\"500\" alt=\"International factoring\" title=\"International factoring\" loading=\"lazy\" \/><\/div>\n\t\t<\/figure>\n\t<\/div>\n\n\t<div class=\"wpb_text_column wpb_content_element\" >\n\t\t<div class=\"wpb_wrapper\">\n\t\t\t<p><strong>Business process:<\/strong><\/p>\n<p>1. The company wants financing.<br \/>\n2. The Prva finan\u010dna agencija (PFA) checks the possibility of granting a financing limit and payment insurance for the customer with the import factor abroad.<br \/>\n3. The import factor replies to the PFA: 100% approval\/partial approval\/refusal of financing limit and insurance.<br \/>\n4. The company supplies goods\/performs services and issues an invoice with agreed maturity.<br \/>\n5. The company sends this invoice to the PFA.<br \/>\n6. The PFA pays the company up to 95% of invoice value prior to its maturity.<br \/>\n7. The customer settles the invoice with the import factor at its maturity or within the agreed time limit.<br \/>\n8. The import factor makes a payment to the PFA.<br \/>\n9. The PFA pays the company the remaining value of the invoice.<\/p>\n\n\t\t<\/div>\n\t<\/div>\n<\/div><\/div><\/div><div class=\"wpb_column vc_column_container vc_col-sm-3\"><div class=\"vc_column-inner\"><div class=\"wpb_wrapper\">\n<div class=\"stm_sidebar\">\n\t<style type=\"text\/css\" scoped>\n\t\t.vc_custom_1457379228803{margin-bottom: 35px !important;}\t<\/style>\n\t<div class=\"wpb-content-wrapper\"><div class=\"vc_row wpb_row vc_row-fluid\"><div class=\"wpb_column vc_column_container vc_col-sm-12\"><div class=\"vc_column-inner vc_custom_1457379228803\"><div class=\"wpb_wrapper\"><div class=\"vc_wp_custommenu wpb_content_element\"><div class=\"widget widget_nav_menu\"><div class=\"menu-stranski-container\"><ul id=\"menu-stranski\" class=\"menu\"><li id=\"menu-item-1466\" class=\"menu-item menu-item-type-post_type menu-item-object-page menu-item-1466\"><a href=\"https:\/\/www.prvafina.si\/en\/storitve\/odkup-terjatev\/\">Purchase of receivables<\/a><\/li>\n<li id=\"menu-item-1238\" class=\"menu-item menu-item-type-post_type menu-item-object-page menu-item-has-children menu-item-1238\"><a href=\"https:\/\/www.prvafina.si\/en\/storitve\/faktoring\/\">Factoring<\/a>\n<ul class=\"sub-menu\">\n\t<li id=\"menu-item-1451\" class=\"menu-item menu-item-type-post_type menu-item-object-page menu-item-1451\"><a href=\"https:\/\/www.prvafina.si\/en\/storitve\/faktoring\/domaci-faktoring\/\">Domestic factoring<\/a><\/li>\n\t<li id=\"menu-item-1450\" class=\"menu-item menu-item-type-post_type menu-item-object-page menu-item-1450\"><a href=\"https:\/\/www.prvafina.si\/en\/storitve\/faktoring\/mednarodni-faktoring\/\">International factoring<\/a><\/li>\n\t<li id=\"menu-item-1878\" class=\"menu-item menu-item-type-post_type menu-item-object-page menu-item-1878\"><a href=\"https:\/\/www.prvafina.si\/en\/storitve\/faktoring\/dobaviteljski-faktoring\/\">Reverse factoring<\/a><\/li>\n<\/ul>\n<\/li>\n<li id=\"menu-item-1240\" class=\"menu-item menu-item-type-post_type menu-item-object-page menu-item-1240\"><a href=\"https:\/\/www.prvafina.si\/en\/storitve\/verizne-kompenzacije\/\">Chain compensations<\/a><\/li>\n<li id=\"menu-item-1241\" class=\"menu-item menu-item-type-post_type menu-item-object-page menu-item-1241\"><a href=\"https:\/\/www.prvafina.si\/en\/storitve\/preverba-bonitete\/\">Verification of creditworthiness<\/a><\/li>\n<li id=\"menu-item-1666\" class=\"menu-item menu-item-type-post_type menu-item-object-page menu-item-1666\"><a href=\"https:\/\/www.prvafina.si\/en\/storitve\/zavarovanje-terjatev\/\">Insurance od receivables<\/a><\/li>\n<\/ul><\/div><\/div><\/div><\/div><\/div><\/div><\/div>\n<\/div><\/div>\n<div class=\"stm_sidebar\">\n\t<style type=\"text\/css\" scoped>\n\t\t.vc_custom_1452056597103{margin-right: 0px !important;margin-bottom: 30px !important;margin-left: 0px !important;}.vc_custom_1452056633692{padding-top: 37px !important;padding-right: 30px !important;padding-bottom: 40px !important;padding-left: 30px !important;}.vc_custom_1457372225326{margin-bottom: 9px !important;}.vc_custom_1457372212108{margin-bottom: 17px !important;}.vc_custom_1457379228803{margin-bottom: 35px !important;}\t<\/style>\n\t<div class=\"wpb-content-wrapper\"><div class=\"vc_row wpb_row vc_row-fluid third_bg_color vc_custom_1452056597103\"><div class=\"wpb_column vc_column_container vc_col-sm-12\"><div class=\"vc_column-inner vc_custom_1452056633692\"><div class=\"wpb_wrapper\"><div class=\"vc_custom_heading vc_custom_1457372225326 text_align_left\" ><div style=\"font-size: 16px;color: #222222;text-align: left;font-family:Poppins;font-weight:600;font-style:normal\" >Request a call<\/div><\/div>\n\t<div class=\"wpb_text_column wpb_content_element vc_custom_1457372212108\" >\n\t\t<div class=\"wpb_wrapper\">\n\t\t\t<p>Contact us in order to find the best solution for your company.<\/p>\n\n\t\t<\/div>\n\t<\/div>\n<\/div><\/div><\/div><\/div><div class=\"vc_row wpb_row vc_row-fluid\"><div class=\"wpb_column vc_column_container vc_col-sm-12\"><div class=\"vc_column-inner vc_custom_1457379228803\"><div class=\"wpb_wrapper\"><div class=\"vc_wp_custommenu wpb_content_element\"><div class=\"widget widget_nav_menu\"><div class=\"menu-stranski-mednarodni-faktoring-container\"><ul id=\"menu-stranski-mednarodni-faktoring\" class=\"menu\"><li id=\"menu-item-1409\" class=\"menu-item menu-item-type-post_type menu-item-object-page menu-item-1409\"><a href=\"https:\/\/www.prvafina.si\/en\/storitve\/faktoring\/mednarodni-faktoring\/komu-namenjen\/\">Kaj je in komu je namenjen<\/a><\/li>\n<li id=\"menu-item-1410\" class=\"menu-item menu-item-type-post_type menu-item-object-page menu-item-1410\"><a href=\"https:\/\/www.prvafina.si\/en\/storitve\/faktoring\/mednarodni-faktoring\/kako-poteka\/\">Kako poteka<\/a><\/li>\n<li id=\"menu-item-1411\" class=\"menu-item menu-item-type-post_type menu-item-object-page menu-item-1411\"><a href=\"https:\/\/www.prvafina.si\/en\/storitve\/faktoring\/mednarodni-faktoring\/prednosti\/\">Prednosti<\/a><\/li>\n<li id=\"menu-item-1413\" class=\"menu-item menu-item-type-post_type menu-item-object-page menu-item-1413\"><a href=\"https:\/\/www.prvafina.si\/en\/storitve\/faktoring\/mednarodni-faktoring\/cena\/\">Cena<\/a><\/li>\n<li id=\"menu-item-1804\" class=\"menu-item menu-item-type-post_type menu-item-object-page menu-item-1804\"><a href=\"https:\/\/www.prvafina.si\/en\/storitve\/faktoring\/mednarodni-faktoring\/pokritost\/\">Pokritost<\/a><\/li>\n<\/ul><\/div><\/div><\/div><\/div><\/div><\/div><\/div><div class=\"vc_row wpb_row vc_row-fluid\"><div class=\"wpb_column vc_column_container vc_col-sm-12\"><div class=\"vc_column-inner\"><div class=\"wpb_wrapper\">\n\t<div class=\"stm_testimonials cols_2 style_1\">\n\t\t\t\t\t<div class=\"item\">\n\t\t\t\t<div class=\"testimonial\"><p>Factoring is a flexible and fast service compared to standard methods of financing through bank loans, which can be adjusted to the needs of the client.<\/p>\n<\/div>\n\t\t\t\t<div class=\"testimonial-info clearfix\">\n\t\t\t\t\t<div class=\"testimonial-image\"><img loading=\"lazy\" decoding=\"async\" width=\"50\" height=\"50\" src=\"https:\/\/www.prvafina.si\/wp-content\/uploads\/2016\/05\/nada_skoberne_1-50x50.jpg\" class=\"attachment-consulting-image-50x50-croped size-consulting-image-50x50-croped wp-post-image\" alt=\"\" srcset=\"https:\/\/www.prvafina.si\/wp-content\/uploads\/2016\/05\/nada_skoberne_1-50x50.jpg 50w, https:\/\/www.prvafina.si\/wp-content\/uploads\/2016\/05\/nada_skoberne_1-150x150.jpg 150w\" sizes=\"auto, (max-width: 50px) 100vw, 50px\" \/><\/div>\n\t\t\t\t\t<div class=\"testimonial-text\">\n\t\t\t\t\t\t<div class=\"name\">Nada \u0160koberne<\/div>\n\t\t\t\t\t\t<div class=\"company\">\n\t\t\t\t\t\t\tNada \u0160koberne, Ba of Economics\t\t\t\t\t\t<\/div>\n\t\t\t\t\t<\/div>\n\t\t\t\t<\/div>\n\t\t\t<\/div>\n\t\t\t<\/div>\n<\/div><\/div><\/div><\/div>\n<\/div><\/div><\/div><\/div><\/div><\/div><div data-vc-full-width=\"true\" data-vc-full-width-init=\"false\" class=\"vc_row wpb_row vc_row-fluid third_bg_color vc_custom_1451889219674\"><div class=\"wpb_column vc_column_container vc_col-sm-12\"><div class=\"vc_column-inner\"><div class=\"wpb_wrapper\"><section class=\"vc_cta3-container\"><div class=\"vc_general vc_do_cta3 vc_cta3 third_bg_color vc_cta3-style-flat vc_cta3-shape-square vc_cta3-align-left vc_cta3-color-classic vc_cta3-icon-size-md vc_cta3-actions-right vc_custom_1501086963916\"><div class=\"vc_cta3_content-container\"><div class=\"vc_cta3-content\"><header class=\"vc_cta3-content-header\"><div class=\"vc_custom_heading\" ><h2 style=\"font-size: 20px;color: #000000;line-height: 24px\" >Send an inquiry and get a competitive offer.<\/h2><\/div><\/header><\/div><div class=\"vc_cta3-actions\"><div class=\"vc_btn3-container vc_btn3-right\"><a class=\"vc_general vc_btn3 vc_btn3-size-md vc_btn3-shape-rounded vc_btn3-style-flat vc_btn3-block vc_btn3-icon-right vc_btn3-color-theme_style_2\" href=\"\/o-nas\/kontakt\/\" title=\"\" target=\"_self\">Contact us <i class=\"vc_btn3-icon fa fa-chevron-right\"><\/i><\/a><\/div>\n<\/div><\/div><\/div><\/section><\/div><\/div><\/div><\/div><div class=\"vc_row-full-width vc_clearfix\"><\/div>\n<\/div>","protected":false},"excerpt":{"rendered":"","protected":false},"author":1,"featured_media":1300,"parent":377,"menu_order":0,"comment_status":"closed","ping_status":"closed","template":"","meta":{"om_disable_all_campaigns":false,"_exactmetrics_skip_tracking":false,"_exactmetrics_sitenote_active":false,"_exactmetrics_sitenote_note":"","_exactmetrics_sitenote_category":0,"_monsterinsights_skip_tracking":false,"_monsterinsights_sitenote_active":false,"_monsterinsights_sitenote_note":"","_monsterinsights_sitenote_category":0,"_uf_show_specific_survey":0,"_uf_disable_surveys":false,"footnotes":""},"class_list":["post-1390","page","type-page","status-publish","has-post-thumbnail","hentry"],"yoast_head":"<!-- This site is optimized with the Yoast SEO plugin v26.8 - https:\/\/yoast.com\/product\/yoast-seo-wordpress\/ -->\n<title>Mednarodni faktoring - Prva finan\u010dna agencija - Izvozni faktoring<\/title>\n<meta name=\"description\" content=\"Mednarodni faktoring izvoznikom ali uvoznikom na sodoben na\u010din omogo\u010da hitro in enostavno financiranje in zavarovanje terjatev.\" \/>\n<meta name=\"robots\" content=\"index, follow, max-snippet:-1, max-image-preview:large, max-video-preview:-1\" \/>\n<link rel=\"canonical\" href=\"https:\/\/www.prvafina.si\/en\/storitve\/faktoring\/mednarodni-faktoring\/\" \/>\n<meta property=\"og:locale\" content=\"en_US\" \/>\n<meta property=\"og:type\" content=\"article\" \/>\n<meta property=\"og:title\" content=\"Mednarodni faktoring - Prva finan\u010dna agencija - Izvozni faktoring\" \/>\n<meta property=\"og:description\" content=\"Mednarodni faktoring izvoznikom ali uvoznikom na sodoben na\u010din omogo\u010da hitro in enostavno financiranje in zavarovanje terjatev.\" \/>\n<meta property=\"og:url\" content=\"https:\/\/www.prvafina.si\/en\/storitve\/faktoring\/mednarodni-faktoring\/\" \/>\n<meta property=\"og:site_name\" content=\"Prva finan\u010dna agencija\" \/>\n<meta property=\"article:modified_time\" content=\"2026-02-18T11:42:55+00:00\" \/>\n<meta property=\"og:image\" content=\"https:\/\/www.prvafina.si\/wp-content\/uploads\/2016\/03\/dobaviteljski.jpg\" \/>\n\t<meta property=\"og:image:width\" content=\"825\" \/>\n\t<meta property=\"og:image:height\" content=\"462\" \/>\n\t<meta property=\"og:image:type\" content=\"image\/jpeg\" \/>\n<meta name=\"twitter:card\" content=\"summary_large_image\" \/>\n<meta name=\"twitter:label1\" content=\"Est. reading time\" \/>\n\t<meta name=\"twitter:data1\" content=\"3 minutes\" \/>\n<script type=\"application\/ld+json\" class=\"yoast-schema-graph\">{\"@context\":\"https:\/\/schema.org\",\"@graph\":[{\"@type\":\"WebPage\",\"@id\":\"https:\/\/www.prvafina.si\/storitve\/faktoring\/mednarodni-faktoring\/\",\"url\":\"https:\/\/www.prvafina.si\/storitve\/faktoring\/mednarodni-faktoring\/\",\"name\":\"Mednarodni faktoring - Prva finan\u010dna agencija - Izvozni faktoring\",\"isPartOf\":{\"@id\":\"https:\/\/www.prvafina.si\/#website\"},\"primaryImageOfPage\":{\"@id\":\"https:\/\/www.prvafina.si\/storitve\/faktoring\/mednarodni-faktoring\/#primaryimage\"},\"image\":{\"@id\":\"https:\/\/www.prvafina.si\/storitve\/faktoring\/mednarodni-faktoring\/#primaryimage\"},\"thumbnailUrl\":\"https:\/\/www.prvafina.si\/wp-content\/uploads\/2016\/03\/dobaviteljski.jpg\",\"datePublished\":\"2016-04-06T19:43:50+00:00\",\"dateModified\":\"2026-02-18T11:42:55+00:00\",\"description\":\"Mednarodni faktoring izvoznikom ali uvoznikom na sodoben na\u010din omogo\u010da hitro in enostavno financiranje in zavarovanje terjatev.\",\"breadcrumb\":{\"@id\":\"https:\/\/www.prvafina.si\/storitve\/faktoring\/mednarodni-faktoring\/#breadcrumb\"},\"inLanguage\":\"en-US\",\"potentialAction\":[{\"@type\":\"ReadAction\",\"target\":[\"https:\/\/www.prvafina.si\/storitve\/faktoring\/mednarodni-faktoring\/\"]}]},{\"@type\":\"ImageObject\",\"inLanguage\":\"en-US\",\"@id\":\"https:\/\/www.prvafina.si\/storitve\/faktoring\/mednarodni-faktoring\/#primaryimage\",\"url\":\"https:\/\/www.prvafina.si\/wp-content\/uploads\/2016\/03\/dobaviteljski.jpg\",\"contentUrl\":\"https:\/\/www.prvafina.si\/wp-content\/uploads\/2016\/03\/dobaviteljski.jpg\",\"width\":825,\"height\":462},{\"@type\":\"BreadcrumbList\",\"@id\":\"https:\/\/www.prvafina.si\/storitve\/faktoring\/mednarodni-faktoring\/#breadcrumb\",\"itemListElement\":[{\"@type\":\"ListItem\",\"position\":1,\"name\":\"Home\",\"item\":\"https:\/\/www.prvafina.si\/\"},{\"@type\":\"ListItem\",\"position\":2,\"name\":\"Storitve\",\"item\":\"https:\/\/www.prvafina.si\/storitve\/\"},{\"@type\":\"ListItem\",\"position\":3,\"name\":\"Faktoring\",\"item\":\"https:\/\/www.prvafina.si\/storitve\/faktoring\/\"},{\"@type\":\"ListItem\",\"position\":4,\"name\":\"Mednarodni faktoring\"}]},{\"@type\":\"WebSite\",\"@id\":\"https:\/\/www.prvafina.si\/#website\",\"url\":\"https:\/\/www.prvafina.si\/\",\"name\":\"Prva finan\u010dna agencija\",\"description\":\"\",\"potentialAction\":[{\"@type\":\"SearchAction\",\"target\":{\"@type\":\"EntryPoint\",\"urlTemplate\":\"https:\/\/www.prvafina.si\/?s={search_term_string}\"},\"query-input\":{\"@type\":\"PropertyValueSpecification\",\"valueRequired\":true,\"valueName\":\"search_term_string\"}}],\"inLanguage\":\"en-US\"}]}<\/script>\n<!-- \/ Yoast SEO plugin. -->","yoast_head_json":{"title":"Mednarodni faktoring - Prva finan\u010dna agencija - Izvozni faktoring","description":"Mednarodni faktoring izvoznikom ali uvoznikom na sodoben na\u010din omogo\u010da hitro in enostavno financiranje in zavarovanje terjatev.","robots":{"index":"index","follow":"follow","max-snippet":"max-snippet:-1","max-image-preview":"max-image-preview:large","max-video-preview":"max-video-preview:-1"},"canonical":"https:\/\/www.prvafina.si\/en\/storitve\/faktoring\/mednarodni-faktoring\/","og_locale":"en_US","og_type":"article","og_title":"Mednarodni faktoring - Prva finan\u010dna agencija - Izvozni faktoring","og_description":"Mednarodni faktoring izvoznikom ali uvoznikom na sodoben na\u010din omogo\u010da hitro in enostavno financiranje in zavarovanje terjatev.","og_url":"https:\/\/www.prvafina.si\/en\/storitve\/faktoring\/mednarodni-faktoring\/","og_site_name":"Prva finan\u010dna agencija","article_modified_time":"2026-02-18T11:42:55+00:00","og_image":[{"width":825,"height":462,"url":"https:\/\/www.prvafina.si\/wp-content\/uploads\/2016\/03\/dobaviteljski.jpg","type":"image\/jpeg"}],"twitter_card":"summary_large_image","twitter_misc":{"Est. reading time":"3 minutes"},"schema":{"@context":"https:\/\/schema.org","@graph":[{"@type":"WebPage","@id":"https:\/\/www.prvafina.si\/storitve\/faktoring\/mednarodni-faktoring\/","url":"https:\/\/www.prvafina.si\/storitve\/faktoring\/mednarodni-faktoring\/","name":"Mednarodni faktoring - Prva finan\u010dna agencija - Izvozni faktoring","isPartOf":{"@id":"https:\/\/www.prvafina.si\/#website"},"primaryImageOfPage":{"@id":"https:\/\/www.prvafina.si\/storitve\/faktoring\/mednarodni-faktoring\/#primaryimage"},"image":{"@id":"https:\/\/www.prvafina.si\/storitve\/faktoring\/mednarodni-faktoring\/#primaryimage"},"thumbnailUrl":"https:\/\/www.prvafina.si\/wp-content\/uploads\/2016\/03\/dobaviteljski.jpg","datePublished":"2016-04-06T19:43:50+00:00","dateModified":"2026-02-18T11:42:55+00:00","description":"Mednarodni faktoring izvoznikom ali uvoznikom na sodoben na\u010din omogo\u010da hitro in enostavno financiranje in zavarovanje terjatev.","breadcrumb":{"@id":"https:\/\/www.prvafina.si\/storitve\/faktoring\/mednarodni-faktoring\/#breadcrumb"},"inLanguage":"en-US","potentialAction":[{"@type":"ReadAction","target":["https:\/\/www.prvafina.si\/storitve\/faktoring\/mednarodni-faktoring\/"]}]},{"@type":"ImageObject","inLanguage":"en-US","@id":"https:\/\/www.prvafina.si\/storitve\/faktoring\/mednarodni-faktoring\/#primaryimage","url":"https:\/\/www.prvafina.si\/wp-content\/uploads\/2016\/03\/dobaviteljski.jpg","contentUrl":"https:\/\/www.prvafina.si\/wp-content\/uploads\/2016\/03\/dobaviteljski.jpg","width":825,"height":462},{"@type":"BreadcrumbList","@id":"https:\/\/www.prvafina.si\/storitve\/faktoring\/mednarodni-faktoring\/#breadcrumb","itemListElement":[{"@type":"ListItem","position":1,"name":"Home","item":"https:\/\/www.prvafina.si\/"},{"@type":"ListItem","position":2,"name":"Storitve","item":"https:\/\/www.prvafina.si\/storitve\/"},{"@type":"ListItem","position":3,"name":"Faktoring","item":"https:\/\/www.prvafina.si\/storitve\/faktoring\/"},{"@type":"ListItem","position":4,"name":"Mednarodni faktoring"}]},{"@type":"WebSite","@id":"https:\/\/www.prvafina.si\/#website","url":"https:\/\/www.prvafina.si\/","name":"Prva finan\u010dna agencija","description":"","potentialAction":[{"@type":"SearchAction","target":{"@type":"EntryPoint","urlTemplate":"https:\/\/www.prvafina.si\/?s={search_term_string}"},"query-input":{"@type":"PropertyValueSpecification","valueRequired":true,"valueName":"search_term_string"}}],"inLanguage":"en-US"}]}},"_links":{"self":[{"href":"https:\/\/www.prvafina.si\/en\/wp-json\/wp\/v2\/pages\/1390","targetHints":{"allow":["GET"]}}],"collection":[{"href":"https:\/\/www.prvafina.si\/en\/wp-json\/wp\/v2\/pages"}],"about":[{"href":"https:\/\/www.prvafina.si\/en\/wp-json\/wp\/v2\/types\/page"}],"author":[{"embeddable":true,"href":"https:\/\/www.prvafina.si\/en\/wp-json\/wp\/v2\/users\/1"}],"replies":[{"embeddable":true,"href":"https:\/\/www.prvafina.si\/en\/wp-json\/wp\/v2\/comments?post=1390"}],"version-history":[{"count":40,"href":"https:\/\/www.prvafina.si\/en\/wp-json\/wp\/v2\/pages\/1390\/revisions"}],"predecessor-version":[{"id":3733,"href":"https:\/\/www.prvafina.si\/en\/wp-json\/wp\/v2\/pages\/1390\/revisions\/3733"}],"up":[{"embeddable":true,"href":"https:\/\/www.prvafina.si\/en\/wp-json\/wp\/v2\/pages\/377"}],"wp:featuredmedia":[{"embeddable":true,"href":"https:\/\/www.prvafina.si\/en\/wp-json\/wp\/v2\/media\/1300"}],"wp:attachment":[{"href":"https:\/\/www.prvafina.si\/en\/wp-json\/wp\/v2\/media?parent=1390"}],"curies":[{"name":"wp","href":"https:\/\/api.w.org\/{rel}","templated":true}]}}