{"id":1563,"date":"2017-05-15T12:42:58","date_gmt":"2017-05-15T10:42:58","guid":{"rendered":"http:\/\/prvafina.dev.tovarnaidej.com\/?page_id=1563"},"modified":"2026-02-18T13:15:50","modified_gmt":"2026-02-18T12:15:50","slug":"zavarovanje-terjatev","status":"publish","type":"page","link":"https:\/\/www.prvafina.si\/en\/storitve\/zavarovanje-terjatev\/","title":{"rendered":"Insurance od receivables"},"content":{"rendered":"<div class=\"wpb-content-wrapper\"><div class=\"vc_row wpb_row vc_row-fluid vc_custom_1451991003825\"><div class=\"wpb_column vc_column_container vc_col-sm-9\"><div class=\"vc_column-inner\"><div class=\"wpb_wrapper\">\n\t<div  class=\"wpb_single_image wpb_content_element vc_align_left wpb_content_element\">\n\t\t\n\t\t<figure class=\"wpb_wrapper vc_figure\">\n\t\t\t<div class=\"vc_single_image-wrapper   vc_box_border_grey\"><img decoding=\"async\" class=\"vc_single_image-img\" src=\"https:\/\/www.prvafina.si\/wp-content\/uploads\/2022\/01\/insurance-of-receivables.jpg\" width=\"825\" height=\"393\" alt=\"Insurance of receivables\" title=\"Insurance of receivables\" loading=\"lazy\" \/><\/div>\n\t\t<\/figure>\n\t<\/div>\n\n\t<div class=\"wpb_text_column wpb_content_element vc_custom_1500976675272\" >\n\t\t<div class=\"wpb_wrapper\">\n\t\t\t<h2>Insurance od receivables<\/h2>\n<p><strong>Insurance od receivables<\/strong> means that your international trade receivables are insured against the risk of a foreign customer\u2019s default.<br \/>\nPayment of your international trade receivables is also guaranteed if your customer does not settle their liability, and even in the case of their insolvency.<\/p>\n<p>Subject of insurance within the international factoring service are only the international trade receivables.<\/p>\n<p>We offer insurance of receivables upon prior verification of the foreign customer and up to the amount of the credit limit, which is determined on the basis of customer\u2019s creditworthiness.<\/p>\n\n\t\t<\/div>\n\t<\/div>\n<div class=\"vc_row wpb_row vc_inner vc_row-fluid\"><div class=\"wpb_column vc_column_container vc_col-sm-4\"><div class=\"vc_column-inner\"><div class=\"wpb_wrapper\">\n\t<div  class=\"wpb_single_image wpb_content_element vc_align_center wpb_content_element\">\n\t\t\n\t\t<figure class=\"wpb_wrapper vc_figure\">\n\t\t\t<div class=\"vc_single_image-wrapper   vc_box_border_grey\"><img loading=\"lazy\" decoding=\"async\" width=\"40\" height=\"40\" src=\"https:\/\/www.prvafina.si\/wp-content\/uploads\/2016\/04\/kljukica_blue2.png\" class=\"vc_single_image-img attachment-thumbnail\" alt=\"\" title=\"kljukica_blue2\" \/><\/div>\n\t\t<\/figure>\n\t<\/div>\n\n\t<div class=\"wpb_text_column wpb_content_element\" >\n\t\t<div class=\"wpb_wrapper\">\n\t\t\t<p style=\"text-align: center;\"><strong>100% payment<\/strong> in case of customer\u2019s default or their insolvency (in case of regular insurances this coverage is maximum 85%)<\/p>\n\n\t\t<\/div>\n\t<\/div>\n<\/div><\/div><\/div><div class=\"wpb_column vc_column_container vc_col-sm-4\"><div class=\"vc_column-inner\"><div class=\"wpb_wrapper\">\n\t<div  class=\"wpb_single_image wpb_content_element vc_align_center wpb_content_element\">\n\t\t\n\t\t<figure class=\"wpb_wrapper vc_figure\">\n\t\t\t<div class=\"vc_single_image-wrapper   vc_box_border_grey\"><img loading=\"lazy\" decoding=\"async\" width=\"40\" height=\"40\" src=\"https:\/\/www.prvafina.si\/wp-content\/uploads\/2016\/04\/kljukica_blue2.png\" class=\"vc_single_image-img attachment-thumbnail\" alt=\"\" title=\"kljukica_blue2\" \/><\/div>\n\t\t<\/figure>\n\t<\/div>\n\n\t<div class=\"wpb_text_column wpb_content_element\" >\n\t\t<div class=\"wpb_wrapper\">\n\t\t\t<p style=\"text-align: center;\"><strong>Insurance against one or more customers<\/strong><br \/>\n(regular insurances require insurance against the entire customer portfolio)<\/p>\n\n\t\t<\/div>\n\t<\/div>\n<\/div><\/div><\/div><div class=\"wpb_column vc_column_container vc_col-sm-4\"><div class=\"vc_column-inner\"><div class=\"wpb_wrapper\">\n\t<div  class=\"wpb_single_image wpb_content_element vc_align_center wpb_content_element\">\n\t\t\n\t\t<figure class=\"wpb_wrapper vc_figure\">\n\t\t\t<div class=\"vc_single_image-wrapper   vc_box_border_grey\"><img loading=\"lazy\" decoding=\"async\" width=\"40\" height=\"40\" src=\"https:\/\/www.prvafina.si\/wp-content\/uploads\/2016\/04\/kljukica_blue2.png\" class=\"vc_single_image-img attachment-thumbnail\" alt=\"\" title=\"kljukica_blue2\" \/><\/div>\n\t\t<\/figure>\n\t<\/div>\n\n\t<div class=\"wpb_text_column wpb_content_element\" >\n\t\t<div class=\"wpb_wrapper\">\n\t\t\t<p style=\"text-align: center;\"><strong>Free limit verification<\/strong> (prices usually range from EUR 20 onwards)<\/p>\n\n\t\t<\/div>\n\t<\/div>\n<\/div><\/div><\/div><\/div><div class=\"vc_empty_space\"   style=\"height: 32px\"><span class=\"vc_empty_space_inner\"><\/span><\/div><div class=\"vc_row wpb_row vc_inner vc_row-fluid\"><div class=\"wpb_column vc_column_container vc_col-sm-4\"><div class=\"vc_column-inner\"><div class=\"wpb_wrapper\">\n\t<div  class=\"wpb_single_image wpb_content_element vc_align_center wpb_content_element\">\n\t\t\n\t\t<figure class=\"wpb_wrapper vc_figure\">\n\t\t\t<div class=\"vc_single_image-wrapper   vc_box_border_grey\"><img loading=\"lazy\" decoding=\"async\" width=\"40\" height=\"40\" src=\"https:\/\/www.prvafina.si\/wp-content\/uploads\/2016\/04\/kljukica_blue2.png\" class=\"vc_single_image-img attachment-thumbnail\" alt=\"\" title=\"kljukica_blue2\" \/><\/div>\n\t\t<\/figure>\n\t<\/div>\n\n\t<div class=\"wpb_text_column wpb_content_element\" >\n\t\t<div class=\"wpb_wrapper\">\n\t\t\t<p style=\"text-align: center;\">Includes<br \/>\n<strong>insurance and financing<\/strong><br \/>\n(insurance companies do not offer financing of receivables)<\/p>\n\n\t\t<\/div>\n\t<\/div>\n<\/div><\/div><\/div><div class=\"wpb_column vc_column_container vc_col-sm-4\"><div class=\"vc_column-inner\"><div class=\"wpb_wrapper\">\n\t<div  class=\"wpb_single_image wpb_content_element vc_align_center wpb_content_element\">\n\t\t\n\t\t<figure class=\"wpb_wrapper vc_figure\">\n\t\t\t<div class=\"vc_single_image-wrapper   vc_box_border_grey\"><img loading=\"lazy\" decoding=\"async\" width=\"40\" height=\"40\" src=\"https:\/\/www.prvafina.si\/wp-content\/uploads\/2016\/04\/kljukica_blue2.png\" class=\"vc_single_image-img attachment-thumbnail\" alt=\"\" title=\"kljukica_blue2\" \/><\/div>\n\t\t<\/figure>\n\t<\/div>\n\n\t<div class=\"wpb_text_column wpb_content_element\" >\n\t\t<div class=\"wpb_wrapper\">\n\t\t\t<p style=\"text-align: center;\">The factor is in charge of <strong>recovery of receivables<\/strong> (with insurance agencies, the insurant must usually recover them)<\/p>\n\n\t\t<\/div>\n\t<\/div>\n<\/div><\/div><\/div><\/div><div class=\"vc_empty_space\"   style=\"height: 32px\"><span class=\"vc_empty_space_inner\"><\/span><\/div>\n\t<div class=\"wpb_text_column wpb_content_element vc_custom_1771416947329\" >\n\t\t<div class=\"wpb_wrapper\">\n\t\t\t<p><strong>Insurance of receivables is the most reliable form of insurance for your property against the potential default of your customer. Use it!<\/strong><\/p>\n<p>To receive an offer, please fill out <a href=\"https:\/\/www.prvafina.si\/wp-content\/uploads\/2026\/02\/Obrazec-za-preverjanje-kupca.doc\">the Request for offer form.<\/a>.<\/p>\n<p>List of counties where we can assist you is available here \u2013 <a href=\"http:\/\/www.prvafina.si\/wp-content\/uploads\/2017\/09\/map.pdf\">LIST OF COUNTRIES<\/a>.<\/p>\n\n\t\t<\/div>\n\t<\/div>\n<div class=\"vc_empty_space\"   style=\"height: 32px\"><span class=\"vc_empty_space_inner\"><\/span><\/div>\n\t<div  class=\"wpb_single_image wpb_content_element vc_align_left wpb_content_element wpb_animate_when_almost_visible wpb_left-to-right left-to-right\">\n\t\t<h2 class=\"wpb_heading wpb_singleimage_heading\">What is the process of insurance of receivables?<\/h2>\n\t\t<figure class=\"wpb_wrapper vc_figure\">\n\t\t\t<div class=\"vc_single_image-wrapper   vc_box_border_grey\"><img decoding=\"async\" class=\"vc_single_image-img\" src=\"https:\/\/www.prvafina.si\/wp-content\/uploads\/2022\/01\/insurance-of-receivables.png\" width=\"500\" height=\"500\" alt=\"Insurance od receivables\" title=\"Insurance od receivables\" loading=\"lazy\" \/><\/div>\n\t\t<\/figure>\n\t<\/div>\n\n\t<div class=\"wpb_text_column wpb_content_element\" >\n\t\t<div class=\"wpb_wrapper\">\n\t\t\t<p><strong>Business process:<\/strong><\/p>\n<p>1. The company would like insurance against default of a foreign customer.<br \/>\n2. The Prva finan\u010dna agencija (PFA) checks the possibility of acquiring a limit for payment insurance with the import factor abroad.<br \/>\n3. The import factor replies to the PFA: 100% approval\/partial approval\/refusal of limit for payment insurance.<br \/>\n4. The company supplies goods\/performs services and issues an invoice with agreed maturity.<br \/>\n5. The company sends this invoice to the PFA.<br \/>\n6. The customer settles the invoice with the import factor at its maturity or within the agreed time limit.<br \/>\n7. In case of late payment, the import factor urges the payment from the foreign customer.<br \/>\n8. After receiving payment from the customer, no later than 120 days after maturity of the invoice, the import factor makes a payment to the PFA.<br \/>\n9. The PFA pays the company the value of the invoice once we receive it from the import factor<\/p>\n\n\t\t<\/div>\n\t<\/div>\n\n\t<div class=\"wpb_text_column wpb_content_element\" >\n\t\t<div class=\"wpb_wrapper\">\n\t\t\t<blockquote><p>\nIn a case of foreign customer\u2019s default,<strong> we pay 100% of receivable\u2019s value to the company when it is 120 days past due.<\/strong>\n<\/p><\/blockquote>\n\n\t\t<\/div>\n\t<\/div>\n<\/div><\/div><\/div><div class=\"wpb_column vc_column_container vc_col-sm-3\"><div class=\"vc_column-inner\"><div class=\"wpb_wrapper\">\n<div class=\"stm_sidebar\">\n\t<style type=\"text\/css\" scoped>\n\t\t.vc_custom_1452056597103{margin-right: 0px !important;margin-bottom: 30px !important;margin-left: 0px !important;}.vc_custom_1451998133493{margin-bottom: 30px !important;}.vc_custom_1452056633692{padding-top: 37px !important;padding-right: 30px !important;padding-bottom: 40px !important;padding-left: 30px !important;}.vc_custom_1499862280819{margin-bottom: 9px !important;}.vc_custom_1457372212108{margin-bottom: 17px !important;}.vc_custom_1457379228803{margin-bottom: 35px !important;}.vc_custom_1617002103437{margin-bottom: 30px !important;}\t<\/style>\n\t<div class=\"wpb-content-wrapper\"><div class=\"vc_row wpb_row vc_row-fluid third_bg_color vc_custom_1452056597103\"><div class=\"wpb_column vc_column_container vc_col-sm-12\"><div class=\"vc_column-inner vc_custom_1452056633692\"><div class=\"wpb_wrapper\"><div class=\"vc_custom_heading vc_custom_1499862280819 text_align_left\" ><div style=\"font-size: 16px;color: #222222;text-align: left;font-family:Poppins;font-weight:600;font-style:normal\" ><a href=\"\/o-nas\/kontakt\/\">Request a call<\/a><\/div><\/div>\n\t<div class=\"wpb_text_column wpb_content_element vc_custom_1457372212108\" >\n\t\t<div class=\"wpb_wrapper\">\n\t\t\t<p>Contact us in order to find the best solution for your company.<\/p>\n\n\t\t<\/div>\n\t<\/div>\n<div class=\"vc_btn3-container vc_btn3-inline\"><a class=\"vc_general vc_btn3 vc_btn3-size-sm vc_btn3-shape-rounded vc_btn3-style-flat vc_btn3-icon-left vc_btn3-color-white\" href=\"\/o-nas\/kontakt\/\" title=\"\" target=\"_self\"><i class=\"vc_btn3-icon fa fa-phone-square\"><\/i> Contact us<\/a><\/div>\n<\/div><\/div><\/div><\/div><div class=\"vc_row wpb_row vc_row-fluid\"><div class=\"wpb_column vc_column_container vc_col-sm-12\"><div class=\"vc_column-inner vc_custom_1457379228803\"><div class=\"wpb_wrapper\"><div class=\"vc_wp_search wpb_content_element\"><aside class=\"widget widget_search\"><h5 class=\"widget_title\">Search<\/h5><form method=\"get\" class=\"search-form\" action=\"https:\/\/www.prvafina.si\/en\/\" data-trp-original-action=\"https:\/\/www.prvafina.si\/en\/\">\r\n\t<input type=\"search\" class=\"form-control\" placeholder=\"I\u0161\u010dipo strani...\" value=\"\" name=\"s\" \/>\r\n\t<button type=\"submit\"><i class=\"fa fa-search\"><\/i><\/button>\r\n<input type=\"hidden\" name=\"trp-form-language\" value=\"en\"\/><\/form><\/aside><\/div><div class=\"vc_wp_custommenu wpb_content_element\"><div class=\"widget widget_nav_menu\"><div class=\"menu-stranski-container\"><ul id=\"menu-stranski\" class=\"menu\"><li id=\"menu-item-1466\" class=\"menu-item menu-item-type-post_type menu-item-object-page menu-item-1466\"><a href=\"https:\/\/www.prvafina.si\/en\/storitve\/odkup-terjatev\/\">Purchase of receivables<\/a><\/li>\n<li id=\"menu-item-1238\" class=\"menu-item menu-item-type-post_type menu-item-object-page menu-item-has-children menu-item-1238\"><a href=\"https:\/\/www.prvafina.si\/en\/storitve\/faktoring\/\">Factoring<\/a>\n<ul class=\"sub-menu\">\n\t<li id=\"menu-item-1451\" class=\"menu-item menu-item-type-post_type menu-item-object-page menu-item-1451\"><a href=\"https:\/\/www.prvafina.si\/en\/storitve\/faktoring\/domaci-faktoring\/\">Domestic factoring<\/a><\/li>\n\t<li id=\"menu-item-1450\" class=\"menu-item menu-item-type-post_type menu-item-object-page menu-item-1450\"><a href=\"https:\/\/www.prvafina.si\/en\/storitve\/faktoring\/mednarodni-faktoring\/\">International factoring<\/a><\/li>\n\t<li id=\"menu-item-1878\" class=\"menu-item menu-item-type-post_type menu-item-object-page menu-item-1878\"><a href=\"https:\/\/www.prvafina.si\/en\/storitve\/faktoring\/dobaviteljski-faktoring\/\">Reverse factoring<\/a><\/li>\n<\/ul>\n<\/li>\n<li id=\"menu-item-1240\" class=\"menu-item menu-item-type-post_type menu-item-object-page menu-item-1240\"><a href=\"https:\/\/www.prvafina.si\/en\/storitve\/verizne-kompenzacije\/\">Chain compensations<\/a><\/li>\n<li id=\"menu-item-1241\" class=\"menu-item menu-item-type-post_type menu-item-object-page menu-item-1241\"><a href=\"https:\/\/www.prvafina.si\/en\/storitve\/preverba-bonitete\/\">Verification of creditworthiness<\/a><\/li>\n<li id=\"menu-item-1666\" class=\"menu-item menu-item-type-post_type menu-item-object-page menu-item-1666\"><a href=\"https:\/\/www.prvafina.si\/en\/storitve\/zavarovanje-terjatev\/\">Insurance od receivables<\/a><\/li>\n<\/ul><\/div><\/div><\/div><\/div><\/div><\/div><\/div><div class=\"vc_row wpb_row vc_row-fluid vc_custom_1451998133493\"><div class=\"wpb_column vc_column_container vc_col-sm-12\"><div class=\"vc_column-inner\"><div class=\"wpb_wrapper\"><div class=\"vc_btn3-container vc_btn3-left vc_custom_1617002103437\"><a class=\"vc_general vc_btn3 vc_btn3-size-lg vc_btn3-shape-rounded vc_btn3-style-flat vc_btn3-block vc_btn3-icon-left vc_btn3-color-theme_style_1\" href=\"\/wp-content\/uploads\/2017\/12\/Naroc%CC%8Cilo-za-preverjanje-1.doc\" title=\"\" target=\"_self\"><i class=\"vc_btn3-icon\"><\/i> Download<\/a><\/div>\n\n\t<div class=\"stm_testimonials cols_1 style_1\">\n\t\t\t\t\t<div class=\"item\">\n\t\t\t\t<div class=\"testimonial\"><p>Factoring is a flexible and fast service compared to standard methods of financing through bank loans, which can be adjusted to the needs of the client.<\/p>\n<\/div>\n\t\t\t\t<div class=\"testimonial-info clearfix\">\n\t\t\t\t\t<div class=\"testimonial-image\"><img loading=\"lazy\" decoding=\"async\" width=\"50\" height=\"50\" src=\"https:\/\/www.prvafina.si\/wp-content\/uploads\/2016\/05\/nada_skoberne_1-50x50.jpg\" class=\"attachment-consulting-image-50x50-croped size-consulting-image-50x50-croped wp-post-image\" alt=\"\" srcset=\"https:\/\/www.prvafina.si\/wp-content\/uploads\/2016\/05\/nada_skoberne_1-50x50.jpg 50w, https:\/\/www.prvafina.si\/wp-content\/uploads\/2016\/05\/nada_skoberne_1-150x150.jpg 150w\" sizes=\"auto, (max-width: 50px) 100vw, 50px\" \/><\/div>\n\t\t\t\t\t<div class=\"testimonial-text\">\n\t\t\t\t\t\t<div class=\"name\">Nada \u0160koberne<\/div>\n\t\t\t\t\t\t<div class=\"company\">\n\t\t\t\t\t\t\tNada \u0160koberne, Ba of Economics\t\t\t\t\t\t<\/div>\n\t\t\t\t\t<\/div>\n\t\t\t\t<\/div>\n\t\t\t<\/div>\n\t\t\t<\/div>\n<\/div><\/div><\/div><\/div><div class=\"vc_row wpb_row vc_row-fluid\"><div class=\"wpb_column vc_column_container vc_col-sm-12\"><div class=\"vc_column-inner\"><div class=\"wpb_wrapper\"><\/div><\/div><\/div><\/div>\n<\/div><\/div><\/div><\/div><\/div><\/div><div data-vc-full-width=\"true\" data-vc-full-width-init=\"false\" class=\"vc_row wpb_row vc_row-fluid third_bg_color vc_custom_1451889219674\"><div class=\"wpb_column vc_column_container vc_col-sm-12\"><div class=\"vc_column-inner\"><div class=\"wpb_wrapper\"><section class=\"vc_cta3-container\"><div class=\"vc_general vc_do_cta3 vc_cta3 third_bg_color vc_cta3-style-flat vc_cta3-shape-square vc_cta3-align-left vc_cta3-color-classic vc_cta3-icon-size-md vc_cta3-actions-right vc_custom_1501157851901\"><div class=\"vc_cta3_content-container\"><div class=\"vc_cta3-content\"><header class=\"vc_cta3-content-header\"><div class=\"vc_custom_heading\" ><h2 style=\"font-size: 20px;color: #000000;line-height: 24px\" >Searching for a solution?<\/h2><\/div><\/header><\/div><div class=\"vc_cta3-actions\"><div class=\"vc_btn3-container vc_btn3-right\"><a class=\"vc_general vc_btn3 vc_btn3-size-md vc_btn3-shape-rounded vc_btn3-style-flat vc_btn3-block vc_btn3-icon-right vc_btn3-color-theme_style_2\" href=\"\/o-nas\/kontakt\/\" title=\"\" target=\"_self\">Contact us <i class=\"vc_btn3-icon fa fa-chevron-right\"><\/i><\/a><\/div>\n<\/div><\/div><\/div><\/section><\/div><\/div><\/div><\/div><div class=\"vc_row-full-width vc_clearfix\"><\/div>\n<\/div>","protected":false},"excerpt":{"rendered":"","protected":false},"author":1,"featured_media":0,"parent":9,"menu_order":0,"comment_status":"closed","ping_status":"closed","template":"","meta":{"om_disable_all_campaigns":false,"_exactmetrics_skip_tracking":false,"_exactmetrics_sitenote_active":false,"_exactmetrics_sitenote_note":"","_exactmetrics_sitenote_category":0,"_monsterinsights_skip_tracking":false,"_monsterinsights_sitenote_active":false,"_monsterinsights_sitenote_note":"","_monsterinsights_sitenote_category":0,"_uf_show_specific_survey":0,"_uf_disable_surveys":false,"footnotes":""},"class_list":["post-1563","page","type-page","status-publish","hentry"],"yoast_head":"<!-- This site is optimized with the Yoast SEO plugin v26.8 - https:\/\/yoast.com\/product\/yoast-seo-wordpress\/ -->\n<title>Zavarovanje terjatev - Prva finan\u010dna agencija - 100% kritje, brezpla\u010dni limiti<\/title>\n<meta name=\"description\" content=\"Zavarovanje terjatev | 100% popla\u010dilo terjatev | Nudimo ve\u010dje kritje in bolj\u0161e ostale pogoje, kakor jo nudijo klasi\u010dna zavarovanja. Kliknite in preverite!\" \/>\n<meta name=\"robots\" content=\"index, follow, max-snippet:-1, max-image-preview:large, max-video-preview:-1\" \/>\n<link rel=\"canonical\" href=\"https:\/\/www.prvafina.si\/en\/storitve\/zavarovanje-terjatev\/\" \/>\n<meta property=\"og:locale\" content=\"en_US\" \/>\n<meta property=\"og:type\" content=\"article\" \/>\n<meta property=\"og:title\" content=\"Zavarovanje terjatev - Prva finan\u010dna agencija - 100% kritje, brezpla\u010dni limiti\" \/>\n<meta property=\"og:description\" content=\"Zavarovanje terjatev | 100% popla\u010dilo terjatev | Nudimo ve\u010dje kritje in bolj\u0161e ostale pogoje, kakor jo nudijo klasi\u010dna zavarovanja. Kliknite in preverite!\" \/>\n<meta property=\"og:url\" content=\"https:\/\/www.prvafina.si\/en\/storitve\/zavarovanje-terjatev\/\" \/>\n<meta property=\"og:site_name\" content=\"Prva finan\u010dna agencija\" \/>\n<meta property=\"article:modified_time\" content=\"2026-02-18T12:15:50+00:00\" \/>\n<meta name=\"twitter:card\" content=\"summary_large_image\" \/>\n<meta name=\"twitter:label1\" content=\"Est. reading time\" \/>\n\t<meta name=\"twitter:data1\" content=\"4 minutes\" \/>\n<script type=\"application\/ld+json\" class=\"yoast-schema-graph\">{\"@context\":\"https:\/\/schema.org\",\"@graph\":[{\"@type\":\"WebPage\",\"@id\":\"https:\/\/www.prvafina.si\/storitve\/zavarovanje-terjatev\/\",\"url\":\"https:\/\/www.prvafina.si\/storitve\/zavarovanje-terjatev\/\",\"name\":\"Zavarovanje terjatev - Prva finan\u010dna agencija - 100% kritje, brezpla\u010dni limiti\",\"isPartOf\":{\"@id\":\"https:\/\/www.prvafina.si\/#website\"},\"datePublished\":\"2017-05-15T10:42:58+00:00\",\"dateModified\":\"2026-02-18T12:15:50+00:00\",\"description\":\"Zavarovanje terjatev | 100% popla\u010dilo terjatev | Nudimo ve\u010dje kritje in bolj\u0161e ostale pogoje, kakor jo nudijo klasi\u010dna zavarovanja. Kliknite in preverite!\",\"breadcrumb\":{\"@id\":\"https:\/\/www.prvafina.si\/storitve\/zavarovanje-terjatev\/#breadcrumb\"},\"inLanguage\":\"en-US\",\"potentialAction\":[{\"@type\":\"ReadAction\",\"target\":[\"https:\/\/www.prvafina.si\/storitve\/zavarovanje-terjatev\/\"]}]},{\"@type\":\"BreadcrumbList\",\"@id\":\"https:\/\/www.prvafina.si\/storitve\/zavarovanje-terjatev\/#breadcrumb\",\"itemListElement\":[{\"@type\":\"ListItem\",\"position\":1,\"name\":\"Home\",\"item\":\"https:\/\/www.prvafina.si\/\"},{\"@type\":\"ListItem\",\"position\":2,\"name\":\"Storitve\",\"item\":\"https:\/\/www.prvafina.si\/storitve\/\"},{\"@type\":\"ListItem\",\"position\":3,\"name\":\"Zavarovanje terjatev\"}]},{\"@type\":\"WebSite\",\"@id\":\"https:\/\/www.prvafina.si\/#website\",\"url\":\"https:\/\/www.prvafina.si\/\",\"name\":\"Prva finan\u010dna agencija\",\"description\":\"\",\"potentialAction\":[{\"@type\":\"SearchAction\",\"target\":{\"@type\":\"EntryPoint\",\"urlTemplate\":\"https:\/\/www.prvafina.si\/?s={search_term_string}\"},\"query-input\":{\"@type\":\"PropertyValueSpecification\",\"valueRequired\":true,\"valueName\":\"search_term_string\"}}],\"inLanguage\":\"en-US\"}]}<\/script>\n<!-- \/ Yoast SEO plugin. -->","yoast_head_json":{"title":"Zavarovanje terjatev - Prva finan\u010dna agencija - 100% kritje, brezpla\u010dni limiti","description":"Zavarovanje terjatev | 100% popla\u010dilo terjatev | Nudimo ve\u010dje kritje in bolj\u0161e ostale pogoje, kakor jo nudijo klasi\u010dna zavarovanja. Kliknite in preverite!","robots":{"index":"index","follow":"follow","max-snippet":"max-snippet:-1","max-image-preview":"max-image-preview:large","max-video-preview":"max-video-preview:-1"},"canonical":"https:\/\/www.prvafina.si\/en\/storitve\/zavarovanje-terjatev\/","og_locale":"en_US","og_type":"article","og_title":"Zavarovanje terjatev - Prva finan\u010dna agencija - 100% kritje, brezpla\u010dni limiti","og_description":"Zavarovanje terjatev | 100% popla\u010dilo terjatev | Nudimo ve\u010dje kritje in bolj\u0161e ostale pogoje, kakor jo nudijo klasi\u010dna zavarovanja. Kliknite in preverite!","og_url":"https:\/\/www.prvafina.si\/en\/storitve\/zavarovanje-terjatev\/","og_site_name":"Prva finan\u010dna agencija","article_modified_time":"2026-02-18T12:15:50+00:00","twitter_card":"summary_large_image","twitter_misc":{"Est. reading time":"4 minutes"},"schema":{"@context":"https:\/\/schema.org","@graph":[{"@type":"WebPage","@id":"https:\/\/www.prvafina.si\/storitve\/zavarovanje-terjatev\/","url":"https:\/\/www.prvafina.si\/storitve\/zavarovanje-terjatev\/","name":"Zavarovanje terjatev - Prva finan\u010dna agencija - 100% kritje, brezpla\u010dni limiti","isPartOf":{"@id":"https:\/\/www.prvafina.si\/#website"},"datePublished":"2017-05-15T10:42:58+00:00","dateModified":"2026-02-18T12:15:50+00:00","description":"Zavarovanje terjatev | 100% popla\u010dilo terjatev | Nudimo ve\u010dje kritje in bolj\u0161e ostale pogoje, kakor jo nudijo klasi\u010dna zavarovanja. Kliknite in preverite!","breadcrumb":{"@id":"https:\/\/www.prvafina.si\/storitve\/zavarovanje-terjatev\/#breadcrumb"},"inLanguage":"en-US","potentialAction":[{"@type":"ReadAction","target":["https:\/\/www.prvafina.si\/storitve\/zavarovanje-terjatev\/"]}]},{"@type":"BreadcrumbList","@id":"https:\/\/www.prvafina.si\/storitve\/zavarovanje-terjatev\/#breadcrumb","itemListElement":[{"@type":"ListItem","position":1,"name":"Home","item":"https:\/\/www.prvafina.si\/"},{"@type":"ListItem","position":2,"name":"Storitve","item":"https:\/\/www.prvafina.si\/storitve\/"},{"@type":"ListItem","position":3,"name":"Zavarovanje terjatev"}]},{"@type":"WebSite","@id":"https:\/\/www.prvafina.si\/#website","url":"https:\/\/www.prvafina.si\/","name":"Prva finan\u010dna agencija","description":"","potentialAction":[{"@type":"SearchAction","target":{"@type":"EntryPoint","urlTemplate":"https:\/\/www.prvafina.si\/?s={search_term_string}"},"query-input":{"@type":"PropertyValueSpecification","valueRequired":true,"valueName":"search_term_string"}}],"inLanguage":"en-US"}]}},"_links":{"self":[{"href":"https:\/\/www.prvafina.si\/en\/wp-json\/wp\/v2\/pages\/1563","targetHints":{"allow":["GET"]}}],"collection":[{"href":"https:\/\/www.prvafina.si\/en\/wp-json\/wp\/v2\/pages"}],"about":[{"href":"https:\/\/www.prvafina.si\/en\/wp-json\/wp\/v2\/types\/page"}],"author":[{"embeddable":true,"href":"https:\/\/www.prvafina.si\/en\/wp-json\/wp\/v2\/users\/1"}],"replies":[{"embeddable":true,"href":"https:\/\/www.prvafina.si\/en\/wp-json\/wp\/v2\/comments?post=1563"}],"version-history":[{"count":56,"href":"https:\/\/www.prvafina.si\/en\/wp-json\/wp\/v2\/pages\/1563\/revisions"}],"predecessor-version":[{"id":3575,"href":"https:\/\/www.prvafina.si\/en\/wp-json\/wp\/v2\/pages\/1563\/revisions\/3575"}],"up":[{"embeddable":true,"href":"https:\/\/www.prvafina.si\/en\/wp-json\/wp\/v2\/pages\/9"}],"wp:attachment":[{"href":"https:\/\/www.prvafina.si\/en\/wp-json\/wp\/v2\/media?parent=1563"}],"curies":[{"name":"wp","href":"https:\/\/api.w.org\/{rel}","templated":true}]}}