{"id":9,"date":"2015-12-15T07:37:33","date_gmt":"2015-12-15T07:37:33","guid":{"rendered":"http:\/\/consulting.stylemixthemes.com\/demo\/?page_id=9"},"modified":"2017-07-26T18:34:29","modified_gmt":"2017-07-26T16:34:29","slug":"storitve","status":"publish","type":"page","link":"https:\/\/www.prvafina.si\/en\/storitve\/","title":{"rendered":"Services"},"content":{"rendered":"<div class=\"wpb-content-wrapper\"><div class=\"vc_row wpb_row vc_row-fluid vc_custom_1451991003825\"><div class=\"wpb_column vc_column_container vc_col-sm-12 vc_col-lg-9 vc_col-md-9\"><div class=\"vc_column-inner\"><div class=\"wpb_wrapper\">\n<div id=\"rev_slider_2_1_wrapper\" class=\"rev_slider_wrapper fullwidthbanner-container\" style=\"margin:0px auto;background-color:transparent;padding:0px;margin-top:0px;margin-bottom:0px;\">\n<!-- START REVOLUTION SLIDER 5.1.6 auto mode -->\n\t<div id=\"rev_slider_2_1\" class=\"rev_slider fullwidthabanner\" style=\"display:none;\" data-version=\"5.1.6\">\n<ul>\t<!-- SLIDE  -->\n\t<li data-index=\"rs-4\" data-transition=\"slideleft\" data-slotamount=\"default\" data-hideafterloop=\"1\" data-hideslideonmobile=\"off\"  data-easein=\"default\" data-easeout=\"default\" data-masterspeed=\"default\"  data-thumb=\"https:\/\/www.prvafina.si\/wp-content\/uploads\/2016\/03\/storitev1-100x50.jpg\"  data-rotate=\"0\"  data-saveperformance=\"off\"  class=\"third_bg_color\" data-title=\"Slide\" data-param1=\"\" data-param2=\"\" data-param3=\"\" data-param4=\"\" data-param5=\"\" data-param6=\"\" data-param7=\"\" data-param8=\"\" data-param9=\"\" data-param10=\"\" data-description=\"\">\n\t\t<!-- MAIN IMAGE -->\n\t\t<img loading=\"lazy\" decoding=\"async\" src=\"https:\/\/www.prvafina.si\/wp-content\/uploads\/2016\/03\/storitev1.jpg\"  alt=\"\"  width=\"825\" height=\"462\" data-bgposition=\"center center\" data-bgfit=\"cover\" data-bgrepeat=\"no-repeat\" class=\"rev-slidebg\" data-no-retina>\n\t\t<!-- LAYERS -->\n\n\t\t<!-- LAYER NR. 1 -->\n\t\t<div class=\"tp-caption   tp-resizeme\" \n\t\t\t id=\"slide-4-layer-2\" \n\t\t\t data-x=\"67\" \n\t\t\t data-y=\"80\" \n\t\t\t\t\t\tdata-width=\"['auto']\"\n\t\t\tdata-height=\"['auto']\"\n\t\t\tdata-transform_idle=\"o:1;\"\n \n\t\t\t data-transform_in=\"opacity:0;s:300;e:Power2.easeInOut;\" \n\t\t\t data-transform_out=\"opacity:0;s:300;s:300;\" \n\t\t\tdata-start=\"500\" \n\t\t\tdata-splitin=\"none\" \n\t\t\tdata-splitout=\"none\" \n\t\t\tdata-responsive_offset=\"on\" \n\n\t\t\t data-end=\"9000\" \n\n\t\t\tstyle=\"z-index: 5; white-space: nowrap; font-size: 20px; line-height: 22px; font-weight: 400; color: rgba(255, 255, 255, 1.00);\"><div class=\"consulting-rev-title-3\">\nImate terjatve, denar<br\/>\npotrebujete takoj?\n<\/div> \n\t\t<\/div>\n\n\t\t<!-- LAYER NR. 2 -->\n\t\t<div class=\"tp-caption   tp-resizeme\" \n\t\t\t id=\"slide-4-layer-3\" \n\t\t\t data-x=\"67\" \n\t\t\t data-y=\"194\" \n\t\t\t\t\t\tdata-width=\"['auto']\"\n\t\t\tdata-height=\"['auto']\"\n\t\t\tdata-transform_idle=\"o:1;\"\n \n\t\t\t data-transform_in=\"opacity:0;s:300;e:Power2.easeInOut;\" \n\t\t\t data-transform_out=\"opacity:0;s:300;s:300;\" \n\t\t\tdata-start=\"500\" \n\t\t\tdata-splitin=\"none\" \n\t\t\tdata-splitout=\"none\" \n\t\t\tdata-responsive_offset=\"on\" \n\n\t\t\t data-end=\"9000\" \n\n\t\t\tstyle=\"z-index: 6; white-space: nowrap; font-size: 20px; line-height: 22px; font-weight: 400; color: rgba(255, 255, 255, 1.00);\"><div class=\"consulting-rev-text-2\">\nFaktoring je za vas najbolj\u0161a alternativa  financiranja<br\/> omogo\u010da rast malih, srednjih podjetij in podjetnikov\n<\/div> \n\t\t<\/div>\n\n\t\t<!-- LAYER NR. 3 -->\n\t\t<div class=\"tp-caption   tp-resizeme\" \n\t\t\t id=\"slide-4-layer-4\" \n\t\t\t data-x=\"67\" \n\t\t\t data-y=\"272\" \n\t\t\t\t\t\tdata-width=\"['auto']\"\n\t\t\tdata-height=\"['auto']\"\n\t\t\tdata-transform_idle=\"o:1;\"\n \n\t\t\t data-transform_in=\"opacity:0;s:300;e:Power2.easeInOut;\" \n\t\t\t data-transform_out=\"opacity:0;s:300;s:300;\" \n\t\t\tdata-start=\"500\" \n\t\t\tdata-splitin=\"none\" \n\t\t\tdata-splitout=\"none\" \n\t\t\tdata-responsive_offset=\"on\" \n\n\t\t\t data-end=\"9000\" \n\n\t\t\tstyle=\"z-index: 7; white-space: nowrap; font-size: 20px; line-height: 22px; font-weight: 400; color: rgba(255, 255, 255, 1.00);\"><a href=\"http:\/\/prvafina.dev.tovarnaidej.com\/o-nas\/kontakt\/\" class=\"button icon_right bordered theme_style_2\">Povpra\u0161evanje<i class=\"fa fa-chevron-right\"><\/i><\/a> \n\t\t<\/div>\n\t<\/li>\n<\/ul>\n<div class=\"tp-bannertimer tp-bottom\" style=\"visibility: hidden !important;\"><\/div>\t<\/div>\n<script>var htmlDiv = document.getElementById(\"rs-plugin-settings-inline-css\"); var htmlDivCss=\"\";\r\n\t\t\t\tif(htmlDiv) {\r\n\t\t\t\t\thtmlDiv.innerHTML = htmlDiv.innerHTML + htmlDivCss;\r\n\t\t\t\t}else{\r\n\t\t\t\t\tvar htmlDiv = document.createElement(\"div\");\r\n\t\t\t\t\thtmlDiv.innerHTML = \"<style>\" + htmlDivCss + \"<\/style>\";\r\n\t\t\t\t\tdocument.getElementsByTagName(\"head\")[0].appendChild(htmlDiv.childNodes[0]);\r\n\t\t\t\t}\r\n\t\t\t<\/script>\n\t\t<script type=\"text\/javascript\">\r\n\t\t\t\t\t\t\/******************************************\r\n\t\t\t\t-\tPREPARE PLACEHOLDER FOR SLIDER\t-\r\n\t\t\t******************************************\/\r\n\r\n\t\t\tvar setREVStartSize=function(){\r\n\t\t\t\ttry{var e=new Object,i=jQuery(window).width(),t=9999,r=0,n=0,l=0,f=0,s=0,h=0;\r\n\t\t\t\t\te.c = jQuery('#rev_slider_2_1');\r\n\t\t\t\t\te.gridwidth = [825];\r\n\t\t\t\t\te.gridheight = [407];\r\n\t\t\t\t\t\t\t\r\n\t\t\t\t\te.sliderLayout = \"auto\";\r\n\t\t\t\t\tif(e.responsiveLevels&&(jQuery.each(e.responsiveLevels,function(e,f){f>i&&(t=r=f,l=e),i>f&&f>r&&(r=f,n=e)}),t>r&&(l=n)),f=e.gridheight[l]||e.gridheight[0]||e.gridheight,s=e.gridwidth[l]||e.gridwidth[0]||e.gridwidth,h=i\/s,h=h>1?1:h,f=Math.round(h*f),\"fullscreen\"==e.sliderLayout){var u=(e.c.width(),jQuery(window).height());if(void 0!=e.fullScreenOffsetContainer){var c=e.fullScreenOffsetContainer.split(\",\");if (c) jQuery.each(c,function(e,i){u=jQuery(i).length>0?u-jQuery(i).outerHeight(!0):u}),e.fullScreenOffset.split(\"%\").length>1&&void 0!=e.fullScreenOffset&&e.fullScreenOffset.length>0?u-=jQuery(window).height()*parseInt(e.fullScreenOffset,0)\/100:void 0!=e.fullScreenOffset&&e.fullScreenOffset.length>0&&(u-=parseInt(e.fullScreenOffset,0))}f=u}else void 0!=e.minHeight&&f<e.minHeight&&(f=e.minHeight);e.c.closest(\".rev_slider_wrapper\").css({height:f})\r\n\t\t\t\t\t\r\n\t\t\t\t}catch(d){console.log(\"Failure at Presize of Slider:\"+d)}\r\n\t\t\t};\r\n\t\t\t\t\t\t\r\n\t\t\t\t\r\n\t\t\tsetREVStartSize();\r\n\t\t\tfunction revslider_showDoubleJqueryError(sliderID) {\r\n\t\t\t\t\tvar errorMessage = \"Revolution Slider Error: You have some jquery.js library include that comes after the revolution files js include.\";\r\n\t\t\t\t\terrorMessage += \"<br> This includes make eliminates the revolution slider libraries, and make it not work.\";\r\n\t\t\t\t\terrorMessage += \"<br><br> To fix it you can:<br>&nbsp;&nbsp;&nbsp; 1. In the Slider Settings -> Troubleshooting set option:  <strong><b>Put JS Includes To Body<\/b><\/strong> option to true.\";\r\n\t\t\t\t\terrorMessage += \"<br>&nbsp;&nbsp;&nbsp; 2. Find the double jquery.js include and remove it.\";\r\n\t\t\t\t\terrorMessage = \"<span style='font-size:16px;color:#BC0C06;'>\" + errorMessage + \"<\/span>\";\r\n\t\t\t\t\t\tjQuery(sliderID).show().html(errorMessage);\r\n\t\t\t\t}\r\n\t\t\t\t\t\tvar tpj=jQuery;\r\n\t\t\t\r\n\t\t\tvar revapi2;\r\n\t\t\ttpj(document).ready(function() {\n\t\t\t\tif(tpj(\"#rev_slider_2_1\").revolution == undefined){\n\t\t\t\t\trevslider_showDoubleJqueryError(\"#rev_slider_2_1\");\n\t\t\t\t}else{\n\t\t\t\t\trevapi2 = tpj(\"#rev_slider_2_1\").show().revolution({\n\t\t\t\t\t\tsliderType:\"hero\",\njsFileLocation:\"\/\/www.prvafina.si\/wp-content\/plugins\/revslider\/public\/assets\/js\/\",\n\t\t\t\t\t\tsliderLayout:\"auto\",\n\t\t\t\t\t\tdottedOverlay:\"none\",\n\t\t\t\t\t\tdelay:9000,\n\t\t\t\t\t\tnavigation: {\n\t\t\t\t\t\t},\n\t\t\t\t\t\tvisibilityLevels:[1240,1024,778,480],\n\t\t\t\t\t\tgridwidth:825,\n\t\t\t\t\t\tgridheight:407,\n\t\t\t\t\t\tlazyType:\"none\",\n\t\t\t\t\t\tshadow:0,\n\t\t\t\t\t\tspinner:\"spinner0\",\n\t\t\t\t\t\tautoHeight:\"off\",\n\t\t\t\t\t\tdisableProgressBar:\"on\",\n\t\t\t\t\t\thideThumbsOnMobile:\"off\",\n\t\t\t\t\t\thideSliderAtLimit:0,\n\t\t\t\t\t\thideCaptionAtLimit:0,\n\t\t\t\t\t\thideAllCaptionAtLilmit:0,\n\t\t\t\t\t\tdebugMode:false,\n\t\t\t\t\t\tfallbacks: {\n\t\t\t\t\t\t\tsimplifyAll:\"off\",\n\t\t\t\t\t\t\tdisableFocusListener:false,\n\t\t\t\t\t\t}\n\t\t\t\t\t});\n\t\t\t\t}\n\t\t\t});\t\/*ready*\/\n\t\t<\/script>\r\n\t\t<\/div><!-- END REVOLUTION SLIDER -->\n\t<div class=\"wpb_text_column wpb_content_element vc_custom_1494331774623\" >\n\t\t<div class=\"wpb_wrapper\">\n\t\t\t<h1 class=\"main\">Produkti in storitve<\/h1>\n<p>Ali imate te\u017eave zaradi nepla\u010dnikov? Primanjkuje vam likvidnih sredstev za pravo\u010dasno pla\u010dilo davka ali izpla\u010dilo pla\u010d?<\/p>\n<p>Va\u0161e terjatve zapadejo v pla\u010dilo \u0161ele po nekaj mesecih, denar pa potrebujete sedaj.<\/p>\n<p>\u017de ve\u010d kot 1000 na\u0161ih strank vsak mesec odprodaja svoje terjatve in z na\u0161o pomo\u010djo zagotavlja likvidno poslovanje svojega podjetja ali dejavnosti.\u00a0 S storitvami Prve finan\u010dne agencije lahko v najkraj\u0161em \u010dasu unov\u010dite svoje terjatve in pravo\u010dasno poravnate svoje obveznosti.<\/p>\n\n\t\t<\/div>\n\t<\/div>\n\n\t<div class=\"wpb_text_column wpb_content_element vc_custom_1494327433715\" >\n\t\t<div class=\"wpb_wrapper\">\n\t\t\t<blockquote><p>\nOmogo\u010damo vam takoj\u0161nje pla\u010dilo izdani faktur. Poskrbite za zdrav denarni tok in vir financiranja naj bodo va\u0161e terjatve in ne posojila pri bankah.\n<\/p><\/blockquote>\n\n\t\t<\/div>\n\t<\/div>\n<div class=\"vc_row wpb_row vc_inner vc_row-fluid\"><div class=\"wpb_column vc_column_container vc_col-sm-6\"><div class=\"vc_column-inner\"><div class=\"wpb_wrapper\"><div class=\"vc_custom_heading no_stripe vc_custom_1494331812846 text_align_left\" ><h4 style=\"color: #222222;text-align: left\" >Na\u0161e poslanstvo<\/h4><\/div>\n\t<div class=\"wpb_text_column wpb_content_element\" >\n\t\t<div class=\"wpb_wrapper\">\n\t\t\t<p class=\"align-justify\">Ve\u010dina slovenskih podjetij se \u0161e zmeraj sre\u010duje s problemom pla\u010dilne nediscipline. V verigi poslovnih partnerjev pla\u010dilna nedisciplina vodi do nelikvidnosti podjetij. Naj\u0161ibkej\u0161i v tej verigi gospodarskih subjektov na koncu podle\u017eejo finan\u010dnemu pritisku in bankrotirajo. Ste\u010dajni postopki in prisilne poravnave so \u0161e vedno prepogost vzrok za izgubo na\u0161ih terjatev. Ve\u010d kot je neunov\u010denih terjatev, vi\u0161ja je stopnja tveganja za poslovanje. Osnovno vodilo pri obvladovanju tveganj naj bo te\u017enja k zmanj\u0161evanju obsega terjatev.<\/p>\n<p class=\"align-justify\">S storitvami unov\u010devanja terjatev naro\u010dnikom ponujamo mo\u017enost, da svoje terjatve unov\u010dijo v najkraj\u0161em mo\u017enem \u010dasu in pravo\u010dasno pridobijo prepotrebna likvidna sredstva.<\/p>\n\n\t\t<\/div>\n\t<\/div>\n<\/div><\/div><\/div><div class=\"wpb_column vc_column_container vc_col-sm-6\"><div class=\"vc_column-inner\"><div class=\"wpb_wrapper\"><div class=\"vc_custom_heading no_stripe vc_custom_1494332100201 text_align_left\" ><h4 style=\"color: #222222;text-align: left\" >Kaj nudimo?<\/h4><\/div>\n\t<div class=\"wpb_video_widget wpb_content_element\">\n\t\t<div class=\"wpb_wrapper\"><div class=\"wpb_video_wrapper\"><img decoding=\"async\" class=\"\" src=\"https:\/\/www.prvafina.si\/wp-content\/uploads\/2015\/12\/placeholder-395x264.gif\" width=\"395\" height=\"264\" alt=\"placeholder\" title=\"placeholder\" loading=\"lazy\" \/><a href=\"#\" class=\"play_video\"><\/a><div class=\"video\" style=\"display: none; width: 400px; height: 248.44720496894px;\"><iframe loading=\"lazy\" width=\"1120\" height=\"630\" src=\"https:\/\/www.youtube.com\/embed\/n7MsuxDrYEg?feature=oembed\" frameborder=\"0\" allowfullscreen><\/iframe><\/div><\/div>\n\t\t<\/div> \n\t<\/div> <\/div><\/div><\/div><\/div><\/div><\/div><\/div><div class=\"wpb_column vc_column_container vc_col-sm-3 vc_hidden-sm vc_hidden-xs\"><div class=\"vc_column-inner\"><div class=\"wpb_wrapper\">\n<div class=\"stm_sidebar\">\n\t<style type=\"text\/css\" scoped>\n\t\t.vc_custom_1452662185213{margin-bottom: 40px !important;}.vc_custom_1452662201783{margin-right: 0px !important;margin-bottom: 40px !important;margin-left: 0px !important;}.vc_custom_1452056633692{padding-top: 37px !important;padding-right: 30px !important;padding-bottom: 40px !important;padding-left: 30px !important;}.vc_custom_1457028951964{margin-bottom: 9px !important;}.vc_custom_1457029043195{margin-bottom: 17px !important;}\t<\/style>\n\t<div class=\"wpb-content-wrapper\"><div class=\"vc_row wpb_row vc_row-fluid vc_custom_1452662185213\"><div class=\"wpb_column vc_column_container vc_col-sm-12\"><div class=\"vc_column-inner\"><div class=\"wpb_wrapper\"><div class=\"vc_wp_search wpb_content_element\"><aside class=\"widget widget_search\"><form method=\"get\" class=\"search-form\" action=\"https:\/\/www.prvafina.si\/en\/\" data-trp-original-action=\"https:\/\/www.prvafina.si\/en\/\">\r\n\t<input type=\"search\" class=\"form-control\" placeholder=\"I\u0161\u010dipo strani...\" value=\"\" name=\"s\" \/>\r\n\t<button type=\"submit\"><i class=\"fa fa-search\"><\/i><\/button>\r\n<input type=\"hidden\" name=\"trp-form-language\" value=\"en\"\/><\/form><\/aside><\/div><\/div><\/div><\/div><\/div><div class=\"vc_row wpb_row vc_row-fluid third_bg_color vc_custom_1452662201783\"><div class=\"wpb_column vc_column_container vc_col-sm-12\"><div class=\"vc_column-inner vc_custom_1452056633692\"><div class=\"wpb_wrapper\"><div class=\"vc_custom_heading vc_custom_1457028951964 text_align_left\" ><div style=\"font-size: 16px;color: #222222;text-align: left;font-family:Poppins;font-weight:600;font-style:normal\" >Request a call<\/div><\/div>\n\t<div class=\"wpb_text_column wpb_content_element vc_custom_1457029043195\" >\n\t\t<div class=\"wpb_wrapper\">\n\t\t\t<p>Contact us in order to find the best solution for your company.<\/p>\n\n\t\t<\/div>\n\t<\/div>\n<div class=\"vc_btn3-container vc_btn3-inline\"><button class=\"vc_general vc_btn3 vc_btn3-size-sm vc_btn3-shape-rounded vc_btn3-style-flat vc_btn3-icon-left vc_btn3-color-white\"><i class=\"vc_btn3-icon fa fa-phone-square\"><\/i> Contact us<\/button><\/div>\n<\/div><\/div><\/div><\/div><div class=\"vc_row wpb_row vc_row-fluid\"><div class=\"wpb_column vc_column_container vc_col-sm-12\"><div class=\"vc_column-inner\"><div class=\"wpb_wrapper\"><\/div><\/div><\/div><\/div><div class=\"vc_row wpb_row vc_row-fluid\"><div class=\"wpb_column vc_column_container vc_col-sm-12\"><div class=\"vc_column-inner\"><div class=\"wpb_wrapper\"><\/div><\/div><\/div><\/div>\n<\/div><\/div><\/div><\/div><\/div><\/div><div data-vc-full-width=\"true\" data-vc-full-width-init=\"false\" class=\"vc_row wpb_row vc_row-fluid third_bg_color vc_custom_1451889219674\"><div class=\"wpb_column vc_column_container vc_col-sm-12\"><div class=\"vc_column-inner\"><div class=\"wpb_wrapper\"><section class=\"vc_cta3-container\"><div class=\"vc_general vc_do_cta3 vc_cta3 third_bg_color vc_cta3-style-flat vc_cta3-shape-square vc_cta3-align-left vc_cta3-color-classic vc_cta3-icon-size-md vc_cta3-actions-right vc_custom_1501086866148\"><div class=\"vc_cta3_content-container\"><div class=\"vc_cta3-content\"><header class=\"vc_cta3-content-header\"><div class=\"vc_custom_heading\" ><h2 style=\"font-size: 20px;color: #000000;line-height: 24px\" >Kontaktirajte nas in preverite mo\u017enosti za va\u0161e podjetje.<\/h2><\/div><\/header><\/div><div class=\"vc_cta3-actions\"><div class=\"vc_btn3-container vc_btn3-right\"><a class=\"vc_general vc_btn3 vc_btn3-size-md vc_btn3-shape-rounded vc_btn3-style-flat vc_btn3-block vc_btn3-icon-right vc_btn3-color-theme_style_2\" href=\"\/o-nas\/kontakt\/\" title=\"\" target=\"_self\">Contact us <i class=\"vc_btn3-icon fa fa-chevron-right\"><\/i><\/a><\/div>\n<\/div><\/div><\/div><\/section><\/div><\/div><\/div><\/div><div class=\"vc_row-full-width vc_clearfix\"><\/div>\n<\/div>","protected":false},"excerpt":{"rendered":"Imate terjatve, denar potrebujete takoj? Faktoring je za vas najbolj\u0161a alternativa financiranja omogo\u010da rast malih, srednjih podjetij in podjetnikov Povpra\u0161evanje Produkti in storitve Ali imate te\u017eave zaradi nepla\u010dnikov? Primanjkuje vam likvidnih sredstev za pravo\u010dasno pla\u010dilo davka ali izpla\u010dilo pla\u010d? Va\u0161e terjatve zapadejo v pla\u010dilo \u0161ele po nekaj mesecih, denar pa potrebujete sedaj. \u017de ve\u010d kot","protected":false},"author":1,"featured_media":0,"parent":0,"menu_order":0,"comment_status":"closed","ping_status":"closed","template":"","meta":{"om_disable_all_campaigns":false,"_exactmetrics_skip_tracking":false,"_exactmetrics_sitenote_active":false,"_exactmetrics_sitenote_note":"","_exactmetrics_sitenote_category":0,"_monsterinsights_skip_tracking":false,"_monsterinsights_sitenote_active":false,"_monsterinsights_sitenote_note":"","_monsterinsights_sitenote_category":0,"_uf_show_specific_survey":0,"_uf_disable_surveys":false,"footnotes":""},"class_list":["post-9","page","type-page","status-publish","hentry"],"yoast_head":"<!-- This site is optimized with the Yoast SEO plugin v26.8 - https:\/\/yoast.com\/product\/yoast-seo-wordpress\/ -->\n<title>Storitve - Prva finan\u010dna agencija<\/title>\n<meta name=\"robots\" content=\"index, follow, max-snippet:-1, max-image-preview:large, max-video-preview:-1\" \/>\n<link rel=\"canonical\" href=\"https:\/\/www.prvafina.si\/en\/storitve\/\" \/>\n<meta property=\"og:locale\" content=\"en_US\" \/>\n<meta property=\"og:type\" content=\"article\" \/>\n<meta property=\"og:title\" content=\"Storitve - Prva finan\u010dna agencija\" \/>\n<meta property=\"og:url\" content=\"https:\/\/www.prvafina.si\/en\/storitve\/\" \/>\n<meta property=\"og:site_name\" content=\"Prva finan\u010dna agencija\" \/>\n<meta property=\"article:modified_time\" content=\"2017-07-26T16:34:29+00:00\" \/>\n<meta name=\"twitter:card\" content=\"summary_large_image\" \/>\n<meta name=\"twitter:label1\" content=\"Est. reading time\" \/>\n\t<meta name=\"twitter:data1\" content=\"2 minutes\" \/>\n<script type=\"application\/ld+json\" class=\"yoast-schema-graph\">{\"@context\":\"https:\/\/schema.org\",\"@graph\":[{\"@type\":\"WebPage\",\"@id\":\"https:\/\/www.prvafina.si\/storitve\/\",\"url\":\"https:\/\/www.prvafina.si\/storitve\/\",\"name\":\"Storitve - Prva finan\u010dna agencija\",\"isPartOf\":{\"@id\":\"https:\/\/www.prvafina.si\/#website\"},\"datePublished\":\"2015-12-15T07:37:33+00:00\",\"dateModified\":\"2017-07-26T16:34:29+00:00\",\"breadcrumb\":{\"@id\":\"https:\/\/www.prvafina.si\/storitve\/#breadcrumb\"},\"inLanguage\":\"en-US\",\"potentialAction\":[{\"@type\":\"ReadAction\",\"target\":[\"https:\/\/www.prvafina.si\/storitve\/\"]}]},{\"@type\":\"BreadcrumbList\",\"@id\":\"https:\/\/www.prvafina.si\/storitve\/#breadcrumb\",\"itemListElement\":[{\"@type\":\"ListItem\",\"position\":1,\"name\":\"Home\",\"item\":\"https:\/\/www.prvafina.si\/\"},{\"@type\":\"ListItem\",\"position\":2,\"name\":\"Storitve\"}]},{\"@type\":\"WebSite\",\"@id\":\"https:\/\/www.prvafina.si\/#website\",\"url\":\"https:\/\/www.prvafina.si\/\",\"name\":\"Prva finan\u010dna agencija\",\"description\":\"\",\"potentialAction\":[{\"@type\":\"SearchAction\",\"target\":{\"@type\":\"EntryPoint\",\"urlTemplate\":\"https:\/\/www.prvafina.si\/?s={search_term_string}\"},\"query-input\":{\"@type\":\"PropertyValueSpecification\",\"valueRequired\":true,\"valueName\":\"search_term_string\"}}],\"inLanguage\":\"en-US\"}]}<\/script>\n<!-- \/ Yoast SEO plugin. -->","yoast_head_json":{"title":"Storitve - Prva finan\u010dna agencija","robots":{"index":"index","follow":"follow","max-snippet":"max-snippet:-1","max-image-preview":"max-image-preview:large","max-video-preview":"max-video-preview:-1"},"canonical":"https:\/\/www.prvafina.si\/en\/storitve\/","og_locale":"en_US","og_type":"article","og_title":"Storitve - Prva finan\u010dna agencija","og_url":"https:\/\/www.prvafina.si\/en\/storitve\/","og_site_name":"Prva finan\u010dna agencija","article_modified_time":"2017-07-26T16:34:29+00:00","twitter_card":"summary_large_image","twitter_misc":{"Est. reading time":"2 minutes"},"schema":{"@context":"https:\/\/schema.org","@graph":[{"@type":"WebPage","@id":"https:\/\/www.prvafina.si\/storitve\/","url":"https:\/\/www.prvafina.si\/storitve\/","name":"Storitve - Prva finan\u010dna agencija","isPartOf":{"@id":"https:\/\/www.prvafina.si\/#website"},"datePublished":"2015-12-15T07:37:33+00:00","dateModified":"2017-07-26T16:34:29+00:00","breadcrumb":{"@id":"https:\/\/www.prvafina.si\/storitve\/#breadcrumb"},"inLanguage":"en-US","potentialAction":[{"@type":"ReadAction","target":["https:\/\/www.prvafina.si\/storitve\/"]}]},{"@type":"BreadcrumbList","@id":"https:\/\/www.prvafina.si\/storitve\/#breadcrumb","itemListElement":[{"@type":"ListItem","position":1,"name":"Home","item":"https:\/\/www.prvafina.si\/"},{"@type":"ListItem","position":2,"name":"Storitve"}]},{"@type":"WebSite","@id":"https:\/\/www.prvafina.si\/#website","url":"https:\/\/www.prvafina.si\/","name":"Prva finan\u010dna agencija","description":"","potentialAction":[{"@type":"SearchAction","target":{"@type":"EntryPoint","urlTemplate":"https:\/\/www.prvafina.si\/?s={search_term_string}"},"query-input":{"@type":"PropertyValueSpecification","valueRequired":true,"valueName":"search_term_string"}}],"inLanguage":"en-US"}]}},"_links":{"self":[{"href":"https:\/\/www.prvafina.si\/en\/wp-json\/wp\/v2\/pages\/9","targetHints":{"allow":["GET"]}}],"collection":[{"href":"https:\/\/www.prvafina.si\/en\/wp-json\/wp\/v2\/pages"}],"about":[{"href":"https:\/\/www.prvafina.si\/en\/wp-json\/wp\/v2\/types\/page"}],"author":[{"embeddable":true,"href":"https:\/\/www.prvafina.si\/en\/wp-json\/wp\/v2\/users\/1"}],"replies":[{"embeddable":true,"href":"https:\/\/www.prvafina.si\/en\/wp-json\/wp\/v2\/comments?post=9"}],"version-history":[{"count":10,"href":"https:\/\/www.prvafina.si\/en\/wp-json\/wp\/v2\/pages\/9\/revisions"}],"predecessor-version":[{"id":2069,"href":"https:\/\/www.prvafina.si\/en\/wp-json\/wp\/v2\/pages\/9\/revisions\/2069"}],"wp:attachment":[{"href":"https:\/\/www.prvafina.si\/en\/wp-json\/wp\/v2\/media?parent=9"}],"curies":[{"name":"wp","href":"https:\/\/api.w.org\/{rel}","templated":true}]}}