{"id":11,"date":"2015-12-15T07:37:48","date_gmt":"2015-12-15T06:37:48","guid":{"rendered":"http:\/\/consulting.stylemixthemes.com\/demo\/?page_id=11"},"modified":"2025-02-06T14:00:01","modified_gmt":"2025-02-06T13:00:01","slug":"kontakt","status":"publish","type":"page","link":"https:\/\/www.prvafina.si\/hr\/o-nas\/kontakt\/","title":{"rendered":"Kontakt"},"content":{"rendered":"<div class=\"wpb-content-wrapper\"><div class=\"vc_row wpb_row vc_row-fluid vc_custom_1452509933393\"><div class=\"wpb_column vc_column_container vc_col-sm-12\"><div class=\"vc_column-inner\"><div class=\"wpb_wrapper\"><div class=\"vc_custom_heading vc_custom_1635341444593 text_align_left\" ><h4 style=\"text-align: left\" >Po\u0161aljite nam upit za uslugu koju trebate<\/h4><\/div>\n<div class=\"wpcf7 no-js\" id=\"wpcf7-f5-o1\" lang=\"sl-SI\" dir=\"ltr\" data-wpcf7-id=\"5\">\n<div class=\"screen-reader-response\"><p role=\"status\" aria-live=\"polite\" aria-atomic=\"true\"><\/p> <ul><\/ul><\/div>\n<form action=\"\/hr\/wp-json\/wp\/v2\/pages\/11#wpcf7-f5-o1\" method=\"post\" class=\"wpcf7-form init\" aria-label=\"Contact form\" novalidate=\"novalidate\" data-status=\"init\" data-trp-original-action=\"\/hr\/wp-json\/wp\/v2\/pages\/11#wpcf7-f5-o1\">\n<fieldset class=\"hidden-fields-container\"><input type=\"hidden\" name=\"_wpcf7\" value=\"5\" \/><input type=\"hidden\" name=\"_wpcf7_version\" value=\"6.1.4\" \/><input type=\"hidden\" name=\"_wpcf7_locale\" value=\"sl_SI\" \/><input type=\"hidden\" name=\"_wpcf7_unit_tag\" value=\"wpcf7-f5-o1\" \/><input type=\"hidden\" name=\"_wpcf7_container_post\" value=\"0\" \/><input type=\"hidden\" name=\"_wpcf7_posted_data_hash\" value=\"\" \/><input type=\"hidden\" name=\"_wpcf7_recaptcha_response\" value=\"\" \/>\n<\/fieldset>\n<p>Va\u0161e ime (obavezno)\n<\/p>\n<p><span class=\"wpcf7-form-control-wrap\" data-name=\"your-name\"><input size=\"40\" maxlength=\"400\" class=\"wpcf7-form-control wpcf7-text wpcf7-validates-as-required\" aria-required=\"true\" aria-invalid=\"false\" value=\"\" type=\"text\" name=\"your-name\" \/><\/span>\n<\/p>\n<p>Tvrtka (obavezno)\n<\/p>\n<p><span class=\"wpcf7-form-control-wrap\" data-name=\"company\"><input size=\"40\" maxlength=\"400\" class=\"wpcf7-form-control wpcf7-text wpcf7-validates-as-required\" aria-required=\"true\" aria-invalid=\"false\" value=\"\" type=\"text\" name=\"company\" \/><\/span>\n<\/p>\n<p>Va\u0161 email (obavezno)\n<\/p>\n<p><span class=\"wpcf7-form-control-wrap\" data-name=\"your-email\"><input size=\"40\" maxlength=\"400\" class=\"wpcf7-form-control wpcf7-email wpcf7-validates-as-required wpcf7-text wpcf7-validates-as-email\" aria-required=\"true\" aria-invalid=\"false\" value=\"\" type=\"email\" name=\"your-email\" \/><\/span>\n<\/p>\n<p>Predmet\n<\/p>\n<p><span class=\"wpcf7-form-control-wrap\" data-name=\"your-subject\"><input size=\"40\" maxlength=\"400\" class=\"wpcf7-form-control wpcf7-text\" aria-invalid=\"false\" value=\"\" type=\"text\" name=\"your-subject\" \/><\/span>\n<\/p>\n<p>Va\u0161a poruka\n<\/p>\n<p><span class=\"wpcf7-form-control-wrap\" data-name=\"your-message\"><textarea cols=\"40\" rows=\"10\" maxlength=\"2000\" class=\"wpcf7-form-control wpcf7-textarea\" aria-invalid=\"false\" name=\"your-message\"><\/textarea><\/span>\n<\/p>\n<p>Suglasnost (obavezno)\n<\/p>\n<p><span class=\"wpcf7-form-control-wrap\" data-name=\"Soglasje\"><span class=\"wpcf7-form-control wpcf7-checkbox wpcf7-validates-as-required\"><span class=\"wpcf7-list-item first last\"><input type=\"checkbox\" name=\"Soglasje[]\" value=\"Z oddajo povpra\u0161evanja sogla\u0161am, da se bodo moji osebni podatki uporabili za vzpostavitev stika in komunikacijo z menoj.\" \/><span class=\"wpcf7-list-item-label\">Slanjem upita pristajem da se moji osobni podaci koriste za kontakt i komunikaciju sa mnom.<\/span><\/span><\/span><\/span><a href=\"http:\/\/www.prvafina.si\/varovanje-osebnih-podatkov\">Izjava o za\u0161titi podataka<\/a>\n<\/p>\n<p><input class=\"wpcf7-form-control wpcf7-submit has-spinner\" type=\"submit\" value=\"Po\u0161alji upit\" \/>\n<\/p><div class=\"wpcf7-response-output\" aria-hidden=\"true\"><\/div>\n<input type=\"hidden\" name=\"trp-form-language\" value=\"hr\"\/><\/form>\n<\/div>\n<div class=\"vc_custom_heading vc_custom_1738845452871 text_align_left\" ><h4 style=\"text-align: left\" >Navodila za pot<\/h4><\/div><div class=\"vc_tta-container\" data-vc-action=\"collapse\"><div class=\"vc_general vc_tta vc_tta-tabs vc_tta-color-grey vc_tta-style-classic vc_tta-shape-square vc_tta-o-shape-group  theme_style vc_tta-o-no-fill vc_tta-tabs-position-top vc_tta-controls-align-left\"><div class=\"vc_tta-tabs-container\"><ul class=\"vc_tta-tabs-list\"><li class=\"vc_tta-tab vc_active\" data-vc-tab><a href=\"#1452257567229-e5f623b2-41c0\" data-vc-tabs data-vc-container=\".vc_tta\"><span class=\"vc_tta-title-text\">MARIBOR<\/span><\/a><\/li><li class=\"vc_tta-tab\" data-vc-tab><a href=\"#1452509683679-b4680d19-a860\" data-vc-tabs data-vc-container=\".vc_tta\"><span class=\"vc_tta-title-text\">LJUBLJANA<\/span><\/a><\/li><\/ul><\/div><div class=\"vc_tta-panels-container\"><div class=\"vc_tta-panels\"><div class=\"vc_tta-panel vc_active\" id=\"1452257567229-e5f623b2-41c0\" data-vc-content=\".vc_tta-panel-body\"><div class=\"vc_tta-panel-heading\"><h4 class=\"vc_tta-panel-title\"><a href=\"#1452257567229-e5f623b2-41c0\" data-vc-accordion data-vc-container=\".vc_tta-container\"><span class=\"vc_tta-title-text\">MARIBOR<\/span><\/a><\/h4><\/div><div class=\"vc_tta-panel-body\"><div class=\"vc_row wpb_row vc_inner vc_row-fluid vc_custom_1452504967583\"><div class=\"wpb_column vc_column_container vc_col-sm-4\"><div class=\"vc_column-inner\"><div class=\"wpb_wrapper\">\n\t<div  class=\"wpb_single_image wpb_content_element vc_align_left wpb_content_element\">\n\t\t\n\t\t<figure class=\"wpb_wrapper vc_figure\">\n\t\t\t<div class=\"vc_single_image-wrapper   vc_box_border_grey\"><img loading=\"lazy\" decoding=\"async\" width=\"350\" height=\"330\" src=\"https:\/\/www.prvafina.si\/wp-content\/uploads\/2015\/12\/kontakt1.jpg\" class=\"vc_single_image-img attachment-full\" alt=\"\" title=\"kontakt1\" srcset=\"https:\/\/www.prvafina.si\/wp-content\/uploads\/2015\/12\/kontakt1.jpg 350w, https:\/\/www.prvafina.si\/wp-content\/uploads\/2015\/12\/kontakt1-300x283.jpg 300w\" sizes=\"auto, (max-width: 350px) 100vw, 350px\" \/><\/div>\n\t\t<\/figure>\n\t<\/div>\n<\/div><\/div><\/div><div class=\"wpb_column vc_column_container vc_col-sm-4\"><div class=\"vc_column-inner\"><div class=\"wpb_wrapper\"><div class=\"wpb_gmaps_widget wpb_content_element\"><div class=\"wpb_wrapper\"><div class=\"wpb_map_wraper\"><iframe src=\"https:\/\/www.google.com\/maps\/embed?pb=!1m18!1m12!1m3!1d2743.296085408418!2d15.595730812211032!3d46.56160987099264!2m3!1f0!2f0!3f0!3m2!1i1024!2i768!4f13.1!3m3!1m2!1s0x476f9d628e89cc37%3A0x1b830b880362e663!2sLimbu%C5%A1ka%20cesta%202%2C%202341%20Limbu%C5%A1!5e0!3m2!1ssl!2ssi!4v1681390918455!5m2!1ssl!2ssi\" width=\"600\" height=\"330\" style=\"border:0;\" allowfullscreen=\"\" loading=\"lazy\" referrerpolicy=\"no-referrer-when-downgrade\"><\/iframe><\/div><\/div><\/div><\/div><\/div><\/div><div class=\"wpb_column vc_column_container vc_col-sm-4\"><div class=\"vc_column-inner\"><div class=\"wpb_wrapper\">\n\n<div class=\"stm_contacts_widget vc_custom_1680677772018 overlay_3\">\n\t\t\t<h4 class=\"no_stripe\">Kontakt<\/h4>\n\t\t<ul>\n\t\t\t\t\t<li>\n\t\t\t\t<div class=\"icon\"><i class=\"fa fa-map-marker\"><\/i><\/div>\n\t\t\t\t<div class=\"text\">Limbu\u0161ka cesta 2,<br \/>\n2341 Limbu\u0161<\/div>\n\t\t\t<\/li>\n\t\t\t\t\t\t\t<li>\n\t\t\t\t<div class=\"icon\"><i class=\"fa fa-phone\"><\/i><\/div>\n\t\t\t\t<div class=\"text\">+386 8 2003 700<\/div>\n\t\t\t<\/li>\n\t\t\t\t\t\t\t<li>\n\t\t\t\t<div class=\"icon\"><i class=\"fa fa-envelope\"><\/i><\/div>\n\t\t\t\t<div class=\"text\"><a href=\"mailto:&#105;&#110;&#102;o&#64;&#112;rvaf&#105;&#110;&#97;.&#115;&#105;\">i&#110;&#102;o&#64;prvafi&#110;a&#46;si<\/a><\/div>\n\t\t\t<\/li>\n\t\t\t<\/ul>\n\t\t\t<ul class=\"socials\">\n\t\t\t\t\t\t\t\t\t<li><a href=\"https:\/\/www.facebook.com\/prvafina.si\" target=\"_blank\" class=\"social-facebook\"><i class=\"fa fa-facebook\"><\/i><\/a><\/li>\n\t\t\t\t\t\t\t\t\t\t\t\t\t\t\t\t\t<li><a href=\"https:\/\/www.linkedin.com\/company\/prva-financna-agencija\" target=\"_blank\" class=\"social-linkedin\"><i class=\"fa fa-linkedin\"><\/i><\/a><\/li>\n\t\t\t\t\t\t\t\t\t\t\t\t\t\t\t\t\t<li><a href=\"skype:doroteja.sobocan\" class=\"social-skype\"><i class=\"fa fa-skype\"><\/i><\/a><\/li>\n\t\t\t\t\t\t<\/ul>\n\t<\/div><\/div><\/div><\/div><\/div><div class=\"vc_row wpb_row vc_inner vc_row-fluid\"><div class=\"wpb_column vc_column_container vc_col-sm-12\"><div class=\"vc_column-inner\"><div class=\"wpb_wrapper\">\n\t<div class=\"wpb_text_column wpb_content_element\" >\n\t\t<div class=\"wpb_wrapper\">\n\t\t\t<div id=\"c343\" class=\"csc-default\">\n<p class=\"align-justify\"><strong>Smer Ljubljana &#8211; Maribor<\/strong><\/p>\n<p class=\"align-justify\">Iz Ljubljane greste po avtocesti A1 v smeri proti Mariboru. Pred Mariborom izberete izvoz Maribor \u2013 jug v smeri Avstrija, Mad\u017earska, \u0160entilj. Nadaljujete vo\u017enjo po cesti \u0161t. 430 v smeri Maribor \u2013 center. Ko zapeljete skozi glavno kri\u017ei\u0161\u010de Ptujska\u2013Tr\u017ea\u0161ka (levo Mercator center), zavijete pri drugih semaforjih levo (levo Telekom), nato nadaljujete pot po glavni cesti pribli\u017eno 3 km do table Limbu\u0161ko nabre\u017eje. Na desni boste videli napis \u00bbMarles\u00ab, kjer zavijete desno in pre\u010dkate \u017eelezni\u0161ko progo. Na koncu pri otoku zavijete levo in \u010dez 300 m je na\u0161 objekt.<\/p>\n<p class=\"align-justify\"><strong>Smer Dravograd &#8211; Maribor<\/strong><\/p>\n<p class=\"align-justify\">\u010ce prihajate s smeri Celovca (Austrija), se peljete proti Dravogradu, kjer v naselju Dravograd sledite glavni cesti, torej greste naravnost v smeri Maribora. V Mariboru na kro\u017ei\u0161\u010du (v bli\u017eini podjetja Meltal) izberete izhod Koro\u0161ki most. Na samem mostu izberete izhod \u00bbLimbu\u0161ka cesta\u00ab. Ostanete na glavni cesti pribli\u017eno 3 km, nakar boste na desni videli napis \u00bbMarles\u00ab, kjer zavijete desno in pre\u010dkate \u017eelezni\u0161ko progo. Na koncu zavijete levo in \u010dez 300 m boste na desni zagledali napis \u00bbPrva finan\u010dna agencija\u00ab.<\/p>\n<p class=\"align-justify\"><strong>Smer Murska Sobota &#8211; Maribor<\/strong><\/p>\n<p class=\"align-justify\">Iz Murske Sobote greste v smeri Vu\u010dja vas, Radenci, Gornja Radgona in Lenart do rondoja v Pesnici. Izberete \u010detrti izhod, smer Maribor in se ponovno priklju\u010dite na hitro cesto E57. Dr\u017eite se smeri Ljubljana\u2013Maribor\u2013Zagreb ( HR). Po pre\u010dkanju reke Drave zavijete desno na drugem izvozu, kjer se priklju\u010dite na Ptujsko cesto. V glavnem kri\u017ei\u0161\u010du Ptujska\u2013Tr\u017ea\u0161ka (nasproti se nahaja Mercator center) zavijete desno, pri drugih semaforjih pa zavijete levo (na levi strani se nahaja Telekom). Nato nadaljujete pot naravnost po glavni cesti pribli\u017eno 3 km do table Limbu\u0161ko nabre\u017eje. Na desni boste videli napis \u00bbMarles\u00ab, kjer zavijete desno in pre\u010dkate \u017eelezni\u0161ko progo. Na koncu pri otoku zavijete levo in \u010dez 300 m je na desni strani na\u0161 objekt.<\/p>\n<p class=\"align-justify\"><strong>Smer Ptuj &#8211; Maribor<\/strong><\/p>\n<p class=\"align-justify\">S Ptuja greste po avtocesti E59\/1 v smeri Skorba in Miklav\u017e na Dravskem polju proti Mariboru. Nadaljujete vo\u017enjo po Ptujski cesti. V glavnem kri\u017ei\u0161\u010du Ptujska\u2013Tr\u017ea\u0161ka (nasproti Mercator center) zavijete desno, pri drugih semaforjih pa zavijete levo (na levi strani je\u00a0Telekom). Nato nadaljujete pot ravno po glavni cesti pribli\u017eno 3 km do table Limbu\u0161ko nabre\u017eje. Na desni boste videli napis \u00bbMarles\u00ab, kjer zavijete desno in\u00a0pre\u010dkate \u017eelezni\u0161ko progo. Na koncu pri otoku zavijete levo in \u010dez 300 m je na desni strani na\u0161 objekt.<\/p>\n<div id=\"obrazec\"><\/div>\n<p><b>PRVA FINAN\u010cNA AGENCIJA d.o.o.<\/b><br \/>\nPodru\u017enica:<br \/>\nLimbu\u0161ka cesta 2<br \/>\n2341 Limbu\u0161<\/p>\n<p>GPS-koordinate:<br \/>\n46.049950, 14.459780<\/p>\n<div id=\"MichelinKarta\" class=\"viaMichelin\">\n<form id=\"viaMichelin\" action=\"http:\/\/www.viamichelin.co.uk\/viamichelin\/gbr\/dyn\/controller\/Itineraires\" method=\"GET\" name=\"viaMichelin\" target=\"_blank\"><\/form>\n<\/div>\n<\/div>\n\n\t\t<\/div>\n\t<\/div>\n<\/div><\/div><\/div><\/div><\/div><\/div><div class=\"vc_tta-panel\" id=\"1452509683679-b4680d19-a860\" data-vc-content=\".vc_tta-panel-body\"><div class=\"vc_tta-panel-heading\"><h4 class=\"vc_tta-panel-title\"><a href=\"#1452509683679-b4680d19-a860\" data-vc-accordion data-vc-container=\".vc_tta-container\"><span class=\"vc_tta-title-text\">LJUBLJANA<\/span><\/a><\/h4><\/div><div class=\"vc_tta-panel-body\"><div class=\"vc_row wpb_row vc_inner vc_row-fluid vc_custom_1452504967583\"><div class=\"wpb_column vc_column_container vc_col-sm-4\"><div class=\"vc_column-inner\"><div class=\"wpb_wrapper\">\n\t<div  class=\"wpb_single_image wpb_content_element vc_align_left wpb_content_element\">\n\t\t\n\t\t<figure class=\"wpb_wrapper vc_figure\">\n\t\t\t<div class=\"vc_single_image-wrapper   vc_box_border_grey\"><img decoding=\"async\" class=\"vc_single_image-img\" src=\"https:\/\/www.prvafina.si\/wp-content\/uploads\/2015\/12\/kontakt1.jpg\" width=\"350\" height=\"330\" alt=\"kontakt1\" title=\"kontakt1\" loading=\"lazy\" \/><\/div>\n\t\t<\/figure>\n\t<\/div>\n<\/div><\/div><\/div><div class=\"wpb_column vc_column_container vc_col-sm-4\"><div class=\"vc_column-inner\"><div class=\"wpb_wrapper\"><div class=\"wpb_gmaps_widget wpb_content_element\"><div class=\"wpb_wrapper\"><div class=\"wpb_map_wraper\"><iframe src=\"https:\/\/www.google.com\/maps\/embed?pb=!1m18!1m12!1m3!1d2769.055300241259!2d14.457681051510397!3d46.049995202081526!2m3!1f0!2f0!3f0!3m2!1i1024!2i768!4f13.1!3m3!1m2!1s0x477ad2b028164473%3A0xccb2371cbab03efa!2sTehnolo%C5%A1ki%20park%2024%2C%201000%20Ljubljana!5e0!3m2!1ssl!2ssi!4v1680679691698!5m2!1ssl!2ssi\" width=\"600\" height=\"330\" style=\"border:0;\" allowfullscreen=\"\" loading=\"lazy\" referrerpolicy=\"no-referrer-when-downgrade\"><\/iframe><\/div><\/div><\/div><\/div><\/div><\/div><div class=\"wpb_column vc_column_container vc_col-sm-4\"><div class=\"vc_column-inner\"><div class=\"wpb_wrapper\">\n\n<div class=\"stm_contacts_widget vc_custom_1680677689327 overlay_3\">\n\t\t\t<h4 class=\"no_stripe\">Kontaktni podatki<\/h4>\n\t\t<ul>\n\t\t\t\t\t<li>\n\t\t\t\t<div class=\"icon\"><i class=\"fa fa-map-marker\"><\/i><\/div>\n\t\t\t\t<div class=\"text\">Tehnolo\u0161ki park 24,<br \/>\n1000 Ljubljana<\/div>\n\t\t\t<\/li>\n\t\t\t\t\t\t\t<li>\n\t\t\t\t<div class=\"icon\"><i class=\"fa fa-phone\"><\/i><\/div>\n\t\t\t\t<div class=\"text\">+386 8 2003 700<\/div>\n\t\t\t<\/li>\n\t\t\t\t\t\t\t<li>\n\t\t\t\t<div class=\"icon\"><i class=\"fa fa-envelope\"><\/i><\/div>\n\t\t\t\t<div class=\"text\"><a href=\"mailto:&#105;nf&#111;&#64;&#112;&#114;&#118;a&#102;&#105;n&#97;&#46;s&#105;\">i&#110;fo&#64;&#112;&#114;&#118;a&#102;&#105;na&#46;s&#105;<\/a><\/div>\n\t\t\t<\/li>\n\t\t\t<\/ul>\n\t\t\t<ul class=\"socials\">\n\t\t\t\t\t\t\t\t\t<li><a href=\"https:\/\/www.facebook.com\/prvafina.si\" target=\"_blank\" class=\"social-facebook\"><i class=\"fa fa-facebook\"><\/i><\/a><\/li>\n\t\t\t\t\t\t\t\t\t\t\t\t\t\t\t\t\t<li><a href=\"https:\/\/www.linkedin.com\/company\/prva-financna-agencija\" target=\"_blank\" class=\"social-linkedin\"><i class=\"fa fa-linkedin\"><\/i><\/a><\/li>\n\t\t\t\t\t\t\t\t\t\t\t\t\t\t\t\t\t<li><a href=\"skype:vesna.mladenovic78naluka\" class=\"social-skype\"><i class=\"fa fa-skype\"><\/i><\/a><\/li>\n\t\t\t\t\t\t<\/ul>\n\t<\/div><\/div><\/div><\/div><\/div>\n\t<div class=\"wpb_text_column wpb_content_element\" >\n\t\t<div class=\"wpb_wrapper\">\n\t\t\t<p><strong>Smer Maribor &#8211; Ljubljana<\/strong><\/p>\n<p>Greste po avtocesti A1 v smeri proti Ljubljani. Na razcepu Zadobrova zavijete na severno ljubljansko obvoznico. Nadaljujete vo\u017enjo do izvoza Lj &#8211; Sever, kjer zavijete na izvoz Lj &#8211; Sever. Pri izvozu se dr\u017eite leve. Pri semaforju zavijete ostro levo na skrajni levi pas. Nato pri semaforju zavijete levo, se dr\u017eite desnega pasu in pridete do kri\u017ei\u0161\u010da s Cesto Ljubljanske brigade. Nato zavijete levo, pre\u010dkate nadvoz in po pre\u010dkanju nadvoza takoj zavijete na levo. Po 70 m zavijete na desno in vo\u017enjo nadaljujete naravnost do stavbe Ceste Ljubljanske brigade 9a.<\/p>\n<p><strong>Smer Koper &#8211; Ljubljana<\/strong><\/p>\n<p>Greste po avtocesti A1 v smeri proti Ljubljani. Na razcepu Kozarje zavijete levo na severno obvoznico. Nadaljujete vo\u017enjo do izvoza Lj &#8211; Sever, kjer se zapeljete na izvoz Lj &#8211; Sever. Pri semaforju nadaljujete vo\u017enjo naravnost, se dr\u017eite desnega pasu in pridete do kri\u017ei\u0161\u010da s Cesto Ljubljanske brigade. Nato zavijete levo, pre\u010dkate nadvoz in po pre\u010dkanju nadvoza takoj zavijete na levo. Po 70 m zavijete na desno in vo\u017enjo nadaljujete naravnost do stavbe Ceste Ljubljanske brigade 9a.<\/p>\n<p><strong>Smer Kranj &#8211; Ljubljana<\/strong><\/p>\n<p>Greste po avtocesti A2 in zavijete na obvoznico H3. Tako se pripeljete na severno obvoznico. Nadaljujete vo\u017enjo do izvoza Lj &#8211; Sever, kjer se zapeljete na izvoz Lj &#8211; Sever. Pri semaforju nadaljujete naravnost, se dr\u017eite desnega pasu in pridete do kri\u017ei\u0161\u010da s Cesto Ljubljanske brigade. Nato zavijete levo, pre\u010dkate nadvoz in po pre\u010dkanju nadvoza takoj zavijete na levo. Po 70 m zavijete na desno in vo\u017enjo nadaljujete naravnost do stavbe Ceste Ljubljanske brigade 9a.<\/p>\n<p><strong>Smer Novo mesto &#8211; Ljubljana (dve mo\u017enosti):<\/strong><\/p>\n<p>*Greste po avtocesti A2. Na razcepu Malence se dr\u017eite desne in zavijete na vzhodni del ljubljanske obvoznice. Vo\u017enjo nadaljujete to razcepa Zadobrova, kjer zavijete levo na severno ljubljansko obvoznico. Nadaljujete vo\u017enjo do izvoza Lj &#8211; Sever, kjer zavijete na izvoz Lj &#8211; Sever. Pri izvozu se dr\u017eite leve. Pri semaforju zavijete ostro levo na skrajni levi pas. Nato pri semaforju zavijete levo, se dr\u017eite desnega pasu in pridete do kri\u017ei\u0161\u010da s Cesto Ljubljanske brigade. Nato zavijete levo, pre\u010dkate nadvoz in po pre\u010dkanju nadvoza takoj zavijete na levo. Po 70 m zavijete na desno in vo\u017enjo nadaljujete naravnost do stavbe Ceste Ljubljanske brigade 9a.<\/p>\n<p>*Greste po avtocesti A2. Na razcepu Malence se dr\u017eite leve in zavijete na ju\u017eni del ljubljanske obvoznice. Vo\u017enjo nadaljujete do razcepa Kozarje, kjer zavijete desno na severno ljubljansko obvoznico. Nadaljujete vo\u017enjo do izvoza Lj &#8211; Sever, kjer se zapeljete na izvoz Lj &#8211; Sever. Pri semaforju nadaljujete vo\u017enjo naravnost, se dr\u017eite desnega pasu in pridete do kri\u017ei\u0161\u010da s Cesto Ljubljanske brigade. Nato zavijete levo, pre\u010dkate nadvoz in po pre\u010dkanju nadvoza takoj zavijete na levo. Po 70 m zavijete na desno in vo\u017enjo nadaljujete naravnost do stavbe Ceste Ljubljanske brigade 9a.<\/p>\n<p>&nbsp;<\/p>\n<p><strong>PRVA FINAN\u010cNA AGENCIJA d.o.o<\/strong><br \/>\nTehnolo\u0161ki park 24<br \/>\n1000 Ljubljana<\/p>\n<p>GPS-koordinate:<br \/>\n46.081898, 14.482919<\/p>\n\n\t\t<\/div>\n\t<\/div>\n<\/div><\/div><\/div><\/div><\/div><\/div><\/div><\/div><\/div><\/div>\n<\/div>","protected":false},"excerpt":{"rendered":"Po\u0161ljite nam povpra\u0161evanje za storitev, ki jo potrebujete Va\u0161e ime (obvezno) Podjetje (obvezno) Va\u0161a e-po\u0161ta (obvezno) Zadeva Va\u0161e sporo\u010dilo Soglasje (obvezno) Z oddajo povpra\u0161evanja sogla\u0161am, da se bodo moji osebni podatki uporabili za vzpostavitev stika in komunikacijo z menoj.Izjava o varovanju osebnih podatkov Navodila za potMARIBORLJUBLJANAMARIBOR Kontaktne informacije Limbu\u0161ka cesta 2, 2341 Limbu\u0161 +386 8","protected":false},"author":1,"featured_media":0,"parent":1453,"menu_order":0,"comment_status":"closed","ping_status":"closed","template":"","meta":{"om_disable_all_campaigns":false,"_exactmetrics_skip_tracking":false,"_exactmetrics_sitenote_active":false,"_exactmetrics_sitenote_note":"","_exactmetrics_sitenote_category":0,"_monsterinsights_skip_tracking":false,"_monsterinsights_sitenote_active":false,"_monsterinsights_sitenote_note":"","_monsterinsights_sitenote_category":0,"_uf_show_specific_survey":0,"_uf_disable_surveys":false,"footnotes":""},"class_list":["post-11","page","type-page","status-publish","hentry"],"yoast_head":"<!-- This site is optimized with the Yoast SEO plugin v26.8 - https:\/\/yoast.com\/product\/yoast-seo-wordpress\/ -->\n<title>Kontakt - Prva finan\u010dna agencija<\/title>\n<meta name=\"description\" content=\"Kontaktni podatki preko katerih nas lahko kontaktirate za odkup terjatev, doma\u010di in mednarodni faktoring.\" \/>\n<meta name=\"robots\" content=\"index, follow, max-snippet:-1, max-image-preview:large, max-video-preview:-1\" \/>\n<link rel=\"canonical\" href=\"https:\/\/www.prvafina.si\/hr\/o-nas\/kontakt\/\" \/>\n<meta property=\"og:locale\" content=\"hr_HR\" \/>\n<meta property=\"og:type\" content=\"article\" \/>\n<meta property=\"og:title\" content=\"Kontakt - Prva finan\u010dna agencija\" \/>\n<meta property=\"og:description\" content=\"Kontaktni podatki preko katerih nas lahko kontaktirate za odkup terjatev, doma\u010di in mednarodni faktoring.\" \/>\n<meta property=\"og:url\" content=\"https:\/\/www.prvafina.si\/hr\/o-nas\/kontakt\/\" \/>\n<meta property=\"og:site_name\" content=\"Prva finan\u010dna agencija\" \/>\n<meta property=\"article:modified_time\" content=\"2025-02-06T13:00:01+00:00\" \/>\n<meta name=\"twitter:card\" content=\"summary_large_image\" \/>\n<meta name=\"twitter:label1\" content=\"Procijenjeno vrijeme \u010ditanja\" \/>\n\t<meta name=\"twitter:data1\" content=\"6 minuta\" \/>\n<script type=\"application\/ld+json\" class=\"yoast-schema-graph\">{\"@context\":\"https:\/\/schema.org\",\"@graph\":[{\"@type\":\"WebPage\",\"@id\":\"https:\/\/www.prvafina.si\/o-nas\/kontakt\/\",\"url\":\"https:\/\/www.prvafina.si\/o-nas\/kontakt\/\",\"name\":\"Kontakt - Prva finan\u010dna agencija\",\"isPartOf\":{\"@id\":\"https:\/\/www.prvafina.si\/#website\"},\"datePublished\":\"2015-12-15T06:37:48+00:00\",\"dateModified\":\"2025-02-06T13:00:01+00:00\",\"description\":\"Kontaktni podatki preko katerih nas lahko kontaktirate za odkup terjatev, doma\u010di in mednarodni faktoring.\",\"breadcrumb\":{\"@id\":\"https:\/\/www.prvafina.si\/o-nas\/kontakt\/#breadcrumb\"},\"inLanguage\":\"hr\",\"potentialAction\":[{\"@type\":\"ReadAction\",\"target\":[\"https:\/\/www.prvafina.si\/o-nas\/kontakt\/\"]}]},{\"@type\":\"BreadcrumbList\",\"@id\":\"https:\/\/www.prvafina.si\/o-nas\/kontakt\/#breadcrumb\",\"itemListElement\":[{\"@type\":\"ListItem\",\"position\":1,\"name\":\"Home\",\"item\":\"https:\/\/www.prvafina.si\/\"},{\"@type\":\"ListItem\",\"position\":2,\"name\":\"O nas\",\"item\":\"https:\/\/www.prvafina.si\/o-nas\/\"},{\"@type\":\"ListItem\",\"position\":3,\"name\":\"Kontakt\"}]},{\"@type\":\"WebSite\",\"@id\":\"https:\/\/www.prvafina.si\/#website\",\"url\":\"https:\/\/www.prvafina.si\/\",\"name\":\"Prva finan\u010dna agencija\",\"description\":\"\",\"potentialAction\":[{\"@type\":\"SearchAction\",\"target\":{\"@type\":\"EntryPoint\",\"urlTemplate\":\"https:\/\/www.prvafina.si\/?s={search_term_string}\"},\"query-input\":{\"@type\":\"PropertyValueSpecification\",\"valueRequired\":true,\"valueName\":\"search_term_string\"}}],\"inLanguage\":\"hr\"}]}<\/script>\n<!-- \/ Yoast SEO plugin. -->","yoast_head_json":{"title":"Kontakt - Prva finan\u010dna agencija","description":"Kontaktni podatki preko katerih nas lahko kontaktirate za odkup terjatev, doma\u010di in mednarodni faktoring.","robots":{"index":"index","follow":"follow","max-snippet":"max-snippet:-1","max-image-preview":"max-image-preview:large","max-video-preview":"max-video-preview:-1"},"canonical":"https:\/\/www.prvafina.si\/hr\/o-nas\/kontakt\/","og_locale":"hr_HR","og_type":"article","og_title":"Kontakt - Prva finan\u010dna agencija","og_description":"Kontaktni podatki preko katerih nas lahko kontaktirate za odkup terjatev, doma\u010di in mednarodni faktoring.","og_url":"https:\/\/www.prvafina.si\/hr\/o-nas\/kontakt\/","og_site_name":"Prva finan\u010dna agencija","article_modified_time":"2025-02-06T13:00:01+00:00","twitter_card":"summary_large_image","twitter_misc":{"Procijenjeno vrijeme \u010ditanja":"6 minuta"},"schema":{"@context":"https:\/\/schema.org","@graph":[{"@type":"WebPage","@id":"https:\/\/www.prvafina.si\/o-nas\/kontakt\/","url":"https:\/\/www.prvafina.si\/o-nas\/kontakt\/","name":"Kontakt - Prva finan\u010dna agencija","isPartOf":{"@id":"https:\/\/www.prvafina.si\/#website"},"datePublished":"2015-12-15T06:37:48+00:00","dateModified":"2025-02-06T13:00:01+00:00","description":"Kontaktni podatki preko katerih nas lahko kontaktirate za odkup terjatev, doma\u010di in mednarodni faktoring.","breadcrumb":{"@id":"https:\/\/www.prvafina.si\/o-nas\/kontakt\/#breadcrumb"},"inLanguage":"hr","potentialAction":[{"@type":"ReadAction","target":["https:\/\/www.prvafina.si\/o-nas\/kontakt\/"]}]},{"@type":"BreadcrumbList","@id":"https:\/\/www.prvafina.si\/o-nas\/kontakt\/#breadcrumb","itemListElement":[{"@type":"ListItem","position":1,"name":"Home","item":"https:\/\/www.prvafina.si\/"},{"@type":"ListItem","position":2,"name":"O nas","item":"https:\/\/www.prvafina.si\/o-nas\/"},{"@type":"ListItem","position":3,"name":"Kontakt"}]},{"@type":"WebSite","@id":"https:\/\/www.prvafina.si\/#website","url":"https:\/\/www.prvafina.si\/","name":"Prva finan\u010dna agencija","description":"","potentialAction":[{"@type":"SearchAction","target":{"@type":"EntryPoint","urlTemplate":"https:\/\/www.prvafina.si\/?s={search_term_string}"},"query-input":{"@type":"PropertyValueSpecification","valueRequired":true,"valueName":"search_term_string"}}],"inLanguage":"hr"}]}},"_links":{"self":[{"href":"https:\/\/www.prvafina.si\/hr\/wp-json\/wp\/v2\/pages\/11","targetHints":{"allow":["GET"]}}],"collection":[{"href":"https:\/\/www.prvafina.si\/hr\/wp-json\/wp\/v2\/pages"}],"about":[{"href":"https:\/\/www.prvafina.si\/hr\/wp-json\/wp\/v2\/types\/page"}],"author":[{"embeddable":true,"href":"https:\/\/www.prvafina.si\/hr\/wp-json\/wp\/v2\/users\/1"}],"replies":[{"embeddable":true,"href":"https:\/\/www.prvafina.si\/hr\/wp-json\/wp\/v2\/comments?post=11"}],"version-history":[{"count":58,"href":"https:\/\/www.prvafina.si\/hr\/wp-json\/wp\/v2\/pages\/11\/revisions"}],"predecessor-version":[{"id":3696,"href":"https:\/\/www.prvafina.si\/hr\/wp-json\/wp\/v2\/pages\/11\/revisions\/3696"}],"up":[{"embeddable":true,"href":"https:\/\/www.prvafina.si\/hr\/wp-json\/wp\/v2\/pages\/1453"}],"wp:attachment":[{"href":"https:\/\/www.prvafina.si\/hr\/wp-json\/wp\/v2\/media?parent=11"}],"curies":[{"name":"wp","href":"https:\/\/api.w.org\/{rel}","templated":true}]}}