{"id":1219,"date":"2016-03-07T20:03:41","date_gmt":"2016-03-07T19:03:41","guid":{"rendered":"http:\/\/prvafina.dev.tovarnaidej.com\/?page_id=1219"},"modified":"2021-03-28T19:43:32","modified_gmt":"2021-03-28T17:43:32","slug":"faktoring-dobavljaca-2","status":"publish","type":"page","link":"https:\/\/www.prvafina.si\/hr\/storitve\/faktoring\/faktoring-dobavljaca-2\/","title":{"rendered":"Faktoring dobavlja\u010da"},"content":{"rendered":"<div class=\"wpb-content-wrapper\"><div class=\"vc_row wpb_row vc_row-fluid vc_custom_1451991003825\"><div class=\"wpb_column vc_column_container vc_col-sm-9\"><div class=\"vc_column-inner\"><div class=\"wpb_wrapper\">\n\t<div  class=\"wpb_single_image wpb_content_element vc_align_left wpb_content_element vc_custom_1499932333590\">\n\t\t\n\t\t<figure class=\"wpb_wrapper vc_figure\">\n\t\t\t<div class=\"vc_single_image-wrapper   vc_box_border_grey\"><img decoding=\"async\" class=\"vc_single_image-img\" src=\"https:\/\/www.prvafina.si\/wp-content\/uploads\/2016\/03\/Dobaviteljski_faktoring_prvafina-1-825x393.jpg\" width=\"825\" height=\"393\" alt=\"Dobaviteljski_faktoring_prvafina\" title=\"Dobaviteljski_faktoring_prvafina\" loading=\"lazy\" \/><\/div>\n\t\t<\/figure>\n\t<\/div>\n\n\t<div class=\"wpb_text_column wpb_content_element vc_custom_1499422608832\" >\n\t\t<div class=\"wpb_wrapper\">\n\t\t\t<h2>Faktoring dobavlja\u010da<\/h2>\n<p><strong>Faktoring dobavlja\u010da<\/strong> je na\u010din financiranja, kjer dobavitelja ob zapadlosti ali ob dogovorjenem roku namesto vas popla\u010damo mi, vi pa obveznost poravnate nam z odlo\u017eenim rokom pla\u010dila. Ob tem lahko svojim kupcem ponudite odlog pla\u010dila in s tem pove\u010date svojo konkuren\u010dnost na prodajnem trgu.<\/p>\n\n\t\t<\/div>\n\t<\/div>\n\n\t<div class=\"wpb_text_column wpb_content_element vc_custom_1496422607740\" >\n\t\t<div class=\"wpb_wrapper\">\n\t\t\t<p><strong>Prednosti dobaviteljskega faktoringa:<\/strong><\/p>\n\n\t\t<\/div>\n\t<\/div>\n<div class=\"vc_row wpb_row vc_inner vc_row-fluid\"><div class=\"wpb_column vc_column_container vc_col-sm-4\"><div class=\"vc_column-inner\"><div class=\"wpb_wrapper\">\n\t<div  class=\"wpb_single_image wpb_content_element vc_align_center wpb_content_element\">\n\t\t\n\t\t<figure class=\"wpb_wrapper vc_figure\">\n\t\t\t<div class=\"vc_single_image-wrapper   vc_box_border_grey\"><img loading=\"lazy\" decoding=\"async\" width=\"40\" height=\"40\" src=\"https:\/\/www.prvafina.si\/wp-content\/uploads\/2016\/04\/kljukica_blue2.png\" class=\"vc_single_image-img attachment-thumbnail\" alt=\"\" title=\"kljukica_blue2\" \/><\/div>\n\t\t<\/figure>\n\t<\/div>\n\n\t<div class=\"wpb_text_column wpb_content_element\" >\n\t\t<div class=\"wpb_wrapper\">\n\t\t\t<p style=\"text-align: center;\">Obveznosti podjetja do dobavitelja popla\u010damo mi, podjetje pla\u010da svojo obveznost z odlo\u017eenim pla\u010dilom<\/p>\n\n\t\t<\/div>\n\t<\/div>\n<\/div><\/div><\/div><div class=\"wpb_column vc_column_container vc_col-sm-4\"><div class=\"vc_column-inner\"><div class=\"wpb_wrapper\">\n\t<div  class=\"wpb_single_image wpb_content_element vc_align_center wpb_content_element\">\n\t\t\n\t\t<figure class=\"wpb_wrapper vc_figure\">\n\t\t\t<div class=\"vc_single_image-wrapper   vc_box_border_grey\"><img loading=\"lazy\" decoding=\"async\" width=\"40\" height=\"40\" src=\"https:\/\/www.prvafina.si\/wp-content\/uploads\/2016\/04\/kljukica_blue2.png\" class=\"vc_single_image-img attachment-thumbnail\" alt=\"\" title=\"kljukica_blue2\" \/><\/div>\n\t\t<\/figure>\n\t<\/div>\n\n\t<div class=\"wpb_text_column wpb_content_element\" >\n\t\t<div class=\"wpb_wrapper\">\n\t\t\t<p style=\"text-align: center;\">Ker obveznosti podjetja do dobavitelja pred valuto popla\u010damo mi, podjetje dose\u017ee dodatne popuste (kasa skonto)<\/p>\n\n\t\t<\/div>\n\t<\/div>\n<\/div><\/div><\/div><div class=\"wpb_column vc_column_container vc_col-sm-4\"><div class=\"vc_column-inner\"><div class=\"wpb_wrapper\">\n\t<div  class=\"wpb_single_image wpb_content_element vc_align_center wpb_content_element\">\n\t\t\n\t\t<figure class=\"wpb_wrapper vc_figure\">\n\t\t\t<div class=\"vc_single_image-wrapper   vc_box_border_grey\"><img loading=\"lazy\" decoding=\"async\" width=\"40\" height=\"40\" src=\"https:\/\/www.prvafina.si\/wp-content\/uploads\/2016\/04\/kljukica_blue2.png\" class=\"vc_single_image-img attachment-thumbnail\" alt=\"\" title=\"kljukica_blue2\" \/><\/div>\n\t\t<\/figure>\n\t<\/div>\n\n\t<div class=\"wpb_text_column wpb_content_element\" >\n\t\t<div class=\"wpb_wrapper\">\n\t\t\t<p style=\"text-align: center;\">Manj\u0161a potreba po zadol\u017eevanju<\/p>\n\n\t\t<\/div>\n\t<\/div>\n<\/div><\/div><\/div><\/div><div class=\"vc_empty_space\"   style=\"height: 40px\"><span class=\"vc_empty_space_inner\"><\/span><\/div><div class=\"vc_row wpb_row vc_inner vc_row-fluid\"><div class=\"wpb_column vc_column_container vc_col-sm-4\"><div class=\"vc_column-inner\"><div class=\"wpb_wrapper\">\n\t<div  class=\"wpb_single_image wpb_content_element vc_align_center wpb_content_element\">\n\t\t\n\t\t<figure class=\"wpb_wrapper vc_figure\">\n\t\t\t<div class=\"vc_single_image-wrapper   vc_box_border_grey\"><img loading=\"lazy\" decoding=\"async\" width=\"40\" height=\"40\" src=\"https:\/\/www.prvafina.si\/wp-content\/uploads\/2016\/04\/kljukica_blue2.png\" class=\"vc_single_image-img attachment-thumbnail\" alt=\"\" title=\"kljukica_blue2\" \/><\/div>\n\t\t<\/figure>\n\t<\/div>\n\n\t<div class=\"wpb_text_column wpb_content_element\" >\n\t\t<div class=\"wpb_wrapper\">\n\t\t\t<p style=\"text-align: center;\">Podjetje lahko svojemu kupcu ponudi dalj\u0161e pla\u010dilne roke \u2013 konkuren\u010dnost na trgu<\/p>\n\n\t\t<\/div>\n\t<\/div>\n<\/div><\/div><\/div><div class=\"wpb_column vc_column_container vc_col-sm-4\"><div class=\"vc_column-inner\"><div class=\"wpb_wrapper\">\n\t<div  class=\"wpb_single_image wpb_content_element vc_align_center wpb_content_element\">\n\t\t\n\t\t<figure class=\"wpb_wrapper vc_figure\">\n\t\t\t<div class=\"vc_single_image-wrapper   vc_box_border_grey\"><img loading=\"lazy\" decoding=\"async\" width=\"40\" height=\"40\" src=\"https:\/\/www.prvafina.si\/wp-content\/uploads\/2016\/04\/kljukica_blue2.png\" class=\"vc_single_image-img attachment-thumbnail\" alt=\"\" title=\"kljukica_blue2\" \/><\/div>\n\t\t<\/figure>\n\t<\/div>\n\n\t<div class=\"wpb_text_column wpb_content_element\" >\n\t\t<div class=\"wpb_wrapper\">\n\t\t\t<p style=\"text-align: center;\">Obvladovanje in na\u010drtovanje denarnega toka po lastni meri<\/p>\n\n\t\t<\/div>\n\t<\/div>\n<\/div><\/div><\/div><div class=\"wpb_column vc_column_container vc_col-sm-4\"><div class=\"vc_column-inner\"><div class=\"wpb_wrapper\">\n\t<div  class=\"wpb_single_image wpb_content_element vc_align_center wpb_content_element\">\n\t\t\n\t\t<figure class=\"wpb_wrapper vc_figure\">\n\t\t\t<div class=\"vc_single_image-wrapper   vc_box_border_grey\"><img loading=\"lazy\" decoding=\"async\" width=\"40\" height=\"40\" src=\"https:\/\/www.prvafina.si\/wp-content\/uploads\/2016\/04\/kljukica_blue2.png\" class=\"vc_single_image-img attachment-thumbnail\" alt=\"\" title=\"kljukica_blue2\" \/><\/div>\n\t\t<\/figure>\n\t<\/div>\n\n\t<div class=\"wpb_text_column wpb_content_element\" >\n\t\t<div class=\"wpb_wrapper\">\n\t\t\t<p style=\"text-align: center;\">Izogibanje stro\u0161kov akreditivov in ban\u010dnih garancij, ki bi jih lahko dobavitelj zahteval<\/p>\n\n\t\t<\/div>\n\t<\/div>\n<\/div><\/div><\/div><\/div><div class=\"vc_empty_space\"   style=\"height: 40px\"><span class=\"vc_empty_space_inner\"><\/span><\/div>\n\t<div class=\"wpb_text_column wpb_content_element vc_custom_1499422770067\" >\n\t\t<div class=\"wpb_wrapper\">\n\t\t\t<p><strong>Komu je namenjen dobaviteljski faktoring?<\/strong><\/p>\n<p>a) Podjetjem, ki pri svojih dobaviteljih \u0161e ne u\u017eivajo zaupanja za prodajo z odlo\u017eenim rokom pla\u010dila<br \/>\nb) Podjetjem, ki ne \u017eelijo zni\u017eevati kreditnega potenciala<br \/>\nc) Podjetjem, ki \u017eelijo u\u010dinkovito obvladovati svoj denarni tok<\/p>\n<p>Izkoristite mo\u017enosti in nas kontaktirajte.<\/p>\n\n\t\t<\/div>\n\t<\/div>\n<div class=\"vc_empty_space\"   style=\"height: 40px\"><span class=\"vc_empty_space_inner\"><\/span><\/div>\n\t<div  class=\"wpb_single_image wpb_content_element vc_align_left wpb_content_element\">\n\t\t<h2 class=\"wpb_heading wpb_singleimage_heading\">Kako poteka dobaviteljski faktoring?<\/h2>\n\t\t<figure class=\"wpb_wrapper vc_figure\">\n\t\t\t<div class=\"vc_single_image-wrapper   vc_box_border_grey\"><img decoding=\"async\" class=\"vc_single_image-img\" src=\"https:\/\/www.prvafina.si\/wp-content\/uploads\/2016\/03\/dobaviteljski-1-500x500.jpg\" width=\"500\" height=\"500\" alt=\"dobaviteljski\" title=\"dobaviteljski\" loading=\"lazy\" \/><\/div>\n\t\t<\/figure>\n\t<\/div>\n\n\t<div class=\"wpb_text_column wpb_content_element\" >\n\t\t<div class=\"wpb_wrapper\">\n\t\t\t<p><strong>Potek posla:<\/strong><\/p>\n<p>1. Podjetje naro\u010di izdelke pri dobavitelju in z njegove strani prejme za dobavljeno blago\/opravljeno storitev ra\u010dun z dogovorjeno zapadlostjo.<br \/>\n2. Podjetje po\u0161lje dobaviteljev ra\u010dun Prvi finan\u010dni agenciji (PFA).<br \/>\n3. PFA po dogovoru s podjetjem poravna ra\u010dun dobavitelju pred oziroma najkasneje ob zapadlosti.<br \/>\n4. Podjetje pla\u010da obveznost PFA z odlo\u017eenim rokom pla\u010dila.<\/p>\n\n\t\t<\/div>\n\t<\/div>\n<\/div><\/div><\/div><div class=\"wpb_column vc_column_container vc_col-sm-3\"><div class=\"vc_column-inner\"><div class=\"wpb_wrapper\">\n<div class=\"stm_sidebar\">\n\t<style type=\"text\/css\" scoped>\n\t\t.vc_custom_1452056597103{margin-right: 0px !important;margin-bottom: 30px !important;margin-left: 0px !important;}.vc_custom_1451998133493{margin-bottom: 30px !important;}.vc_custom_1452056633692{padding-top: 37px !important;padding-right: 30px !important;padding-bottom: 40px !important;padding-left: 30px !important;}.vc_custom_1499862280819{margin-bottom: 9px !important;}.vc_custom_1457372212108{margin-bottom: 17px !important;}.vc_custom_1457379228803{margin-bottom: 35px !important;}.vc_custom_1617002103437{margin-bottom: 30px !important;}\t<\/style>\n\t<div class=\"wpb-content-wrapper\"><div class=\"vc_row wpb_row vc_row-fluid third_bg_color vc_custom_1452056597103\"><div class=\"wpb_column vc_column_container vc_col-sm-12\"><div class=\"vc_column-inner vc_custom_1452056633692\"><div class=\"wpb_wrapper\"><div class=\"vc_custom_heading vc_custom_1499862280819 text_align_left\" ><div style=\"font-size: 16px;color: #222222;text-align: left;font-family:Poppins;font-weight:600;font-style:normal\" ><a href=\"\/o-nas\/kontakt\/\">Zatra\u017eite poziv<\/a><\/div><\/div>\n\t<div class=\"wpb_text_column wpb_content_element vc_custom_1457372212108\" >\n\t\t<div class=\"wpb_wrapper\">\n\t\t\t<p>Kontaktirajte nas i zajedno \u0107emo prona\u0107i najbolje rje\u0161enje za va\u0161e poduze\u0107e.<\/p>\n\n\t\t<\/div>\n\t<\/div>\n<div class=\"vc_btn3-container vc_btn3-inline\"><a class=\"vc_general vc_btn3 vc_btn3-size-sm vc_btn3-shape-rounded vc_btn3-style-flat vc_btn3-icon-left vc_btn3-color-white\" href=\"\/o-nas\/kontakt\/\" title=\"\" target=\"_self\"><i class=\"vc_btn3-icon fa fa-phone-square\"><\/i> Kontakt<\/a><\/div>\n<\/div><\/div><\/div><\/div><div class=\"vc_row wpb_row vc_row-fluid\"><div class=\"wpb_column vc_column_container vc_col-sm-12\"><div class=\"vc_column-inner vc_custom_1457379228803\"><div class=\"wpb_wrapper\"><div class=\"vc_wp_search wpb_content_element\"><aside class=\"widget widget_search\"><h5 class=\"widget_title\">Tra\u017ei na stranici<\/h5><form method=\"get\" class=\"search-form\" action=\"https:\/\/www.prvafina.si\/hr\/\" data-trp-original-action=\"https:\/\/www.prvafina.si\/hr\/\">\r\n\t<input type=\"search\" class=\"form-control\" placeholder=\"I\u0161\u010dipo strani...\" value=\"\" name=\"s\" \/>\r\n\t<button type=\"submit\"><i class=\"fa fa-search\"><\/i><\/button>\r\n<input type=\"hidden\" name=\"trp-form-language\" value=\"hr\"\/><\/form><\/aside><\/div><div class=\"vc_wp_custommenu wpb_content_element\"><div class=\"widget widget_nav_menu\"><div class=\"menu-stranski-container\"><ul id=\"menu-stranski\" class=\"menu\"><li id=\"menu-item-1466\" class=\"menu-item menu-item-type-post_type menu-item-object-page menu-item-1466\"><a href=\"https:\/\/www.prvafina.si\/hr\/storitve\/otkup-potrazivanja\/\">Otkup potra\u017eivanja<\/a><\/li>\n<li id=\"menu-item-1238\" class=\"menu-item menu-item-type-post_type menu-item-object-page menu-item-1238\"><a href=\"https:\/\/www.prvafina.si\/hr\/storitve\/faktoring\/\">Faktoring<\/a><\/li>\n<\/ul><\/div><\/div><\/div><\/div><\/div><\/div><\/div><div class=\"vc_row wpb_row vc_row-fluid vc_custom_1451998133493\"><div class=\"wpb_column vc_column_container vc_col-sm-12\"><div class=\"vc_column-inner\"><div class=\"wpb_wrapper\"><div class=\"vc_btn3-container vc_btn3-left vc_custom_1617002103437\"><a class=\"vc_general vc_btn3 vc_btn3-size-lg vc_btn3-shape-rounded vc_btn3-style-flat vc_btn3-block vc_btn3-icon-left vc_btn3-color-theme_style_1\" href=\"\/wp-content\/uploads\/2017\/12\/Naroc%CC%8Cilo-za-preverjanje-1.doc\" title=\"\" target=\"_self\"><i class=\"vc_btn3-icon\"><\/i> Preuzmi dokument<\/a><\/div>\n\n\t<div class=\"stm_testimonials cols_1 style_1\">\n\t\t\t\t\t<div class=\"item\">\n\t\t\t\t<div class=\"testimonial\"><p>Faktoring je fleksibilna i brza usluga u odnosu na standardne metode financiranja putem bankovnih kredita koja se mo\u017ee prilagoditi potrebama klijenta.<\/p>\n<\/div>\n\t\t\t\t<div class=\"testimonial-info clearfix\">\n\t\t\t\t\t<div class=\"testimonial-image\"><img loading=\"lazy\" decoding=\"async\" width=\"50\" height=\"50\" src=\"https:\/\/www.prvafina.si\/wp-content\/uploads\/2016\/05\/nada_skoberne_1-50x50.jpg\" class=\"attachment-consulting-image-50x50-croped size-consulting-image-50x50-croped wp-post-image\" alt=\"\" srcset=\"https:\/\/www.prvafina.si\/wp-content\/uploads\/2016\/05\/nada_skoberne_1-50x50.jpg 50w, https:\/\/www.prvafina.si\/wp-content\/uploads\/2016\/05\/nada_skoberne_1-150x150.jpg 150w\" sizes=\"auto, (max-width: 50px) 100vw, 50px\" \/><\/div>\n\t\t\t\t\t<div class=\"testimonial-text\">\n\t\t\t\t\t\t<div class=\"name\">Nada \u0160koberne<\/div>\n\t\t\t\t\t\t<div class=\"company\">\n\t\t\t\t\t\t\tDirektorica, Prva finan\u010dna agencija\t\t\t\t\t\t<\/div>\n\t\t\t\t\t<\/div>\n\t\t\t\t<\/div>\n\t\t\t<\/div>\n\t\t\t<\/div>\n<\/div><\/div><\/div><\/div><div class=\"vc_row wpb_row vc_row-fluid\"><div class=\"wpb_column vc_column_container vc_col-sm-12\"><div class=\"vc_column-inner\"><div class=\"wpb_wrapper\"><\/div><\/div><\/div><\/div>\n<\/div><\/div><\/div><\/div><\/div><\/div><div data-vc-full-width=\"true\" data-vc-full-width-init=\"false\" class=\"vc_row wpb_row vc_row-fluid third_bg_color vc_custom_1451889219674\"><div class=\"wpb_column vc_column_container vc_col-sm-12\"><div class=\"vc_column-inner\"><div class=\"wpb_wrapper\"><section class=\"vc_cta3-container\"><div class=\"vc_general vc_do_cta3 vc_cta3 third_bg_color vc_cta3-style-flat vc_cta3-shape-square vc_cta3-align-left vc_cta3-color-classic vc_cta3-icon-size-md vc_cta3-actions-right vc_custom_1501086910426\"><div class=\"vc_cta3_content-container\"><div class=\"vc_cta3-content\"><header class=\"vc_cta3-content-header\"><div class=\"vc_custom_heading\" ><h2 style=\"font-size: 20px;color: #000000;line-height: 24px\" >Preverite mo\u017enosti dobaviteljskega faktoringa in nas kontaktirajte.<\/h2><\/div><\/header><\/div><div class=\"vc_cta3-actions\"><div class=\"vc_btn3-container vc_btn3-right\"><a class=\"vc_general vc_btn3 vc_btn3-size-md vc_btn3-shape-rounded vc_btn3-style-flat vc_btn3-block vc_btn3-icon-right vc_btn3-color-theme_style_2\" href=\"\/o-nas\/kontakt\/\" title=\"\" target=\"_self\">Kontakt <i class=\"vc_btn3-icon fa fa-chevron-right\"><\/i><\/a><\/div>\n<\/div><\/div><\/div><\/section><\/div><\/div><\/div><\/div><div class=\"vc_row-full-width vc_clearfix\"><\/div>\n<\/div>","protected":false},"excerpt":{"rendered":"","protected":false},"author":1,"featured_media":0,"parent":377,"menu_order":0,"comment_status":"closed","ping_status":"closed","template":"","meta":{"om_disable_all_campaigns":false,"_exactmetrics_skip_tracking":false,"_exactmetrics_sitenote_active":false,"_exactmetrics_sitenote_note":"","_exactmetrics_sitenote_category":0,"_monsterinsights_skip_tracking":false,"_monsterinsights_sitenote_active":false,"_monsterinsights_sitenote_note":"","_monsterinsights_sitenote_category":0,"_uf_show_specific_survey":0,"_uf_disable_surveys":false,"footnotes":""},"class_list":["post-1219","page","type-page","status-publish","hentry"],"yoast_head":"<!-- This site is optimized with the Yoast SEO plugin v26.8 - https:\/\/yoast.com\/product\/yoast-seo-wordpress\/ -->\n<title>Dobaviteljski faktoring - Prva finan\u010dna agencija<\/title>\n<meta name=\"description\" content=\"Dobaviteljski faktoring - Va\u0161ega dobavitelja popla\u010damo mi, pridobite cassa sconto. Kupcem ponudite odlog pla\u010dila, pove\u010date svojo konkuren\u010dnost.\" \/>\n<meta name=\"robots\" content=\"index, follow, max-snippet:-1, max-image-preview:large, max-video-preview:-1\" \/>\n<link rel=\"canonical\" href=\"https:\/\/www.prvafina.si\/hr\/storitve\/faktoring\/faktoring-dobavljaca-2\/\" \/>\n<meta property=\"og:locale\" content=\"hr_HR\" \/>\n<meta property=\"og:type\" content=\"article\" \/>\n<meta property=\"og:title\" content=\"Dobaviteljski faktoring - Prva finan\u010dna agencija\" \/>\n<meta property=\"og:description\" content=\"Dobaviteljski faktoring - Va\u0161ega dobavitelja popla\u010damo mi, pridobite cassa sconto. Kupcem ponudite odlog pla\u010dila, pove\u010date svojo konkuren\u010dnost.\" \/>\n<meta property=\"og:url\" content=\"https:\/\/www.prvafina.si\/hr\/storitve\/faktoring\/faktoring-dobavljaca-2\/\" \/>\n<meta property=\"og:site_name\" content=\"Prva finan\u010dna agencija\" \/>\n<meta property=\"article:modified_time\" content=\"2021-03-28T17:43:32+00:00\" \/>\n<meta name=\"twitter:card\" content=\"summary_large_image\" \/>\n<meta name=\"twitter:label1\" content=\"Procijenjeno vrijeme \u010ditanja\" \/>\n\t<meta name=\"twitter:data1\" content=\"3 minute\" \/>\n<script type=\"application\/ld+json\" class=\"yoast-schema-graph\">{\"@context\":\"https:\/\/schema.org\",\"@graph\":[{\"@type\":\"WebPage\",\"@id\":\"https:\/\/www.prvafina.si\/storitve\/faktoring\/dobaviteljski-faktoring\/\",\"url\":\"https:\/\/www.prvafina.si\/storitve\/faktoring\/dobaviteljski-faktoring\/\",\"name\":\"Dobaviteljski faktoring - Prva finan\u010dna agencija\",\"isPartOf\":{\"@id\":\"https:\/\/www.prvafina.si\/#website\"},\"datePublished\":\"2016-03-07T19:03:41+00:00\",\"dateModified\":\"2021-03-28T17:43:32+00:00\",\"description\":\"Dobaviteljski faktoring - Va\u0161ega dobavitelja popla\u010damo mi, pridobite cassa sconto. Kupcem ponudite odlog pla\u010dila, pove\u010date svojo konkuren\u010dnost.\",\"breadcrumb\":{\"@id\":\"https:\/\/www.prvafina.si\/storitve\/faktoring\/dobaviteljski-faktoring\/#breadcrumb\"},\"inLanguage\":\"hr\",\"potentialAction\":[{\"@type\":\"ReadAction\",\"target\":[\"https:\/\/www.prvafina.si\/storitve\/faktoring\/dobaviteljski-faktoring\/\"]}]},{\"@type\":\"BreadcrumbList\",\"@id\":\"https:\/\/www.prvafina.si\/storitve\/faktoring\/dobaviteljski-faktoring\/#breadcrumb\",\"itemListElement\":[{\"@type\":\"ListItem\",\"position\":1,\"name\":\"Home\",\"item\":\"https:\/\/www.prvafina.si\/\"},{\"@type\":\"ListItem\",\"position\":2,\"name\":\"Storitve\",\"item\":\"https:\/\/www.prvafina.si\/storitve\/\"},{\"@type\":\"ListItem\",\"position\":3,\"name\":\"Faktoring\",\"item\":\"https:\/\/www.prvafina.si\/storitve\/faktoring\/\"},{\"@type\":\"ListItem\",\"position\":4,\"name\":\"Dobaviteljski faktoring\"}]},{\"@type\":\"WebSite\",\"@id\":\"https:\/\/www.prvafina.si\/#website\",\"url\":\"https:\/\/www.prvafina.si\/\",\"name\":\"Prva finan\u010dna agencija\",\"description\":\"\",\"potentialAction\":[{\"@type\":\"SearchAction\",\"target\":{\"@type\":\"EntryPoint\",\"urlTemplate\":\"https:\/\/www.prvafina.si\/?s={search_term_string}\"},\"query-input\":{\"@type\":\"PropertyValueSpecification\",\"valueRequired\":true,\"valueName\":\"search_term_string\"}}],\"inLanguage\":\"hr\"}]}<\/script>\n<!-- \/ Yoast SEO plugin. -->","yoast_head_json":{"title":"Dobaviteljski faktoring - Prva finan\u010dna agencija","description":"Dobaviteljski faktoring - Va\u0161ega dobavitelja popla\u010damo mi, pridobite cassa sconto. Kupcem ponudite odlog pla\u010dila, pove\u010date svojo konkuren\u010dnost.","robots":{"index":"index","follow":"follow","max-snippet":"max-snippet:-1","max-image-preview":"max-image-preview:large","max-video-preview":"max-video-preview:-1"},"canonical":"https:\/\/www.prvafina.si\/hr\/storitve\/faktoring\/faktoring-dobavljaca-2\/","og_locale":"hr_HR","og_type":"article","og_title":"Dobaviteljski faktoring - Prva finan\u010dna agencija","og_description":"Dobaviteljski faktoring - Va\u0161ega dobavitelja popla\u010damo mi, pridobite cassa sconto. Kupcem ponudite odlog pla\u010dila, pove\u010date svojo konkuren\u010dnost.","og_url":"https:\/\/www.prvafina.si\/hr\/storitve\/faktoring\/faktoring-dobavljaca-2\/","og_site_name":"Prva finan\u010dna agencija","article_modified_time":"2021-03-28T17:43:32+00:00","twitter_card":"summary_large_image","twitter_misc":{"Procijenjeno vrijeme \u010ditanja":"3 minute"},"schema":{"@context":"https:\/\/schema.org","@graph":[{"@type":"WebPage","@id":"https:\/\/www.prvafina.si\/storitve\/faktoring\/dobaviteljski-faktoring\/","url":"https:\/\/www.prvafina.si\/storitve\/faktoring\/dobaviteljski-faktoring\/","name":"Dobaviteljski faktoring - Prva finan\u010dna agencija","isPartOf":{"@id":"https:\/\/www.prvafina.si\/#website"},"datePublished":"2016-03-07T19:03:41+00:00","dateModified":"2021-03-28T17:43:32+00:00","description":"Dobaviteljski faktoring - Va\u0161ega dobavitelja popla\u010damo mi, pridobite cassa sconto. Kupcem ponudite odlog pla\u010dila, pove\u010date svojo konkuren\u010dnost.","breadcrumb":{"@id":"https:\/\/www.prvafina.si\/storitve\/faktoring\/dobaviteljski-faktoring\/#breadcrumb"},"inLanguage":"hr","potentialAction":[{"@type":"ReadAction","target":["https:\/\/www.prvafina.si\/storitve\/faktoring\/dobaviteljski-faktoring\/"]}]},{"@type":"BreadcrumbList","@id":"https:\/\/www.prvafina.si\/storitve\/faktoring\/dobaviteljski-faktoring\/#breadcrumb","itemListElement":[{"@type":"ListItem","position":1,"name":"Home","item":"https:\/\/www.prvafina.si\/"},{"@type":"ListItem","position":2,"name":"Storitve","item":"https:\/\/www.prvafina.si\/storitve\/"},{"@type":"ListItem","position":3,"name":"Faktoring","item":"https:\/\/www.prvafina.si\/storitve\/faktoring\/"},{"@type":"ListItem","position":4,"name":"Dobaviteljski faktoring"}]},{"@type":"WebSite","@id":"https:\/\/www.prvafina.si\/#website","url":"https:\/\/www.prvafina.si\/","name":"Prva finan\u010dna agencija","description":"","potentialAction":[{"@type":"SearchAction","target":{"@type":"EntryPoint","urlTemplate":"https:\/\/www.prvafina.si\/?s={search_term_string}"},"query-input":{"@type":"PropertyValueSpecification","valueRequired":true,"valueName":"search_term_string"}}],"inLanguage":"hr"}]}},"_links":{"self":[{"href":"https:\/\/www.prvafina.si\/hr\/wp-json\/wp\/v2\/pages\/1219","targetHints":{"allow":["GET"]}}],"collection":[{"href":"https:\/\/www.prvafina.si\/hr\/wp-json\/wp\/v2\/pages"}],"about":[{"href":"https:\/\/www.prvafina.si\/hr\/wp-json\/wp\/v2\/types\/page"}],"author":[{"embeddable":true,"href":"https:\/\/www.prvafina.si\/hr\/wp-json\/wp\/v2\/users\/1"}],"replies":[{"embeddable":true,"href":"https:\/\/www.prvafina.si\/hr\/wp-json\/wp\/v2\/comments?post=1219"}],"version-history":[{"count":38,"href":"https:\/\/www.prvafina.si\/hr\/wp-json\/wp\/v2\/pages\/1219\/revisions"}],"predecessor-version":[{"id":2301,"href":"https:\/\/www.prvafina.si\/hr\/wp-json\/wp\/v2\/pages\/1219\/revisions\/2301"}],"up":[{"embeddable":true,"href":"https:\/\/www.prvafina.si\/hr\/wp-json\/wp\/v2\/pages\/377"}],"wp:attachment":[{"href":"https:\/\/www.prvafina.si\/hr\/wp-json\/wp\/v2\/media?parent=1219"}],"curies":[{"name":"wp","href":"https:\/\/api.w.org\/{rel}","templated":true}]}}