{"id":1261,"date":"2016-03-08T15:57:04","date_gmt":"2016-03-08T14:57:04","guid":{"rendered":"http:\/\/prvafina.dev.tovarnaidej.com\/?page_id=1261"},"modified":"2023-08-23T14:48:13","modified_gmt":"2023-08-23T12:48:13","slug":"osnovni-podaci","status":"publish","type":"page","link":"https:\/\/www.prvafina.si\/hr\/o-nas\/osnovni-podaci\/","title":{"rendered":"Osnovni podatki"},"content":{"rendered":"<div class=\"wpb-content-wrapper\"><div class=\"vc_row wpb_row vc_row-fluid vc_custom_1451991003825\"><div class=\"wpb_column vc_column_container vc_col-sm-9\"><div class=\"vc_column-inner\"><div class=\"wpb_wrapper\">\n\t<div  class=\"wpb_single_image wpb_content_element vc_align_left wpb_content_element vc_custom_1499933883885\">\n\t\t\n\t\t<figure class=\"wpb_wrapper vc_figure\">\n\t\t\t<div class=\"vc_single_image-wrapper   vc_box_border_grey\"><img decoding=\"async\" class=\"vc_single_image-img\" src=\"https:\/\/www.prvafina.si\/wp-content\/uploads\/2016\/03\/pisarna-825x393.jpg\" width=\"825\" height=\"393\" alt=\"pisarna\" title=\"pisarna\" loading=\"lazy\" \/><\/div>\n\t\t<\/figure>\n\t<\/div>\n\n\t<div class=\"wpb_text_column wpb_content_element vc_custom_1692794878138\" >\n\t\t<div class=\"wpb_wrapper\">\n\t\t\t<h2>Osnovni podatki<\/h2>\n<p class=\"align-justify\"><strong>PRVA FINAN\u010cNA AGENCIJA, dru\u017eba za unov\u010devanje in odkup terjatev d.o.o.<\/strong><\/p>\n<p class=\"bodytext\"><b>Skraj\u0161ana firma<\/b>: PRVA FINAN\u010cNA AGENCIJA d.o.o.<\/p>\n<p class=\"bodytext\"><b>Naslov<\/b>: Tehnolo\u0161ki park 24, 1000 Ljubljana<\/p>\n<p class=\"bodytext\"><b>Podru\u017enica<\/b>: Limbu\u0161ka cesta 2, 2341 Limbu\u0161<\/p>\n<p class=\"bodytext\"><b>Dav\u010dna \u0161t.: <\/b>45317852<\/p>\n<p class=\"bodytext\"><b>Mati\u010dna \u0161t.: <\/b>2095343<\/p>\n<p class=\"bodytext\"><b>Transakcijski ra\u010duni ( IBAN )<\/b>:<\/p>\n<table class=\"contenttable\" style=\"height: 146px; width: 85.7865%;\" border=\"0\" width=\"480\" cellspacing=\"0\" cellpadding=\"1\">\n<colgroup>\n<col width=\"258\" \/>\n<col width=\"85\" \/>\n<col width=\"258\" \/><\/colgroup>\n<tbody>\n<tr>\n<td style=\"width: 42.5957%;\">\n<p class=\"bodytext\">Nova Ljubljanska banka d.d.<\/p>\n<\/td>\n<td style=\"width: 14.1431%;\"><img loading=\"lazy\" decoding=\"async\" class=\"aligncenter\" src=\"https:\/\/www.ebonitete.si\/images\/banke\/02.png\" alt=\"\" width=\"42\" height=\"16\" \/><\/td>\n<td style=\"width: 140.848%;\">\n<p class=\"bodytext\">SI56 0228 0025 5455 636<\/p>\n<\/td>\n<\/tr>\n<tr>\n<td style=\"width: 42.5957%;\">\n<p class=\"bodytext\">Nova kreditna banka Maribor d.d.<\/p>\n<\/td>\n<td style=\"width: 14.1431%;\">\n<p class=\"bodytext\"><img loading=\"lazy\" decoding=\"async\" class=\"aligncenter\" src=\"https:\/\/www.ebonitete.si\/images\/banke\/04.png\" alt=\"\" width=\"67\" height=\"16\" \/><\/p>\n<\/td>\n<td style=\"width: 140.848%;\">\n<p class=\"bodytext\">SI56 0451 5000 1206 994<\/p>\n<\/td>\n<\/tr>\n<\/tbody>\n<\/table>\n<p class=\"align-justify\">Dru\u017eba je vpisana pri Okro\u017enem sodi\u0161\u010du v Ljubljani,\u0161t. 1\/42866\/00, Srg 2005\/11287.<\/p>\n<table class=\"contenttable\" style=\"width: 25.3856%;\" border=\"0\" width=\"389\" cellspacing=\"0\" cellpadding=\"1\">\n<colgroup>\n<col width=\"605\" \/><\/colgroup>\n<tbody>\n<tr>\n<td style=\"width: 100%;\" width=\"605\">\n<p class=\"bodytext\"><b>Direktorici dru\u017ebe:<\/b><\/p>\n<p class=\"bodytext\">\n<\/td>\n<\/tr>\n<tr>\n<td style=\"width: 100%;\" width=\"605\">\n<p class=\"bodytext\"><b>Dragica Razbor\u0161ek<\/b>, univ.dipl.ekon.<\/p>\n<\/td>\n<\/tr>\n<tr>\n<td style=\"width: 100%;\" width=\"605\">\n<p class=\"bodytext\"><b>Nada \u0160koberne<\/b>, univ.dipl.ekon.<\/p>\n<\/td>\n<\/tr>\n<\/tbody>\n<\/table>\n\n\t\t<\/div>\n\t<\/div>\n\n\t<div class=\"wpb_text_column wpb_content_element vc_custom_1496649504347\" >\n\t\t<div class=\"wpb_wrapper\">\n\t\t\t<blockquote><p>\nUspje\u0161no sura\u0111ujemo s nekoliko tisu\u0107a poduze\u0107a i samostalnih poduzetnika u Sloveniji i inozemstvu.\n<\/p><\/blockquote>\n\n\t\t<\/div>\n\t<\/div>\n<\/div><\/div><\/div><div class=\"wpb_column vc_column_container vc_col-sm-3\"><div class=\"vc_column-inner\"><div class=\"wpb_wrapper\">\n<div class=\"stm_sidebar\">\n\t<style type=\"text\/css\" scoped>\n\t\t.vc_custom_1452056597103{margin-right: 0px !important;margin-bottom: 30px !important;margin-left: 0px !important;}.vc_custom_1451998133493{margin-bottom: 30px !important;}.vc_custom_1452056633692{padding-top: 37px !important;padding-right: 30px !important;padding-bottom: 40px !important;padding-left: 30px !important;}.vc_custom_1499862280819{margin-bottom: 9px !important;}.vc_custom_1457372212108{margin-bottom: 17px !important;}.vc_custom_1457379228803{margin-bottom: 35px !important;}.vc_custom_1617002103437{margin-bottom: 30px !important;}\t<\/style>\n\t<div class=\"wpb-content-wrapper\"><div class=\"vc_row wpb_row vc_row-fluid third_bg_color vc_custom_1452056597103\"><div class=\"wpb_column vc_column_container vc_col-sm-12\"><div class=\"vc_column-inner vc_custom_1452056633692\"><div class=\"wpb_wrapper\"><div class=\"vc_custom_heading vc_custom_1499862280819 text_align_left\" ><div style=\"font-size: 16px;color: #222222;text-align: left;font-family:Poppins;font-weight:600;font-style:normal\" ><a href=\"\/o-nas\/kontakt\/\">Zatra\u017eite poziv<\/a><\/div><\/div>\n\t<div class=\"wpb_text_column wpb_content_element vc_custom_1457372212108\" >\n\t\t<div class=\"wpb_wrapper\">\n\t\t\t<p>Kontaktirajte nas i zajedno \u0107emo prona\u0107i najbolje rje\u0161enje za va\u0161e poduze\u0107e.<\/p>\n\n\t\t<\/div>\n\t<\/div>\n<div class=\"vc_btn3-container vc_btn3-inline\"><a class=\"vc_general vc_btn3 vc_btn3-size-sm vc_btn3-shape-rounded vc_btn3-style-flat vc_btn3-icon-left vc_btn3-color-white\" href=\"\/o-nas\/kontakt\/\" title=\"\" target=\"_self\"><i class=\"vc_btn3-icon fa fa-phone-square\"><\/i> Kontakt<\/a><\/div>\n<\/div><\/div><\/div><\/div><div class=\"vc_row wpb_row vc_row-fluid\"><div class=\"wpb_column vc_column_container vc_col-sm-12\"><div class=\"vc_column-inner vc_custom_1457379228803\"><div class=\"wpb_wrapper\"><div class=\"vc_wp_search wpb_content_element\"><aside class=\"widget widget_search\"><h5 class=\"widget_title\">Tra\u017ei na stranici<\/h5><form method=\"get\" class=\"search-form\" action=\"https:\/\/www.prvafina.si\/hr\/\" data-trp-original-action=\"https:\/\/www.prvafina.si\/hr\/\">\r\n\t<input type=\"search\" class=\"form-control\" placeholder=\"I\u0161\u010dipo strani...\" value=\"\" name=\"s\" \/>\r\n\t<button type=\"submit\"><i class=\"fa fa-search\"><\/i><\/button>\r\n<input type=\"hidden\" name=\"trp-form-language\" value=\"hr\"\/><\/form><\/aside><\/div><div class=\"vc_wp_custommenu wpb_content_element\"><div class=\"widget widget_nav_menu\"><div class=\"menu-stranski-container\"><ul id=\"menu-stranski\" class=\"menu\"><li id=\"menu-item-1466\" class=\"menu-item menu-item-type-post_type menu-item-object-page menu-item-1466\"><a href=\"https:\/\/www.prvafina.si\/hr\/storitve\/otkup-potrazivanja\/\">Otkup potra\u017eivanja<\/a><\/li>\n<li id=\"menu-item-1238\" class=\"menu-item menu-item-type-post_type menu-item-object-page menu-item-1238\"><a href=\"https:\/\/www.prvafina.si\/hr\/storitve\/faktoring\/\">Faktoring<\/a><\/li>\n<\/ul><\/div><\/div><\/div><\/div><\/div><\/div><\/div><div class=\"vc_row wpb_row vc_row-fluid vc_custom_1451998133493\"><div class=\"wpb_column vc_column_container vc_col-sm-12\"><div class=\"vc_column-inner\"><div class=\"wpb_wrapper\"><div class=\"vc_btn3-container vc_btn3-left vc_custom_1617002103437\"><a class=\"vc_general vc_btn3 vc_btn3-size-lg vc_btn3-shape-rounded vc_btn3-style-flat vc_btn3-block vc_btn3-icon-left vc_btn3-color-theme_style_1\" href=\"\/wp-content\/uploads\/2017\/12\/Naroc%CC%8Cilo-za-preverjanje-1.doc\" title=\"\" target=\"_self\"><i class=\"vc_btn3-icon\"><\/i> Preuzmi dokument<\/a><\/div>\n\n\t<div class=\"stm_testimonials cols_1 style_1\">\n\t\t\t\t\t<div class=\"item\">\n\t\t\t\t<div class=\"testimonial\"><p>Faktoring je fleksibilna i brza usluga u odnosu na standardne metode financiranja putem bankovnih kredita koja se mo\u017ee prilagoditi potrebama klijenta.<\/p>\n<\/div>\n\t\t\t\t<div class=\"testimonial-info clearfix\">\n\t\t\t\t\t<div class=\"testimonial-image\"><img loading=\"lazy\" decoding=\"async\" width=\"50\" height=\"50\" src=\"https:\/\/www.prvafina.si\/wp-content\/uploads\/2016\/05\/nada_skoberne_1-50x50.jpg\" class=\"attachment-consulting-image-50x50-croped size-consulting-image-50x50-croped wp-post-image\" alt=\"\" srcset=\"https:\/\/www.prvafina.si\/wp-content\/uploads\/2016\/05\/nada_skoberne_1-50x50.jpg 50w, https:\/\/www.prvafina.si\/wp-content\/uploads\/2016\/05\/nada_skoberne_1-150x150.jpg 150w\" sizes=\"auto, (max-width: 50px) 100vw, 50px\" \/><\/div>\n\t\t\t\t\t<div class=\"testimonial-text\">\n\t\t\t\t\t\t<div class=\"name\">Nada \u0160koberne<\/div>\n\t\t\t\t\t\t<div class=\"company\">\n\t\t\t\t\t\t\tDirektorica, Prva finan\u010dna agencija\t\t\t\t\t\t<\/div>\n\t\t\t\t\t<\/div>\n\t\t\t\t<\/div>\n\t\t\t<\/div>\n\t\t\t<\/div>\n<\/div><\/div><\/div><\/div><div class=\"vc_row wpb_row vc_row-fluid\"><div class=\"wpb_column vc_column_container vc_col-sm-12\"><div class=\"vc_column-inner\"><div class=\"wpb_wrapper\"><\/div><\/div><\/div><\/div>\n<\/div><\/div><\/div><\/div><\/div><\/div><div data-vc-full-width=\"true\" data-vc-full-width-init=\"false\" class=\"vc_row wpb_row vc_row-fluid third_bg_color vc_custom_1451889219674\"><div class=\"wpb_column vc_column_container vc_col-sm-12\"><div class=\"vc_column-inner\"><div class=\"wpb_wrapper\"><section class=\"vc_cta3-container\"><div class=\"vc_general vc_do_cta3 vc_cta3 third_bg_color vc_cta3-style-flat vc_cta3-shape-square vc_cta3-align-left vc_cta3-color-classic vc_cta3-icon-size-md vc_cta3-actions-right vc_custom_1501086757424\"><div class=\"vc_cta3_content-container\"><div class=\"vc_cta3-content\"><header class=\"vc_cta3-content-header\"><div class=\"vc_custom_heading\" ><h2 style=\"font-size: 20px;color: #000000;line-height: 24px\" >Tra\u017eite rje\u0161enje? Kontaktirajte nas.<\/h2><\/div><\/header><\/div><div class=\"vc_cta3-actions\"><div class=\"vc_btn3-container vc_btn3-right\"><a class=\"vc_general vc_btn3 vc_btn3-size-md vc_btn3-shape-rounded vc_btn3-style-flat vc_btn3-block vc_btn3-icon-right vc_btn3-color-theme_style_2\" href=\"\/o-nas\/kontakt\/\" title=\"\" target=\"_self\">Kontakt <i class=\"vc_btn3-icon fa fa-chevron-right\"><\/i><\/a><\/div>\n<\/div><\/div><\/div><\/section><\/div><\/div><\/div><\/div><div class=\"vc_row-full-width vc_clearfix\"><\/div>\n<\/div>","protected":false},"excerpt":{"rendered":"","protected":false},"author":1,"featured_media":0,"parent":1453,"menu_order":0,"comment_status":"closed","ping_status":"closed","template":"","meta":{"om_disable_all_campaigns":false,"_exactmetrics_skip_tracking":false,"_exactmetrics_sitenote_active":false,"_exactmetrics_sitenote_note":"","_exactmetrics_sitenote_category":0,"_monsterinsights_skip_tracking":false,"_monsterinsights_sitenote_active":false,"_monsterinsights_sitenote_note":"","_monsterinsights_sitenote_category":0,"_uf_show_specific_survey":0,"_uf_disable_surveys":false,"footnotes":""},"class_list":["post-1261","page","type-page","status-publish","hentry"],"yoast_head":"<!-- This site is optimized with the Yoast SEO plugin v26.8 - https:\/\/yoast.com\/product\/yoast-seo-wordpress\/ -->\n<title>Osnovni podatki - Prva finan\u010dna agencija<\/title>\n<meta name=\"robots\" content=\"index, follow, max-snippet:-1, max-image-preview:large, max-video-preview:-1\" \/>\n<link rel=\"canonical\" href=\"https:\/\/www.prvafina.si\/hr\/o-nas\/osnovni-podaci\/\" \/>\n<meta property=\"og:locale\" content=\"hr_HR\" \/>\n<meta property=\"og:type\" content=\"article\" \/>\n<meta property=\"og:title\" content=\"Osnovni podatki - Prva finan\u010dna agencija\" \/>\n<meta property=\"og:url\" content=\"https:\/\/www.prvafina.si\/hr\/o-nas\/osnovni-podaci\/\" \/>\n<meta property=\"og:site_name\" content=\"Prva finan\u010dna agencija\" \/>\n<meta property=\"article:modified_time\" content=\"2023-08-23T12:48:13+00:00\" \/>\n<meta property=\"og:image\" content=\"https:\/\/www.ebonitete.si\/images\/banke\/02.png\" \/>\n<meta name=\"twitter:card\" content=\"summary_large_image\" \/>\n<meta name=\"twitter:label1\" content=\"Procijenjeno vrijeme \u010ditanja\" \/>\n\t<meta name=\"twitter:data1\" content=\"2 minute\" \/>\n<script type=\"application\/ld+json\" class=\"yoast-schema-graph\">{\"@context\":\"https:\/\/schema.org\",\"@graph\":[{\"@type\":\"WebPage\",\"@id\":\"https:\/\/www.prvafina.si\/o-nas\/osnovni-podatki\/\",\"url\":\"https:\/\/www.prvafina.si\/o-nas\/osnovni-podatki\/\",\"name\":\"Osnovni podatki - Prva finan\u010dna agencija\",\"isPartOf\":{\"@id\":\"https:\/\/www.prvafina.si\/#website\"},\"primaryImageOfPage\":{\"@id\":\"https:\/\/www.prvafina.si\/o-nas\/osnovni-podatki\/#primaryimage\"},\"image\":{\"@id\":\"https:\/\/www.prvafina.si\/o-nas\/osnovni-podatki\/#primaryimage\"},\"thumbnailUrl\":\"https:\/\/www.ebonitete.si\/images\/banke\/02.png\",\"datePublished\":\"2016-03-08T14:57:04+00:00\",\"dateModified\":\"2023-08-23T12:48:13+00:00\",\"breadcrumb\":{\"@id\":\"https:\/\/www.prvafina.si\/o-nas\/osnovni-podatki\/#breadcrumb\"},\"inLanguage\":\"hr\",\"potentialAction\":[{\"@type\":\"ReadAction\",\"target\":[\"https:\/\/www.prvafina.si\/o-nas\/osnovni-podatki\/\"]}]},{\"@type\":\"ImageObject\",\"inLanguage\":\"hr\",\"@id\":\"https:\/\/www.prvafina.si\/o-nas\/osnovni-podatki\/#primaryimage\",\"url\":\"https:\/\/www.ebonitete.si\/images\/banke\/02.png\",\"contentUrl\":\"https:\/\/www.ebonitete.si\/images\/banke\/02.png\"},{\"@type\":\"BreadcrumbList\",\"@id\":\"https:\/\/www.prvafina.si\/o-nas\/osnovni-podatki\/#breadcrumb\",\"itemListElement\":[{\"@type\":\"ListItem\",\"position\":1,\"name\":\"Home\",\"item\":\"https:\/\/www.prvafina.si\/\"},{\"@type\":\"ListItem\",\"position\":2,\"name\":\"O nas\",\"item\":\"https:\/\/www.prvafina.si\/o-nas\/\"},{\"@type\":\"ListItem\",\"position\":3,\"name\":\"Osnovni podatki\"}]},{\"@type\":\"WebSite\",\"@id\":\"https:\/\/www.prvafina.si\/#website\",\"url\":\"https:\/\/www.prvafina.si\/\",\"name\":\"Prva finan\u010dna agencija\",\"description\":\"\",\"potentialAction\":[{\"@type\":\"SearchAction\",\"target\":{\"@type\":\"EntryPoint\",\"urlTemplate\":\"https:\/\/www.prvafina.si\/?s={search_term_string}\"},\"query-input\":{\"@type\":\"PropertyValueSpecification\",\"valueRequired\":true,\"valueName\":\"search_term_string\"}}],\"inLanguage\":\"hr\"}]}<\/script>\n<!-- \/ Yoast SEO plugin. -->","yoast_head_json":{"title":"Osnovni podatki - Prva finan\u010dna agencija","robots":{"index":"index","follow":"follow","max-snippet":"max-snippet:-1","max-image-preview":"max-image-preview:large","max-video-preview":"max-video-preview:-1"},"canonical":"https:\/\/www.prvafina.si\/hr\/o-nas\/osnovni-podaci\/","og_locale":"hr_HR","og_type":"article","og_title":"Osnovni podatki - Prva finan\u010dna agencija","og_url":"https:\/\/www.prvafina.si\/hr\/o-nas\/osnovni-podaci\/","og_site_name":"Prva finan\u010dna agencija","article_modified_time":"2023-08-23T12:48:13+00:00","og_image":[{"url":"https:\/\/www.ebonitete.si\/images\/banke\/02.png","type":"","width":"","height":""}],"twitter_card":"summary_large_image","twitter_misc":{"Procijenjeno vrijeme \u010ditanja":"2 minute"},"schema":{"@context":"https:\/\/schema.org","@graph":[{"@type":"WebPage","@id":"https:\/\/www.prvafina.si\/o-nas\/osnovni-podatki\/","url":"https:\/\/www.prvafina.si\/o-nas\/osnovni-podatki\/","name":"Osnovni podatki - Prva finan\u010dna agencija","isPartOf":{"@id":"https:\/\/www.prvafina.si\/#website"},"primaryImageOfPage":{"@id":"https:\/\/www.prvafina.si\/o-nas\/osnovni-podatki\/#primaryimage"},"image":{"@id":"https:\/\/www.prvafina.si\/o-nas\/osnovni-podatki\/#primaryimage"},"thumbnailUrl":"https:\/\/www.ebonitete.si\/images\/banke\/02.png","datePublished":"2016-03-08T14:57:04+00:00","dateModified":"2023-08-23T12:48:13+00:00","breadcrumb":{"@id":"https:\/\/www.prvafina.si\/o-nas\/osnovni-podatki\/#breadcrumb"},"inLanguage":"hr","potentialAction":[{"@type":"ReadAction","target":["https:\/\/www.prvafina.si\/o-nas\/osnovni-podatki\/"]}]},{"@type":"ImageObject","inLanguage":"hr","@id":"https:\/\/www.prvafina.si\/o-nas\/osnovni-podatki\/#primaryimage","url":"https:\/\/www.ebonitete.si\/images\/banke\/02.png","contentUrl":"https:\/\/www.ebonitete.si\/images\/banke\/02.png"},{"@type":"BreadcrumbList","@id":"https:\/\/www.prvafina.si\/o-nas\/osnovni-podatki\/#breadcrumb","itemListElement":[{"@type":"ListItem","position":1,"name":"Home","item":"https:\/\/www.prvafina.si\/"},{"@type":"ListItem","position":2,"name":"O nas","item":"https:\/\/www.prvafina.si\/o-nas\/"},{"@type":"ListItem","position":3,"name":"Osnovni podatki"}]},{"@type":"WebSite","@id":"https:\/\/www.prvafina.si\/#website","url":"https:\/\/www.prvafina.si\/","name":"Prva finan\u010dna agencija","description":"","potentialAction":[{"@type":"SearchAction","target":{"@type":"EntryPoint","urlTemplate":"https:\/\/www.prvafina.si\/?s={search_term_string}"},"query-input":{"@type":"PropertyValueSpecification","valueRequired":true,"valueName":"search_term_string"}}],"inLanguage":"hr"}]}},"_links":{"self":[{"href":"https:\/\/www.prvafina.si\/hr\/wp-json\/wp\/v2\/pages\/1261","targetHints":{"allow":["GET"]}}],"collection":[{"href":"https:\/\/www.prvafina.si\/hr\/wp-json\/wp\/v2\/pages"}],"about":[{"href":"https:\/\/www.prvafina.si\/hr\/wp-json\/wp\/v2\/types\/page"}],"author":[{"embeddable":true,"href":"https:\/\/www.prvafina.si\/hr\/wp-json\/wp\/v2\/users\/1"}],"replies":[{"embeddable":true,"href":"https:\/\/www.prvafina.si\/hr\/wp-json\/wp\/v2\/comments?post=1261"}],"version-history":[{"count":20,"href":"https:\/\/www.prvafina.si\/hr\/wp-json\/wp\/v2\/pages\/1261\/revisions"}],"predecessor-version":[{"id":3552,"href":"https:\/\/www.prvafina.si\/hr\/wp-json\/wp\/v2\/pages\/1261\/revisions\/3552"}],"up":[{"embeddable":true,"href":"https:\/\/www.prvafina.si\/hr\/wp-json\/wp\/v2\/pages\/1453"}],"wp:attachment":[{"href":"https:\/\/www.prvafina.si\/hr\/wp-json\/wp\/v2\/media?parent=1261"}],"curies":[{"name":"wp","href":"https:\/\/api.w.org\/{rel}","templated":true}]}}