{"id":1390,"date":"2016-04-06T20:43:50","date_gmt":"2016-04-06T19:43:50","guid":{"rendered":"http:\/\/prvafina.dev.tovarnaidej.com\/?page_id=1390"},"modified":"2026-02-18T12:42:55","modified_gmt":"2026-02-18T11:42:55","slug":"medunarodni-faktoring","status":"publish","type":"page","link":"https:\/\/www.prvafina.si\/hr\/storitve\/faktoring\/medunarodni-faktoring\/","title":{"rendered":"Me\u0111unarodni faktoring"},"content":{"rendered":"<div class=\"wpb-content-wrapper\"><div class=\"vc_row wpb_row vc_row-fluid vc_custom_1451991003825\"><div class=\"wpb_column vc_column_container vc_col-sm-9\"><div class=\"vc_column-inner\"><div class=\"wpb_wrapper\">\n\t<div  class=\"wpb_single_image wpb_content_element vc_align_left wpb_content_element vc_custom_1499932683389\">\n\t\t\n\t\t<figure class=\"wpb_wrapper vc_figure\">\n\t\t\t<div class=\"vc_single_image-wrapper   vc_box_border_grey\"><img decoding=\"async\" class=\"vc_single_image-img\" src=\"https:\/\/www.prvafina.si\/wp-content\/uploads\/2016\/03\/dobaviteljski-825x393.jpg\" width=\"825\" height=\"393\" alt=\"dobaviteljski\" title=\"dobaviteljski\" loading=\"lazy\" \/><\/div>\n\t\t<\/figure>\n\t<\/div>\n\n\t<div class=\"wpb_text_column wpb_content_element vc_custom_1771414949549\" >\n\t\t<div class=\"wpb_wrapper\">\n\t\t\t<h2>Me\u0111unarodni faktoring<\/h2>\n<p>Mednarodni faktoring (financiranje terjatev do tujih kupcev) predstavlja sodoben na\u010din financiranja slovenskih izvoznikov na hiter in enostaven na\u010din.<\/p>\n<p>Smo \u010dlanica mednarodne organizacije za faktoring \u2013 <a href=\"https:\/\/fci.nl\/en\/home\" target=\"_blank\" rel=\"noopener noreferrer\">FCI<\/a> (Factors Chain International), ki ima ve\u010d kot 400 \u010dlanov (faktoring hi\u0161e in banke) v 90 dr\u017eavah sveta. Zdru\u017eenje zagotavlja \u010dlanom edinstveno mre\u017eo za sodelovanje na podro\u010dju \u010dezmejnega faktoringa v obliki zavarovanja in financiranja terjatev.<\/p>\n<p>Kot \u010dlanica zdru\u017eenja podjetjem izvoznikom ali uvoznikom poleg <a href=\"\/storitve\/faktoring\/domaci-faktoring\/\" target=\"_blank\" rel=\"noopener noreferrer\">doma\u010dega faktoringa<\/a> ponujamo <strong>mednarodni faktoring<\/strong>.<\/p>\n<p>V sklopu mednarodnega faktoringa <strong>lahko prevzamemo\u00a0celotno tveganje nepla\u010dila terjatev<\/strong> zaradi trajne ali za\u010dasne pla\u010dilne nesposobnosti tujega kupca in poskrbimo za unov\u010ditev oziroma izpla\u010dilo 100% vrednosti terjatev. Ve\u010d o tem:\u00a0<a href=\"\/storitve\/zavarovanje-terjatev\/\" target=\"_blank\" rel=\"noopener noreferrer\">osiguranje potra\u017eivanja<\/a>.<\/p>\n<p>&nbsp;<\/p>\n<p>Za pripravo ponudbe izpolnite\u00a0<a href=\"https:\/\/www.prvafina.si\/wp-content\/uploads\/2026\/02\/Obrazec-za-preverjanje-kupca.doc\">Obrazec za pripravo ponudbe<\/a>.<\/p>\n<p>Preverite seznam dr\u017eav, kjer vam lahko ponudimo storitev mednarodnega faktoringa:\u00a0<a href=\"\/storitve\/faktoring\/mednarodni-faktoring\/pokritost\/\">SEZNAM DR\u017dAV<\/a>.<\/p>\n\n\t\t<\/div>\n\t<\/div>\n<div class=\"vc_empty_space\"   style=\"height: 32px\"><span class=\"vc_empty_space_inner\"><\/span><\/div>\n\t<div  class=\"wpb_single_image wpb_content_element vc_align_left wpb_content_element\">\n\t\t<h2 class=\"wpb_heading wpb_singleimage_heading\">Kako poteka mednarodni faktoring?<\/h2>\n\t\t<figure class=\"wpb_wrapper vc_figure\">\n\t\t\t<div class=\"vc_single_image-wrapper   vc_box_border_grey\"><img decoding=\"async\" class=\"vc_single_image-img\" src=\"https:\/\/www.prvafina.si\/wp-content\/uploads\/2016\/04\/mednarodni-500x500.jpg\" width=\"500\" height=\"500\" alt=\"Doma\u0107i faktoring\" title=\"Doma\u0107i faktoring\" loading=\"lazy\" \/><\/div>\n\t\t<\/figure>\n\t<\/div>\n\n\t<div class=\"wpb_text_column wpb_content_element\" >\n\t\t<div class=\"wpb_wrapper\">\n\t\t\t<p><strong>Potek posla:<\/strong><\/p>\n<p>1. Podjetje \u017eeli financiranje.<br \/>\n2. Prva finan\u010dna agencija (PFA) preveri mo\u017enost odobritve limita financiranja in zavarovanja pla\u010dila za kupca pri uvoznem faktorju v tujini.<br \/>\n3. Uvozni faktor odgovori PFA: 100-odstotna odobritev\/delna odobritev\/zavrnitev limita financiranja in zavarovanja.<br \/>\n4. Podjetje dobavi kupcu blago\/storitev in mu izda ra\u010dun z dogovorjeno zapadlostjo.<br \/>\n5. Podjetje po\u0161lje izdan ra\u010dun PFA.<br \/>\n6. PFA pred zapadlostjo ra\u010duna podjetju izpla\u010da do 95 % vrednosti ra\u010duna.<br \/>\n7. Kupec poravna ra\u010dun uvoznemu faktorju ob zapadlosti oziroma v dogovorjenem roku.<br \/>\n8. Uvozni faktor naka\u017ee pla\u010dilo PFA.<br \/>\n9. PFA izpla\u010da podjetju preostalo vrednost ra\u010duna.<\/p>\n\n\t\t<\/div>\n\t<\/div>\n<\/div><\/div><\/div><div class=\"wpb_column vc_column_container vc_col-sm-3\"><div class=\"vc_column-inner\"><div class=\"wpb_wrapper\">\n<div class=\"stm_sidebar\">\n\t<style type=\"text\/css\" scoped>\n\t\t.vc_custom_1457379228803{margin-bottom: 35px !important;}\t<\/style>\n\t<div class=\"wpb-content-wrapper\"><div class=\"vc_row wpb_row vc_row-fluid\"><div class=\"wpb_column vc_column_container vc_col-sm-12\"><div class=\"vc_column-inner vc_custom_1457379228803\"><div class=\"wpb_wrapper\"><div class=\"vc_wp_custommenu wpb_content_element\"><div class=\"widget widget_nav_menu\"><div class=\"menu-stranski-container\"><ul id=\"menu-stranski\" class=\"menu\"><li id=\"menu-item-1466\" class=\"menu-item menu-item-type-post_type menu-item-object-page menu-item-1466\"><a href=\"https:\/\/www.prvafina.si\/hr\/storitve\/otkup-potrazivanja\/\">Otkup potra\u017eivanja<\/a><\/li>\n<li id=\"menu-item-1238\" class=\"menu-item menu-item-type-post_type menu-item-object-page menu-item-1238\"><a href=\"https:\/\/www.prvafina.si\/hr\/storitve\/faktoring\/\">Faktoring<\/a><\/li>\n<\/ul><\/div><\/div><\/div><\/div><\/div><\/div><\/div>\n<\/div><\/div>\n<div class=\"stm_sidebar\">\n\t<style type=\"text\/css\" scoped>\n\t\t.vc_custom_1452056597103{margin-right: 0px !important;margin-bottom: 30px !important;margin-left: 0px !important;}.vc_custom_1452056633692{padding-top: 37px !important;padding-right: 30px !important;padding-bottom: 40px !important;padding-left: 30px !important;}.vc_custom_1457372225326{margin-bottom: 9px !important;}.vc_custom_1457372212108{margin-bottom: 17px !important;}.vc_custom_1457379228803{margin-bottom: 35px !important;}\t<\/style>\n\t<div class=\"wpb-content-wrapper\"><div class=\"vc_row wpb_row vc_row-fluid third_bg_color vc_custom_1452056597103\"><div class=\"wpb_column vc_column_container vc_col-sm-12\"><div class=\"vc_column-inner vc_custom_1452056633692\"><div class=\"wpb_wrapper\"><div class=\"vc_custom_heading vc_custom_1457372225326 text_align_left\" ><div style=\"font-size: 16px;color: #222222;text-align: left;font-family:Poppins;font-weight:600;font-style:normal\" >Zatra\u017eite poziv<\/div><\/div>\n\t<div class=\"wpb_text_column wpb_content_element vc_custom_1457372212108\" >\n\t\t<div class=\"wpb_wrapper\">\n\t\t\t<p>Kontaktirajte nas i zajedno \u0107emo prona\u0107i najbolje rje\u0161enje za va\u0161e poduze\u0107e.<\/p>\n\n\t\t<\/div>\n\t<\/div>\n<\/div><\/div><\/div><\/div><div class=\"vc_row wpb_row vc_row-fluid\"><div class=\"wpb_column vc_column_container vc_col-sm-12\"><div class=\"vc_column-inner vc_custom_1457379228803\"><div class=\"wpb_wrapper\"><div class=\"vc_wp_custommenu wpb_content_element\"><div class=\"widget widget_nav_menu\"><div class=\"menu-stranski-mednarodni-faktoring-container\"><ul id=\"menu-stranski-mednarodni-faktoring\" class=\"menu\"><li id=\"menu-item-1409\" class=\"menu-item menu-item-type-post_type menu-item-object-page menu-item-1409\"><a href=\"https:\/\/www.prvafina.si\/hr\/storitve\/faktoring\/medunarodni-faktoring\/komu-namenjen\/\">Kaj je in komu je namenjen<\/a><\/li>\n<li id=\"menu-item-1410\" class=\"menu-item menu-item-type-post_type menu-item-object-page menu-item-1410\"><a href=\"https:\/\/www.prvafina.si\/hr\/storitve\/faktoring\/medunarodni-faktoring\/kako-poteka\/\">Kako poteka<\/a><\/li>\n<li id=\"menu-item-1411\" class=\"menu-item menu-item-type-post_type menu-item-object-page menu-item-1411\"><a href=\"https:\/\/www.prvafina.si\/hr\/storitve\/faktoring\/medunarodni-faktoring\/prednosti\/\">Prednosti<\/a><\/li>\n<li id=\"menu-item-1413\" class=\"menu-item menu-item-type-post_type menu-item-object-page menu-item-1413\"><a href=\"https:\/\/www.prvafina.si\/hr\/storitve\/faktoring\/medunarodni-faktoring\/cena\/\">Cena<\/a><\/li>\n<li id=\"menu-item-1804\" class=\"menu-item menu-item-type-post_type menu-item-object-page menu-item-1804\"><a href=\"https:\/\/www.prvafina.si\/hr\/storitve\/faktoring\/medunarodni-faktoring\/pokritost\/\">Pokritost<\/a><\/li>\n<\/ul><\/div><\/div><\/div><\/div><\/div><\/div><\/div><div class=\"vc_row wpb_row vc_row-fluid\"><div class=\"wpb_column vc_column_container vc_col-sm-12\"><div class=\"vc_column-inner\"><div class=\"wpb_wrapper\">\n\t<div class=\"stm_testimonials cols_2 style_1\">\n\t\t\t\t\t<div class=\"item\">\n\t\t\t\t<div class=\"testimonial\"><p>Faktoring je fleksibilna i brza usluga u odnosu na standardne metode financiranja putem bankovnih kredita koja se mo\u017ee prilagoditi potrebama klijenta.<\/p>\n<\/div>\n\t\t\t\t<div class=\"testimonial-info clearfix\">\n\t\t\t\t\t<div class=\"testimonial-image\"><img loading=\"lazy\" decoding=\"async\" width=\"50\" height=\"50\" src=\"https:\/\/www.prvafina.si\/wp-content\/uploads\/2016\/05\/nada_skoberne_1-50x50.jpg\" class=\"attachment-consulting-image-50x50-croped size-consulting-image-50x50-croped wp-post-image\" alt=\"\" srcset=\"https:\/\/www.prvafina.si\/wp-content\/uploads\/2016\/05\/nada_skoberne_1-50x50.jpg 50w, https:\/\/www.prvafina.si\/wp-content\/uploads\/2016\/05\/nada_skoberne_1-150x150.jpg 150w\" sizes=\"auto, (max-width: 50px) 100vw, 50px\" \/><\/div>\n\t\t\t\t\t<div class=\"testimonial-text\">\n\t\t\t\t\t\t<div class=\"name\">Nada \u0160koberne<\/div>\n\t\t\t\t\t\t<div class=\"company\">\n\t\t\t\t\t\t\tDirektorica, Prva finan\u010dna agencija\t\t\t\t\t\t<\/div>\n\t\t\t\t\t<\/div>\n\t\t\t\t<\/div>\n\t\t\t<\/div>\n\t\t\t<\/div>\n<\/div><\/div><\/div><\/div>\n<\/div><\/div><\/div><\/div><\/div><\/div><div data-vc-full-width=\"true\" data-vc-full-width-init=\"false\" class=\"vc_row wpb_row vc_row-fluid third_bg_color vc_custom_1451889219674\"><div class=\"wpb_column vc_column_container vc_col-sm-12\"><div class=\"vc_column-inner\"><div class=\"wpb_wrapper\"><section class=\"vc_cta3-container\"><div class=\"vc_general vc_do_cta3 vc_cta3 third_bg_color vc_cta3-style-flat vc_cta3-shape-square vc_cta3-align-left vc_cta3-color-classic vc_cta3-icon-size-md vc_cta3-actions-right vc_custom_1501086963916\"><div class=\"vc_cta3_content-container\"><div class=\"vc_cta3-content\"><header class=\"vc_cta3-content-header\"><div class=\"vc_custom_heading\" ><h2 style=\"font-size: 20px;color: #000000;line-height: 24px\" >Kontaktirajte nas in preverite mo\u017enosti izvedbe mednarodnega faktoringa.<\/h2><\/div><\/header><\/div><div class=\"vc_cta3-actions\"><div class=\"vc_btn3-container vc_btn3-right\"><a class=\"vc_general vc_btn3 vc_btn3-size-md vc_btn3-shape-rounded vc_btn3-style-flat vc_btn3-block vc_btn3-icon-right vc_btn3-color-theme_style_2\" href=\"\/o-nas\/kontakt\/\" title=\"\" target=\"_self\">Kontakt <i class=\"vc_btn3-icon fa fa-chevron-right\"><\/i><\/a><\/div>\n<\/div><\/div><\/div><\/section><\/div><\/div><\/div><\/div><div class=\"vc_row-full-width vc_clearfix\"><\/div>\n<\/div>","protected":false},"excerpt":{"rendered":"","protected":false},"author":1,"featured_media":1300,"parent":377,"menu_order":0,"comment_status":"closed","ping_status":"closed","template":"","meta":{"om_disable_all_campaigns":false,"_exactmetrics_skip_tracking":false,"_exactmetrics_sitenote_active":false,"_exactmetrics_sitenote_note":"","_exactmetrics_sitenote_category":0,"_monsterinsights_skip_tracking":false,"_monsterinsights_sitenote_active":false,"_monsterinsights_sitenote_note":"","_monsterinsights_sitenote_category":0,"_uf_show_specific_survey":0,"_uf_disable_surveys":false,"footnotes":""},"class_list":["post-1390","page","type-page","status-publish","has-post-thumbnail","hentry"],"yoast_head":"<!-- This site is optimized with the Yoast SEO plugin v26.8 - https:\/\/yoast.com\/product\/yoast-seo-wordpress\/ -->\n<title>Mednarodni faktoring - Prva finan\u010dna agencija - Izvozni faktoring<\/title>\n<meta name=\"description\" content=\"Mednarodni faktoring izvoznikom ali uvoznikom na sodoben na\u010din omogo\u010da hitro in enostavno financiranje in zavarovanje terjatev.\" \/>\n<meta name=\"robots\" content=\"index, follow, max-snippet:-1, max-image-preview:large, max-video-preview:-1\" \/>\n<link rel=\"canonical\" href=\"https:\/\/www.prvafina.si\/hr\/storitve\/faktoring\/medunarodni-faktoring\/\" \/>\n<meta property=\"og:locale\" content=\"hr_HR\" \/>\n<meta property=\"og:type\" content=\"article\" \/>\n<meta property=\"og:title\" content=\"Mednarodni faktoring - Prva finan\u010dna agencija - Izvozni faktoring\" \/>\n<meta property=\"og:description\" content=\"Mednarodni faktoring izvoznikom ali uvoznikom na sodoben na\u010din omogo\u010da hitro in enostavno financiranje in zavarovanje terjatev.\" \/>\n<meta property=\"og:url\" content=\"https:\/\/www.prvafina.si\/hr\/storitve\/faktoring\/medunarodni-faktoring\/\" \/>\n<meta property=\"og:site_name\" content=\"Prva finan\u010dna agencija\" \/>\n<meta property=\"article:modified_time\" content=\"2026-02-18T11:42:55+00:00\" \/>\n<meta property=\"og:image\" content=\"https:\/\/www.prvafina.si\/wp-content\/uploads\/2016\/03\/dobaviteljski.jpg\" \/>\n\t<meta property=\"og:image:width\" content=\"825\" \/>\n\t<meta property=\"og:image:height\" content=\"462\" \/>\n\t<meta property=\"og:image:type\" content=\"image\/jpeg\" \/>\n<meta name=\"twitter:card\" content=\"summary_large_image\" \/>\n<meta name=\"twitter:label1\" content=\"Procijenjeno vrijeme \u010ditanja\" \/>\n\t<meta name=\"twitter:data1\" content=\"3 minute\" \/>\n<script type=\"application\/ld+json\" class=\"yoast-schema-graph\">{\"@context\":\"https:\/\/schema.org\",\"@graph\":[{\"@type\":\"WebPage\",\"@id\":\"https:\/\/www.prvafina.si\/storitve\/faktoring\/mednarodni-faktoring\/\",\"url\":\"https:\/\/www.prvafina.si\/storitve\/faktoring\/mednarodni-faktoring\/\",\"name\":\"Mednarodni faktoring - Prva finan\u010dna agencija - Izvozni faktoring\",\"isPartOf\":{\"@id\":\"https:\/\/www.prvafina.si\/#website\"},\"primaryImageOfPage\":{\"@id\":\"https:\/\/www.prvafina.si\/storitve\/faktoring\/mednarodni-faktoring\/#primaryimage\"},\"image\":{\"@id\":\"https:\/\/www.prvafina.si\/storitve\/faktoring\/mednarodni-faktoring\/#primaryimage\"},\"thumbnailUrl\":\"https:\/\/www.prvafina.si\/wp-content\/uploads\/2016\/03\/dobaviteljski.jpg\",\"datePublished\":\"2016-04-06T19:43:50+00:00\",\"dateModified\":\"2026-02-18T11:42:55+00:00\",\"description\":\"Mednarodni faktoring izvoznikom ali uvoznikom na sodoben na\u010din omogo\u010da hitro in enostavno financiranje in zavarovanje terjatev.\",\"breadcrumb\":{\"@id\":\"https:\/\/www.prvafina.si\/storitve\/faktoring\/mednarodni-faktoring\/#breadcrumb\"},\"inLanguage\":\"hr\",\"potentialAction\":[{\"@type\":\"ReadAction\",\"target\":[\"https:\/\/www.prvafina.si\/storitve\/faktoring\/mednarodni-faktoring\/\"]}]},{\"@type\":\"ImageObject\",\"inLanguage\":\"hr\",\"@id\":\"https:\/\/www.prvafina.si\/storitve\/faktoring\/mednarodni-faktoring\/#primaryimage\",\"url\":\"https:\/\/www.prvafina.si\/wp-content\/uploads\/2016\/03\/dobaviteljski.jpg\",\"contentUrl\":\"https:\/\/www.prvafina.si\/wp-content\/uploads\/2016\/03\/dobaviteljski.jpg\",\"width\":825,\"height\":462},{\"@type\":\"BreadcrumbList\",\"@id\":\"https:\/\/www.prvafina.si\/storitve\/faktoring\/mednarodni-faktoring\/#breadcrumb\",\"itemListElement\":[{\"@type\":\"ListItem\",\"position\":1,\"name\":\"Home\",\"item\":\"https:\/\/www.prvafina.si\/\"},{\"@type\":\"ListItem\",\"position\":2,\"name\":\"Storitve\",\"item\":\"https:\/\/www.prvafina.si\/storitve\/\"},{\"@type\":\"ListItem\",\"position\":3,\"name\":\"Faktoring\",\"item\":\"https:\/\/www.prvafina.si\/storitve\/faktoring\/\"},{\"@type\":\"ListItem\",\"position\":4,\"name\":\"Mednarodni faktoring\"}]},{\"@type\":\"WebSite\",\"@id\":\"https:\/\/www.prvafina.si\/#website\",\"url\":\"https:\/\/www.prvafina.si\/\",\"name\":\"Prva finan\u010dna agencija\",\"description\":\"\",\"potentialAction\":[{\"@type\":\"SearchAction\",\"target\":{\"@type\":\"EntryPoint\",\"urlTemplate\":\"https:\/\/www.prvafina.si\/?s={search_term_string}\"},\"query-input\":{\"@type\":\"PropertyValueSpecification\",\"valueRequired\":true,\"valueName\":\"search_term_string\"}}],\"inLanguage\":\"hr\"}]}<\/script>\n<!-- \/ Yoast SEO plugin. -->","yoast_head_json":{"title":"Mednarodni faktoring - Prva finan\u010dna agencija - Izvozni faktoring","description":"Mednarodni faktoring izvoznikom ali uvoznikom na sodoben na\u010din omogo\u010da hitro in enostavno financiranje in zavarovanje terjatev.","robots":{"index":"index","follow":"follow","max-snippet":"max-snippet:-1","max-image-preview":"max-image-preview:large","max-video-preview":"max-video-preview:-1"},"canonical":"https:\/\/www.prvafina.si\/hr\/storitve\/faktoring\/medunarodni-faktoring\/","og_locale":"hr_HR","og_type":"article","og_title":"Mednarodni faktoring - Prva finan\u010dna agencija - Izvozni faktoring","og_description":"Mednarodni faktoring izvoznikom ali uvoznikom na sodoben na\u010din omogo\u010da hitro in enostavno financiranje in zavarovanje terjatev.","og_url":"https:\/\/www.prvafina.si\/hr\/storitve\/faktoring\/medunarodni-faktoring\/","og_site_name":"Prva finan\u010dna agencija","article_modified_time":"2026-02-18T11:42:55+00:00","og_image":[{"width":825,"height":462,"url":"https:\/\/www.prvafina.si\/wp-content\/uploads\/2016\/03\/dobaviteljski.jpg","type":"image\/jpeg"}],"twitter_card":"summary_large_image","twitter_misc":{"Procijenjeno vrijeme \u010ditanja":"3 minute"},"schema":{"@context":"https:\/\/schema.org","@graph":[{"@type":"WebPage","@id":"https:\/\/www.prvafina.si\/storitve\/faktoring\/mednarodni-faktoring\/","url":"https:\/\/www.prvafina.si\/storitve\/faktoring\/mednarodni-faktoring\/","name":"Mednarodni faktoring - Prva finan\u010dna agencija - Izvozni faktoring","isPartOf":{"@id":"https:\/\/www.prvafina.si\/#website"},"primaryImageOfPage":{"@id":"https:\/\/www.prvafina.si\/storitve\/faktoring\/mednarodni-faktoring\/#primaryimage"},"image":{"@id":"https:\/\/www.prvafina.si\/storitve\/faktoring\/mednarodni-faktoring\/#primaryimage"},"thumbnailUrl":"https:\/\/www.prvafina.si\/wp-content\/uploads\/2016\/03\/dobaviteljski.jpg","datePublished":"2016-04-06T19:43:50+00:00","dateModified":"2026-02-18T11:42:55+00:00","description":"Mednarodni faktoring izvoznikom ali uvoznikom na sodoben na\u010din omogo\u010da hitro in enostavno financiranje in zavarovanje terjatev.","breadcrumb":{"@id":"https:\/\/www.prvafina.si\/storitve\/faktoring\/mednarodni-faktoring\/#breadcrumb"},"inLanguage":"hr","potentialAction":[{"@type":"ReadAction","target":["https:\/\/www.prvafina.si\/storitve\/faktoring\/mednarodni-faktoring\/"]}]},{"@type":"ImageObject","inLanguage":"hr","@id":"https:\/\/www.prvafina.si\/storitve\/faktoring\/mednarodni-faktoring\/#primaryimage","url":"https:\/\/www.prvafina.si\/wp-content\/uploads\/2016\/03\/dobaviteljski.jpg","contentUrl":"https:\/\/www.prvafina.si\/wp-content\/uploads\/2016\/03\/dobaviteljski.jpg","width":825,"height":462},{"@type":"BreadcrumbList","@id":"https:\/\/www.prvafina.si\/storitve\/faktoring\/mednarodni-faktoring\/#breadcrumb","itemListElement":[{"@type":"ListItem","position":1,"name":"Home","item":"https:\/\/www.prvafina.si\/"},{"@type":"ListItem","position":2,"name":"Storitve","item":"https:\/\/www.prvafina.si\/storitve\/"},{"@type":"ListItem","position":3,"name":"Faktoring","item":"https:\/\/www.prvafina.si\/storitve\/faktoring\/"},{"@type":"ListItem","position":4,"name":"Mednarodni faktoring"}]},{"@type":"WebSite","@id":"https:\/\/www.prvafina.si\/#website","url":"https:\/\/www.prvafina.si\/","name":"Prva finan\u010dna agencija","description":"","potentialAction":[{"@type":"SearchAction","target":{"@type":"EntryPoint","urlTemplate":"https:\/\/www.prvafina.si\/?s={search_term_string}"},"query-input":{"@type":"PropertyValueSpecification","valueRequired":true,"valueName":"search_term_string"}}],"inLanguage":"hr"}]}},"_links":{"self":[{"href":"https:\/\/www.prvafina.si\/hr\/wp-json\/wp\/v2\/pages\/1390","targetHints":{"allow":["GET"]}}],"collection":[{"href":"https:\/\/www.prvafina.si\/hr\/wp-json\/wp\/v2\/pages"}],"about":[{"href":"https:\/\/www.prvafina.si\/hr\/wp-json\/wp\/v2\/types\/page"}],"author":[{"embeddable":true,"href":"https:\/\/www.prvafina.si\/hr\/wp-json\/wp\/v2\/users\/1"}],"replies":[{"embeddable":true,"href":"https:\/\/www.prvafina.si\/hr\/wp-json\/wp\/v2\/comments?post=1390"}],"version-history":[{"count":40,"href":"https:\/\/www.prvafina.si\/hr\/wp-json\/wp\/v2\/pages\/1390\/revisions"}],"predecessor-version":[{"id":3733,"href":"https:\/\/www.prvafina.si\/hr\/wp-json\/wp\/v2\/pages\/1390\/revisions\/3733"}],"up":[{"embeddable":true,"href":"https:\/\/www.prvafina.si\/hr\/wp-json\/wp\/v2\/pages\/377"}],"wp:featuredmedia":[{"embeddable":true,"href":"https:\/\/www.prvafina.si\/hr\/wp-json\/wp\/v2\/media\/1300"}],"wp:attachment":[{"href":"https:\/\/www.prvafina.si\/hr\/wp-json\/wp\/v2\/media?parent=1390"}],"curies":[{"name":"wp","href":"https:\/\/api.w.org\/{rel}","templated":true}]}}