{"id":1402,"date":"2016-04-06T20:55:57","date_gmt":"2016-04-06T19:55:57","guid":{"rendered":"http:\/\/prvafina.dev.tovarnaidej.com\/?page_id=1402"},"modified":"2017-07-27T14:28:30","modified_gmt":"2017-07-27T12:28:30","slug":"prednosti","status":"publish","type":"page","link":"https:\/\/www.prvafina.si\/hr\/storitve\/faktoring\/medunarodni-faktoring\/prednosti\/","title":{"rendered":"Prednosti"},"content":{"rendered":"<div class=\"wpb-content-wrapper\"><div class=\"vc_row wpb_row vc_row-fluid vc_custom_1451991003825\"><div class=\"wpb_column vc_column_container vc_col-sm-9\"><div class=\"vc_column-inner\"><div class=\"wpb_wrapper\">\n\t<div class=\"wpb_text_column wpb_content_element vc_custom_1497371202602\" >\n\t\t<div class=\"wpb_wrapper\">\n\t\t\t<div id=\"c39\" class=\"csc-default\">\n<div class=\"csc-header csc-header-n1\">\n<h1 class=\"main\">Prednosti faktoringa<\/h1>\n<\/div>\n<\/div>\n\n\t\t<\/div>\n\t<\/div>\n<div class=\"vc_empty_space\"   style=\"height: 50px\"><span class=\"vc_empty_space_inner\"><\/span><\/div><div class=\"vc_row wpb_row vc_inner vc_row-fluid\"><div class=\"wpb_column vc_column_container vc_col-sm-4\"><div class=\"vc_column-inner\"><div class=\"wpb_wrapper\">\n\t<div  class=\"wpb_single_image wpb_content_element vc_align_center wpb_content_element\">\n\t\t\n\t\t<figure class=\"wpb_wrapper vc_figure\">\n\t\t\t<div class=\"vc_single_image-wrapper   vc_box_border_grey\"><img loading=\"lazy\" decoding=\"async\" width=\"40\" height=\"40\" src=\"https:\/\/www.prvafina.si\/wp-content\/uploads\/2016\/04\/kljukica_blue2.png\" class=\"vc_single_image-img attachment-thumbnail\" alt=\"\" title=\"kljukica_blue2\" \/><\/div>\n\t\t<\/figure>\n\t<\/div>\n\n\t<div class=\"wpb_text_column wpb_content_element\" >\n\t\t<div class=\"wpb_wrapper\">\n\t\t\t<p style=\"text-align: center;\"><b>Izbolj\u0161anje<\/b> likvidnostnega polo\u017eaja podjetja s hitro unov\u010ditvijo nezapadlih terjatev.<\/p>\n\n\t\t<\/div>\n\t<\/div>\n<\/div><\/div><\/div><div class=\"wpb_column vc_column_container vc_col-sm-4\"><div class=\"vc_column-inner\"><div class=\"wpb_wrapper\">\n\t<div  class=\"wpb_single_image wpb_content_element vc_align_center wpb_content_element\">\n\t\t\n\t\t<figure class=\"wpb_wrapper vc_figure\">\n\t\t\t<div class=\"vc_single_image-wrapper   vc_box_border_grey\"><img loading=\"lazy\" decoding=\"async\" width=\"40\" height=\"40\" src=\"https:\/\/www.prvafina.si\/wp-content\/uploads\/2016\/04\/kljukica_blue2.png\" class=\"vc_single_image-img attachment-thumbnail\" alt=\"\" title=\"kljukica_blue2\" \/><\/div>\n\t\t<\/figure>\n\t<\/div>\n\n\t<div class=\"wpb_text_column wpb_content_element\" >\n\t\t<div class=\"wpb_wrapper\">\n\t\t\t<p style=\"text-align: center;\"><b>100%<\/b> zmanj\u0161anje tveganja nepla\u010dila terjatev in posledi\u010dno izbolj\u0161anje varnosti poslovanja s tujino ter mo\u017enost varnega nastopa na novih trgih.<\/p>\n\n\t\t<\/div>\n\t<\/div>\n<\/div><\/div><\/div><div class=\"wpb_column vc_column_container vc_col-sm-4\"><div class=\"vc_column-inner\"><div class=\"wpb_wrapper\">\n\t<div  class=\"wpb_single_image wpb_content_element vc_align_center wpb_content_element\">\n\t\t\n\t\t<figure class=\"wpb_wrapper vc_figure\">\n\t\t\t<div class=\"vc_single_image-wrapper   vc_box_border_grey\"><img loading=\"lazy\" decoding=\"async\" width=\"40\" height=\"40\" src=\"https:\/\/www.prvafina.si\/wp-content\/uploads\/2016\/04\/kljukica_blue2.png\" class=\"vc_single_image-img attachment-thumbnail\" alt=\"\" title=\"kljukica_blue2\" \/><\/div>\n\t\t<\/figure>\n\t<\/div>\n\n\t<div class=\"wpb_text_column wpb_content_element\" >\n\t\t<div class=\"wpb_wrapper\">\n\t\t\t<p style=\"text-align: center;\"><b>Hitrej\u0161a rast<\/b> podjetja, saj je zagotovljena ve\u010dja predvidljivost denarnega toka in posledi\u010dno hitrej\u0161e obra\u010danje sredstev.<\/p>\n\n\t\t<\/div>\n\t<\/div>\n<\/div><\/div><\/div><\/div><div class=\"vc_empty_space\"   style=\"height: 50px\"><span class=\"vc_empty_space_inner\"><\/span><\/div><div class=\"vc_row wpb_row vc_inner vc_row-fluid\"><div class=\"wpb_column vc_column_container vc_col-sm-4\"><div class=\"vc_column-inner\"><div class=\"wpb_wrapper\">\n\t<div  class=\"wpb_single_image wpb_content_element vc_align_center wpb_content_element\">\n\t\t\n\t\t<figure class=\"wpb_wrapper vc_figure\">\n\t\t\t<div class=\"vc_single_image-wrapper   vc_box_border_grey\"><img loading=\"lazy\" decoding=\"async\" width=\"40\" height=\"40\" src=\"https:\/\/www.prvafina.si\/wp-content\/uploads\/2016\/04\/kljukica_blue2.png\" class=\"vc_single_image-img attachment-thumbnail\" alt=\"\" title=\"kljukica_blue2\" \/><\/div>\n\t\t<\/figure>\n\t<\/div>\n\n\t<div class=\"wpb_text_column wpb_content_element\" >\n\t\t<div class=\"wpb_wrapper\">\n\t\t\t<p style=\"text-align: center;\"><b>Izbolj\u0161anje <\/b>nabavnih pogojev, saj vam kori\u0161\u010denje financiranja omogo\u010da hitrej\u0161e poravnavanje obveznosti va\u0161im dobaviteljem ter kori\u0161\u010denje popustov.<\/p>\n\n\t\t<\/div>\n\t<\/div>\n<\/div><\/div><\/div><div class=\"wpb_column vc_column_container vc_col-sm-4\"><div class=\"vc_column-inner\"><div class=\"wpb_wrapper\">\n\t<div  class=\"wpb_single_image wpb_content_element vc_align_center wpb_content_element\">\n\t\t\n\t\t<figure class=\"wpb_wrapper vc_figure\">\n\t\t\t<div class=\"vc_single_image-wrapper   vc_box_border_grey\"><img loading=\"lazy\" decoding=\"async\" width=\"40\" height=\"40\" src=\"https:\/\/www.prvafina.si\/wp-content\/uploads\/2016\/04\/kljukica_blue2.png\" class=\"vc_single_image-img attachment-thumbnail\" alt=\"\" title=\"kljukica_blue2\" \/><\/div>\n\t\t<\/figure>\n\t<\/div>\n\n\t<div class=\"wpb_text_column wpb_content_element\" >\n\t\t<div class=\"wpb_wrapper\">\n\t\t\t<p style=\"text-align: center;\"><b>Pridobitev <\/b>konkuren\u010dnih prednosti na podro\u010dju prodaje, s tem ko boste lahko kupcem ponudili dalj\u0161e pla\u010dilne roke in posledi\u010dno pove\u010dali prodajo.<\/p>\n\n\t\t<\/div>\n\t<\/div>\n<\/div><\/div><\/div><div class=\"wpb_column vc_column_container vc_col-sm-4\"><div class=\"vc_column-inner\"><div class=\"wpb_wrapper\">\n\t<div  class=\"wpb_single_image wpb_content_element vc_align_center wpb_content_element\">\n\t\t\n\t\t<figure class=\"wpb_wrapper vc_figure\">\n\t\t\t<div class=\"vc_single_image-wrapper   vc_box_border_grey\"><img loading=\"lazy\" decoding=\"async\" width=\"40\" height=\"40\" src=\"https:\/\/www.prvafina.si\/wp-content\/uploads\/2016\/04\/kljukica_blue2.png\" class=\"vc_single_image-img attachment-thumbnail\" alt=\"\" title=\"kljukica_blue2\" \/><\/div>\n\t\t<\/figure>\n\t<\/div>\n\n\t<div class=\"wpb_text_column wpb_content_element\" >\n\t\t<div class=\"wpb_wrapper\">\n\t\t\t<p style=\"text-align: center;\"><b>Pozitiven vpliv<\/b> na boniteto va\u0161ega podjetja z izbolj\u0161anjem likvidnostnega polo\u017eaja in prevzemanjem tveganja proti nepla\u010dilu kupca, kar prispeva k izbolj\u0161anju pogajalskega polo\u017eaja v odnosih do bank ali drugih financerjev.<\/p>\n\n\t\t<\/div>\n\t<\/div>\n<\/div><\/div><\/div><\/div><div class=\"vc_empty_space\"   style=\"height: 50px\"><span class=\"vc_empty_space_inner\"><\/span><\/div><div class=\"vc_row wpb_row vc_inner vc_row-fluid\"><div class=\"wpb_column vc_column_container vc_col-sm-4\"><div class=\"vc_column-inner\"><div class=\"wpb_wrapper\">\n\t<div  class=\"wpb_single_image wpb_content_element vc_align_center wpb_content_element\">\n\t\t\n\t\t<figure class=\"wpb_wrapper vc_figure\">\n\t\t\t<div class=\"vc_single_image-wrapper   vc_box_border_grey\"><img loading=\"lazy\" decoding=\"async\" width=\"40\" height=\"40\" src=\"https:\/\/www.prvafina.si\/wp-content\/uploads\/2016\/04\/kljukica_blue2.png\" class=\"vc_single_image-img attachment-thumbnail\" alt=\"\" title=\"kljukica_blue2\" \/><\/div>\n\t\t<\/figure>\n\t<\/div>\n\n\t<div class=\"wpb_text_column wpb_content_element\" >\n\t\t<div class=\"wpb_wrapper\">\n\t\t\t<p style=\"text-align: center;\"><b>Ohranitev limitov<\/b> pri bankah, ki jih boste lahko koristili npr. za investicijske namene, saj je faktoring vir financiranja, ki v bilancah ne generira dolga in ne bremeni ban\u010dnih limitov va\u0161ega podjetja.<\/p>\n\n\t\t<\/div>\n\t<\/div>\n<\/div><\/div><\/div><div class=\"wpb_column vc_column_container vc_col-sm-4\"><div class=\"vc_column-inner\"><div class=\"wpb_wrapper\">\n\t<div  class=\"wpb_single_image wpb_content_element vc_align_center wpb_content_element\">\n\t\t\n\t\t<figure class=\"wpb_wrapper vc_figure\">\n\t\t\t<div class=\"vc_single_image-wrapper   vc_box_border_grey\"><img loading=\"lazy\" decoding=\"async\" width=\"40\" height=\"40\" src=\"https:\/\/www.prvafina.si\/wp-content\/uploads\/2016\/04\/kljukica_blue2.png\" class=\"vc_single_image-img attachment-thumbnail\" alt=\"\" title=\"kljukica_blue2\" \/><\/div>\n\t\t<\/figure>\n\t<\/div>\n\n\t<div class=\"wpb_text_column wpb_content_element\" >\n\t\t<div class=\"wpb_wrapper\">\n\t\t\t<p style=\"text-align: center;\"><b>Faktoring je<\/b> pro\u017ena in hitra storitev v primerjavi s standardnimi na\u010dini financiranja preko ban\u010dnih kreditov in jo je mogo\u010de prilagoditi potrebam naro\u010dnika.<\/p>\n\n\t\t<\/div>\n\t<\/div>\n<\/div><\/div><\/div><div class=\"wpb_column vc_column_container vc_col-sm-4\"><div class=\"vc_column-inner\"><div class=\"wpb_wrapper\">\n\t<div  class=\"wpb_single_image wpb_content_element vc_align_center wpb_content_element\">\n\t\t\n\t\t<figure class=\"wpb_wrapper vc_figure\">\n\t\t\t<div class=\"vc_single_image-wrapper   vc_box_border_grey\"><img loading=\"lazy\" decoding=\"async\" width=\"40\" height=\"40\" src=\"https:\/\/www.prvafina.si\/wp-content\/uploads\/2016\/04\/kljukica_blue2.png\" class=\"vc_single_image-img attachment-thumbnail\" alt=\"\" title=\"kljukica_blue2\" \/><\/div>\n\t\t<\/figure>\n\t<\/div>\n\n\t<div class=\"wpb_text_column wpb_content_element\" >\n\t\t<div class=\"wpb_wrapper\">\n\t\t\t<p style=\"text-align: center;\"><b>Prihranek<\/b> na \u010dasu in stro\u0161kih, saj bomo mi poskrbeli za preverjanje bonitete kupcev, unov\u010devanje, vodenje poslovnih knjig , \u2026 ; vi se boste pa lahko v celoti posvetili samemu poslovanju s kupci.<\/p>\n\n\t\t<\/div>\n\t<\/div>\n<\/div><\/div><\/div><\/div><div class=\"vc_empty_space\"   style=\"height: 50px\"><span class=\"vc_empty_space_inner\"><\/span><\/div><div class=\"vc_row wpb_row vc_inner vc_row-fluid\"><div class=\"wpb_column vc_column_container vc_col-sm-4\"><div class=\"vc_column-inner\"><div class=\"wpb_wrapper\">\n\t<div  class=\"wpb_single_image wpb_content_element vc_align_center wpb_content_element\">\n\t\t\n\t\t<figure class=\"wpb_wrapper vc_figure\">\n\t\t\t<div class=\"vc_single_image-wrapper   vc_box_border_grey\"><img loading=\"lazy\" decoding=\"async\" width=\"40\" height=\"40\" src=\"https:\/\/www.prvafina.si\/wp-content\/uploads\/2016\/04\/kljukica_blue2.png\" class=\"vc_single_image-img attachment-thumbnail\" alt=\"\" title=\"kljukica_blue2\" \/><\/div>\n\t\t<\/figure>\n\t<\/div>\n\n\t<div class=\"wpb_text_column wpb_content_element\" >\n\t\t<div class=\"wpb_wrapper\">\n\t\t\t<p style=\"text-align: center;\"><b>Brezskrbnost<\/b> pri spremljanju pla\u010dilne sposobnosti va\u0161ega kupca in zagotovljen\u00a0priliv.<\/p>\n\n\t\t<\/div>\n\t<\/div>\n<\/div><\/div><\/div><\/div><\/div><\/div><\/div><div class=\"wpb_column vc_column_container vc_col-sm-3\"><div class=\"vc_column-inner\"><div class=\"wpb_wrapper\">\n<div class=\"stm_sidebar\">\n\t<style type=\"text\/css\" scoped>\n\t\t.vc_custom_1452056597103{margin-right: 0px !important;margin-bottom: 30px !important;margin-left: 0px !important;}.vc_custom_1452056633692{padding-top: 37px !important;padding-right: 30px !important;padding-bottom: 40px !important;padding-left: 30px !important;}.vc_custom_1457372225326{margin-bottom: 9px !important;}.vc_custom_1457372212108{margin-bottom: 17px !important;}.vc_custom_1457379228803{margin-bottom: 35px !important;}\t<\/style>\n\t<div class=\"wpb-content-wrapper\"><div class=\"vc_row wpb_row vc_row-fluid third_bg_color vc_custom_1452056597103\"><div class=\"wpb_column vc_column_container vc_col-sm-12\"><div class=\"vc_column-inner vc_custom_1452056633692\"><div class=\"wpb_wrapper\"><div class=\"vc_custom_heading vc_custom_1457372225326 text_align_left\" ><div style=\"font-size: 16px;color: #222222;text-align: left;font-family:Poppins;font-weight:600;font-style:normal\" >Zatra\u017eite poziv<\/div><\/div>\n\t<div class=\"wpb_text_column wpb_content_element vc_custom_1457372212108\" >\n\t\t<div class=\"wpb_wrapper\">\n\t\t\t<p>Kontaktirajte nas i zajedno \u0107emo prona\u0107i najbolje rje\u0161enje za va\u0161e poduze\u0107e.<\/p>\n\n\t\t<\/div>\n\t<\/div>\n<\/div><\/div><\/div><\/div><div class=\"vc_row wpb_row vc_row-fluid\"><div class=\"wpb_column vc_column_container vc_col-sm-12\"><div class=\"vc_column-inner vc_custom_1457379228803\"><div class=\"wpb_wrapper\"><div class=\"vc_wp_custommenu wpb_content_element\"><div class=\"widget widget_nav_menu\"><div class=\"menu-stranski-mednarodni-faktoring-container\"><ul id=\"menu-stranski-mednarodni-faktoring\" class=\"menu\"><li id=\"menu-item-1409\" class=\"menu-item menu-item-type-post_type menu-item-object-page menu-item-1409\"><a href=\"https:\/\/www.prvafina.si\/hr\/storitve\/faktoring\/medunarodni-faktoring\/komu-namenjen\/\">Kaj je in komu je namenjen<\/a><\/li>\n<li id=\"menu-item-1410\" class=\"menu-item menu-item-type-post_type menu-item-object-page menu-item-1410\"><a href=\"https:\/\/www.prvafina.si\/hr\/storitve\/faktoring\/medunarodni-faktoring\/kako-poteka\/\">Kako poteka<\/a><\/li>\n<li id=\"menu-item-1411\" class=\"menu-item menu-item-type-post_type menu-item-object-page menu-item-1411\"><a href=\"https:\/\/www.prvafina.si\/hr\/storitve\/faktoring\/medunarodni-faktoring\/prednosti\/\">Prednosti<\/a><\/li>\n<li id=\"menu-item-1413\" class=\"menu-item menu-item-type-post_type menu-item-object-page menu-item-1413\"><a href=\"https:\/\/www.prvafina.si\/hr\/storitve\/faktoring\/medunarodni-faktoring\/cena\/\">Cena<\/a><\/li>\n<li id=\"menu-item-1804\" class=\"menu-item menu-item-type-post_type menu-item-object-page menu-item-1804\"><a href=\"https:\/\/www.prvafina.si\/hr\/storitve\/faktoring\/medunarodni-faktoring\/pokritost\/\">Pokritost<\/a><\/li>\n<\/ul><\/div><\/div><\/div><\/div><\/div><\/div><\/div><div class=\"vc_row wpb_row vc_row-fluid\"><div class=\"wpb_column vc_column_container vc_col-sm-12\"><div class=\"vc_column-inner\"><div class=\"wpb_wrapper\">\n\t<div class=\"stm_testimonials cols_2 style_1\">\n\t\t\t\t\t<div class=\"item\">\n\t\t\t\t<div class=\"testimonial\"><p>Faktoring je fleksibilna i brza usluga u odnosu na standardne metode financiranja putem bankovnih kredita koja se mo\u017ee prilagoditi potrebama klijenta.<\/p>\n<\/div>\n\t\t\t\t<div class=\"testimonial-info clearfix\">\n\t\t\t\t\t<div class=\"testimonial-image\"><img loading=\"lazy\" decoding=\"async\" width=\"50\" height=\"50\" src=\"https:\/\/www.prvafina.si\/wp-content\/uploads\/2016\/05\/nada_skoberne_1-50x50.jpg\" class=\"attachment-consulting-image-50x50-croped size-consulting-image-50x50-croped wp-post-image\" alt=\"\" srcset=\"https:\/\/www.prvafina.si\/wp-content\/uploads\/2016\/05\/nada_skoberne_1-50x50.jpg 50w, https:\/\/www.prvafina.si\/wp-content\/uploads\/2016\/05\/nada_skoberne_1-150x150.jpg 150w\" sizes=\"auto, (max-width: 50px) 100vw, 50px\" \/><\/div>\n\t\t\t\t\t<div class=\"testimonial-text\">\n\t\t\t\t\t\t<div class=\"name\">Nada \u0160koberne<\/div>\n\t\t\t\t\t\t<div class=\"company\">\n\t\t\t\t\t\t\tDirektorica, Prva finan\u010dna agencija\t\t\t\t\t\t<\/div>\n\t\t\t\t\t<\/div>\n\t\t\t\t<\/div>\n\t\t\t<\/div>\n\t\t\t<\/div>\n<\/div><\/div><\/div><\/div>\n<\/div><\/div><\/div><\/div><\/div><\/div><div data-vc-full-width=\"true\" data-vc-full-width-init=\"false\" class=\"vc_row wpb_row vc_row-fluid third_bg_color vc_custom_1451889219674\"><div class=\"wpb_column vc_column_container vc_col-sm-12\"><div class=\"vc_column-inner\"><div class=\"wpb_wrapper\"><section class=\"vc_cta3-container\"><div class=\"vc_general vc_do_cta3 vc_cta3 third_bg_color vc_cta3-style-flat vc_cta3-shape-square vc_cta3-align-left vc_cta3-color-classic vc_cta3-icon-size-md vc_cta3-actions-right vc_custom_1501158504897\"><div class=\"vc_cta3_content-container\"><div class=\"vc_cta3-content\"><header class=\"vc_cta3-content-header\"><div class=\"vc_custom_heading\" ><h2 style=\"font-size: 20px;color: #000000;line-height: 24px\" >Tra\u017eite rje\u0161enje? Kontaktirajte nas.<\/h2><\/div><\/header><\/div><div class=\"vc_cta3-actions\"><div class=\"vc_btn3-container vc_btn3-right\"><a class=\"vc_general vc_btn3 vc_btn3-size-md vc_btn3-shape-rounded vc_btn3-style-flat vc_btn3-block vc_btn3-icon-right vc_btn3-color-theme_style_2\" href=\"\/o-nas\/kontakt\/\" title=\"\" target=\"_self\">Kontakt <i class=\"vc_btn3-icon fa fa-chevron-right\"><\/i><\/a><\/div>\n<\/div><\/div><\/div><\/section><\/div><\/div><\/div><\/div><div class=\"vc_row-full-width vc_clearfix\"><\/div>\n<\/div>","protected":false},"excerpt":{"rendered":"","protected":false},"author":1,"featured_media":0,"parent":1390,"menu_order":0,"comment_status":"closed","ping_status":"closed","template":"","meta":{"om_disable_all_campaigns":false,"_exactmetrics_skip_tracking":false,"_exactmetrics_sitenote_active":false,"_exactmetrics_sitenote_note":"","_exactmetrics_sitenote_category":0,"_monsterinsights_skip_tracking":false,"_monsterinsights_sitenote_active":false,"_monsterinsights_sitenote_note":"","_monsterinsights_sitenote_category":0,"_uf_show_specific_survey":0,"_uf_disable_surveys":false,"footnotes":""},"class_list":["post-1402","page","type-page","status-publish","hentry"],"yoast_head":"<!-- This site is optimized with the Yoast SEO plugin v26.8 - https:\/\/yoast.com\/product\/yoast-seo-wordpress\/ -->\n<title>Prednosti - Prva finan\u010dna agencija<\/title>\n<meta name=\"robots\" content=\"index, follow, max-snippet:-1, max-image-preview:large, max-video-preview:-1\" \/>\n<link rel=\"canonical\" href=\"https:\/\/www.prvafina.si\/hr\/storitve\/faktoring\/medunarodni-faktoring\/prednosti\/\" \/>\n<meta property=\"og:locale\" content=\"hr_HR\" \/>\n<meta property=\"og:type\" content=\"article\" \/>\n<meta property=\"og:title\" content=\"Prednosti - Prva finan\u010dna agencija\" \/>\n<meta property=\"og:url\" content=\"https:\/\/www.prvafina.si\/hr\/storitve\/faktoring\/medunarodni-faktoring\/prednosti\/\" \/>\n<meta property=\"og:site_name\" content=\"Prva finan\u010dna agencija\" \/>\n<meta property=\"article:modified_time\" content=\"2017-07-27T12:28:30+00:00\" \/>\n<meta name=\"twitter:card\" content=\"summary_large_image\" \/>\n<meta name=\"twitter:label1\" content=\"Procijenjeno vrijeme \u010ditanja\" \/>\n\t<meta name=\"twitter:data1\" content=\"3 minute\" \/>\n<script type=\"application\/ld+json\" class=\"yoast-schema-graph\">{\"@context\":\"https:\/\/schema.org\",\"@graph\":[{\"@type\":\"WebPage\",\"@id\":\"https:\/\/www.prvafina.si\/storitve\/faktoring\/mednarodni-faktoring\/prednosti\/\",\"url\":\"https:\/\/www.prvafina.si\/storitve\/faktoring\/mednarodni-faktoring\/prednosti\/\",\"name\":\"Prednosti - Prva finan\u010dna agencija\",\"isPartOf\":{\"@id\":\"https:\/\/www.prvafina.si\/#website\"},\"datePublished\":\"2016-04-06T19:55:57+00:00\",\"dateModified\":\"2017-07-27T12:28:30+00:00\",\"breadcrumb\":{\"@id\":\"https:\/\/www.prvafina.si\/storitve\/faktoring\/mednarodni-faktoring\/prednosti\/#breadcrumb\"},\"inLanguage\":\"hr\",\"potentialAction\":[{\"@type\":\"ReadAction\",\"target\":[\"https:\/\/www.prvafina.si\/storitve\/faktoring\/mednarodni-faktoring\/prednosti\/\"]}]},{\"@type\":\"BreadcrumbList\",\"@id\":\"https:\/\/www.prvafina.si\/storitve\/faktoring\/mednarodni-faktoring\/prednosti\/#breadcrumb\",\"itemListElement\":[{\"@type\":\"ListItem\",\"position\":1,\"name\":\"Home\",\"item\":\"https:\/\/www.prvafina.si\/\"},{\"@type\":\"ListItem\",\"position\":2,\"name\":\"Storitve\",\"item\":\"https:\/\/www.prvafina.si\/storitve\/\"},{\"@type\":\"ListItem\",\"position\":3,\"name\":\"Faktoring\",\"item\":\"https:\/\/www.prvafina.si\/storitve\/faktoring\/\"},{\"@type\":\"ListItem\",\"position\":4,\"name\":\"Mednarodni faktoring\",\"item\":\"https:\/\/www.prvafina.si\/storitve\/faktoring\/mednarodni-faktoring\/\"},{\"@type\":\"ListItem\",\"position\":5,\"name\":\"Prednosti\"}]},{\"@type\":\"WebSite\",\"@id\":\"https:\/\/www.prvafina.si\/#website\",\"url\":\"https:\/\/www.prvafina.si\/\",\"name\":\"Prva finan\u010dna agencija\",\"description\":\"\",\"potentialAction\":[{\"@type\":\"SearchAction\",\"target\":{\"@type\":\"EntryPoint\",\"urlTemplate\":\"https:\/\/www.prvafina.si\/?s={search_term_string}\"},\"query-input\":{\"@type\":\"PropertyValueSpecification\",\"valueRequired\":true,\"valueName\":\"search_term_string\"}}],\"inLanguage\":\"hr\"}]}<\/script>\n<!-- \/ Yoast SEO plugin. -->","yoast_head_json":{"title":"Prednosti - Prva finan\u010dna agencija","robots":{"index":"index","follow":"follow","max-snippet":"max-snippet:-1","max-image-preview":"max-image-preview:large","max-video-preview":"max-video-preview:-1"},"canonical":"https:\/\/www.prvafina.si\/hr\/storitve\/faktoring\/medunarodni-faktoring\/prednosti\/","og_locale":"hr_HR","og_type":"article","og_title":"Prednosti - Prva finan\u010dna agencija","og_url":"https:\/\/www.prvafina.si\/hr\/storitve\/faktoring\/medunarodni-faktoring\/prednosti\/","og_site_name":"Prva finan\u010dna agencija","article_modified_time":"2017-07-27T12:28:30+00:00","twitter_card":"summary_large_image","twitter_misc":{"Procijenjeno vrijeme \u010ditanja":"3 minute"},"schema":{"@context":"https:\/\/schema.org","@graph":[{"@type":"WebPage","@id":"https:\/\/www.prvafina.si\/storitve\/faktoring\/mednarodni-faktoring\/prednosti\/","url":"https:\/\/www.prvafina.si\/storitve\/faktoring\/mednarodni-faktoring\/prednosti\/","name":"Prednosti - Prva finan\u010dna agencija","isPartOf":{"@id":"https:\/\/www.prvafina.si\/#website"},"datePublished":"2016-04-06T19:55:57+00:00","dateModified":"2017-07-27T12:28:30+00:00","breadcrumb":{"@id":"https:\/\/www.prvafina.si\/storitve\/faktoring\/mednarodni-faktoring\/prednosti\/#breadcrumb"},"inLanguage":"hr","potentialAction":[{"@type":"ReadAction","target":["https:\/\/www.prvafina.si\/storitve\/faktoring\/mednarodni-faktoring\/prednosti\/"]}]},{"@type":"BreadcrumbList","@id":"https:\/\/www.prvafina.si\/storitve\/faktoring\/mednarodni-faktoring\/prednosti\/#breadcrumb","itemListElement":[{"@type":"ListItem","position":1,"name":"Home","item":"https:\/\/www.prvafina.si\/"},{"@type":"ListItem","position":2,"name":"Storitve","item":"https:\/\/www.prvafina.si\/storitve\/"},{"@type":"ListItem","position":3,"name":"Faktoring","item":"https:\/\/www.prvafina.si\/storitve\/faktoring\/"},{"@type":"ListItem","position":4,"name":"Mednarodni faktoring","item":"https:\/\/www.prvafina.si\/storitve\/faktoring\/mednarodni-faktoring\/"},{"@type":"ListItem","position":5,"name":"Prednosti"}]},{"@type":"WebSite","@id":"https:\/\/www.prvafina.si\/#website","url":"https:\/\/www.prvafina.si\/","name":"Prva finan\u010dna agencija","description":"","potentialAction":[{"@type":"SearchAction","target":{"@type":"EntryPoint","urlTemplate":"https:\/\/www.prvafina.si\/?s={search_term_string}"},"query-input":{"@type":"PropertyValueSpecification","valueRequired":true,"valueName":"search_term_string"}}],"inLanguage":"hr"}]}},"_links":{"self":[{"href":"https:\/\/www.prvafina.si\/hr\/wp-json\/wp\/v2\/pages\/1402","targetHints":{"allow":["GET"]}}],"collection":[{"href":"https:\/\/www.prvafina.si\/hr\/wp-json\/wp\/v2\/pages"}],"about":[{"href":"https:\/\/www.prvafina.si\/hr\/wp-json\/wp\/v2\/types\/page"}],"author":[{"embeddable":true,"href":"https:\/\/www.prvafina.si\/hr\/wp-json\/wp\/v2\/users\/1"}],"replies":[{"embeddable":true,"href":"https:\/\/www.prvafina.si\/hr\/wp-json\/wp\/v2\/comments?post=1402"}],"version-history":[{"count":9,"href":"https:\/\/www.prvafina.si\/hr\/wp-json\/wp\/v2\/pages\/1402\/revisions"}],"predecessor-version":[{"id":2090,"href":"https:\/\/www.prvafina.si\/hr\/wp-json\/wp\/v2\/pages\/1402\/revisions\/2090"}],"up":[{"embeddable":true,"href":"https:\/\/www.prvafina.si\/hr\/wp-json\/wp\/v2\/pages\/1390"}],"wp:attachment":[{"href":"https:\/\/www.prvafina.si\/hr\/wp-json\/wp\/v2\/media?parent=1402"}],"curies":[{"name":"wp","href":"https:\/\/api.w.org\/{rel}","templated":true}]}}