{"id":2146,"date":"2017-09-12T08:02:29","date_gmt":"2017-09-12T06:02:29","guid":{"rendered":"http:\/\/www.prvafina.si\/?page_id=2146"},"modified":"2017-09-12T08:02:29","modified_gmt":"2017-09-12T06:02:29","slug":"arhiv-novic","status":"publish","type":"page","link":"https:\/\/www.prvafina.si\/hr\/arhiv-novic\/","title":{"rendered":"Arhiv novic"},"content":{"rendered":"<ul class=\"display-posts-listing\"><li class=\"listing-item\"><a class=\"title\" href=\"https:\/\/www.prvafina.si\/hr\/prva-financna-agencija-nudi-storitve-tudi-podjetjem-iz-hrvaske\/\">Odkup nezapadlih terjatev podjetij na Hrva\u0161kem, ki imajo terjatve do podjetij v Sloveniji<\/a><\/li><li class=\"listing-item\"><a class=\"title\" href=\"https:\/\/www.prvafina.si\/hr\/zakon-o-preprecevanju-zamud-pri-placilih-zprezp1\/\">Kaj ureja Zakon o prepre\u010devanju zamud pri pla\u010dilih (ZPreZP-1) in kak\u0161en je njegov osnovni namen?<\/a><\/li><li class=\"listing-item\"><a class=\"title\" href=\"https:\/\/www.prvafina.si\/hr\/izboljsanje-likvidnosti-podjetij-stalna-likvidnost-podjetja\/\">Izbolj\u0161anje likvidnosti podjetij [Konkretne re\u0161itve za stalno likvidnost podjetja in stabilnost denarnega toka]<\/a><\/li><li class=\"listing-item\"><a class=\"title\" href=\"https:\/\/www.prvafina.si\/hr\/izracun-bonitete-podjetij-in-bonitete-zaposlenih\/\">Kaj so bonitete, zakaj so pomembne in kako poteka izra\u010dun bonitete?<\/a><\/li><li class=\"listing-item\"><a class=\"title\" href=\"https:\/\/www.prvafina.si\/hr\/kompenzacija-pobot-terjatev\/\">Medsebojna kompenzacija ~ Pobot terjatev<\/a><\/li><li class=\"listing-item\"><a class=\"title\" href=\"https:\/\/www.prvafina.si\/hr\/ecb-ocenjuje-da-bo-letosnja-inflacija-3-2-odstotna\/\">ECB ocenjuje, da bo leto\u0161nja evrska inflacija 3,2-odstotna<\/a><\/li><li class=\"listing-item\"><a class=\"title\" href=\"https:\/\/www.prvafina.si\/hr\/tezave-pri-nakupu-in-dostavi-surovin\/\">Te\u017eave pri nakupu in dostavi surovin<\/a><\/li><li class=\"listing-item\"><a class=\"title\" href=\"https:\/\/www.prvafina.si\/hr\/posojila-za-podjetja-zagotavljanje-likvidnosti\/\">Posojila za podjetja in alternativni na\u010dini zagotavljanja likvidnosti<\/a><\/li><li class=\"listing-item\"><a class=\"title\" href=\"https:\/\/www.prvafina.si\/hr\/financiranje-podjetij\/\">Financiranje podjetij iz naslova prodaje terjatev je alternativa najemu kredita, katera omogo\u010da ugodno financiranje poslovanja<\/a><\/li><li class=\"listing-item\"><a class=\"title\" href=\"https:\/\/www.prvafina.si\/hr\/odlocite-se-za-neregresni-faktoring-zakaj\/\">Odlo\u010dite se za neregresni faktoring? Zakaj?<\/a><\/li><li class=\"listing-item\"><a class=\"title\" href=\"https:\/\/www.prvafina.si\/hr\/tveganja-po-drzavah-pricakovanje-tveganja-iz-naslova-nenadne-ustavitve-brutalna-prekinitev-kapitalskih-tokov\/\">Tveganja po dr\u017eavah: pri\u010dakovanje tveganja iz naslova \u201cnenadne ustavitve\u201d (brutalna prekinitev kapitalskih tokov)<\/a><\/li><li class=\"listing-item\"><a class=\"title\" href=\"https:\/\/www.prvafina.si\/hr\/faktoring-kot-instrument-zagotavljanja-trajne-likvidnosti\/\">Faktoring kot instrument zagotavljanja trajne likvidnosti<\/a><\/li><li class=\"listing-item\"><a class=\"title\" href=\"https:\/\/www.prvafina.si\/hr\/odkup-terjatev-omogoca-denar-takoj\/\">Odkup terjatev omogo\u010da \u00bbdenar takoj\u00ab<\/a><\/li><li class=\"listing-item\"><a class=\"title\" href=\"https:\/\/www.prvafina.si\/hr\/udelezba-na-seminarju-fci-v-bukaresti-romunija\/\">Udele\u017eba na seminarju FCI v Bukare\u0161ti, Romunija<\/a><\/li><li class=\"listing-item\"><a class=\"title\" href=\"https:\/\/www.prvafina.si\/hr\/pomemben-korak-v-razvoju-transparentnega-trzisca-poslovnih-bonitetnih-informacij\/\">Pomemben korak v razvoju transparentnega tr\u017ei\u0161\u010da poslovnih in bonitetnih informacij<\/a><\/li><li class=\"listing-item\"><a class=\"title\" href=\"https:\/\/www.prvafina.si\/hr\/placilna-disciplina-se-je-obcutno-izboljsala\/\">Pla\u010dilna disciplina se je ob\u010dutno izbolj\u0161ala<\/a><\/li><li class=\"listing-item\"><a class=\"title\" href=\"https:\/\/www.prvafina.si\/hr\/smiselno-je-oceniti-ali-je-partner-dober-ali-slab\/\">Smiselno je oceniti, ali je partner \u00bbdober\u00ab ali \u00bbslab\u00ab<\/a><\/li><li class=\"listing-item\"><a class=\"title\" href=\"https:\/\/www.prvafina.si\/hr\/nemski-forum-2017\/\">Nem\u0161ki forum 2017<\/a><\/li><li class=\"listing-item\"><a class=\"title\" href=\"https:\/\/www.prvafina.si\/hr\/1750\/\">Sre\u010danje bonitetnih agencij iz nekdanje Jugoslavije<\/a><\/li><li class=\"listing-item\"><a class=\"title\" href=\"https:\/\/www.prvafina.si\/hr\/dobaviteljski-faktoring-klasicen-faktoring-odkup-terjatev\/\">Dobaviteljski faktoring, klasi\u010den faktoring, odkup terjatev<\/a><\/li><li class=\"listing-item\"><a class=\"title\" href=\"https:\/\/www.prvafina.si\/hr\/podjetja-zelo-tezko-sama-dolocijo-boniteto-drugih\/\">Podjetja zelo te\u017eko sama dolo\u010dijo boniteto drugih<\/a><\/li><li class=\"listing-item\"><a class=\"title\" href=\"https:\/\/www.prvafina.si\/hr\/nad-problem-placilne-nediscipline-s-prvo-financno-agencijo-d-o-o\/\">Nad problem pla\u010dilne nediscipline s Prvo finan\u010dno agencijo d.o.o.<\/a><\/li><li class=\"listing-item\"><a class=\"title\" href=\"https:\/\/www.prvafina.si\/hr\/niti-osebno-poznanstvo-ni-vec-zagotovilo-za-placilo-racuna\/\">Niti osebno poznanstvo ni ve\u010d zagotovilo za pla\u010dilo ra\u010duna<\/a><\/li><li class=\"listing-item\"><a class=\"title\" href=\"https:\/\/www.prvafina.si\/hr\/kako-zmanjsati-tveganja-pri-vstopu-na-novi-trg\/\">Kako zmanj\u0161ati tveganja pri vstopu na novi trg<\/a><\/li><li class=\"listing-item\"><a class=\"title\" href=\"https:\/\/www.prvafina.si\/hr\/predcasno-placevanje-racunov-je-lahko-tudi-tezava\/\">Pred\u010dasno pla\u010devanje ra\u010dunov je lahko tudi te\u017eava<\/a><\/li><li class=\"listing-item\"><a class=\"title\" href=\"https:\/\/www.prvafina.si\/hr\/za-odkup-zanimive-predvsem-nezapadle-terjatve\/\">Za odkup so zanimive predvsem nezapadle terjatve<\/a><\/li><li class=\"listing-item\"><a class=\"title\" href=\"https:\/\/www.prvafina.si\/hr\/gzs-opozarja-na-morebitno-neustavnost-zakona-o-preprecevanju-zamud-pri-placilih\/\">GZS opozarja na morebitno neustavnost zakona o prepre\u010devanju zamud pri pla\u010dilih<\/a><\/li><\/ul>","protected":false},"excerpt":{"rendered":"\"Zakon posega v premo\u017eenje gospodarskih subjektov s tem, ko dolo\u010da, da morajo prijaviti zapadle obveznosti, in bo pretrgal denarne tokove. Posledica bo, da bodo podjetja, ki imajo izgubo, morala prijaviti obveznosti, zmanjkalo pa bo denarja za teko\u010de poslovanje,\" je menila Razbor\u0161kova in opozarja, da bi lahko pri\u0161lo do novega vala ste\u010dajev in prisilnih poravnav. &nbsp;","protected":false},"author":1,"featured_media":0,"parent":0,"menu_order":0,"comment_status":"closed","ping_status":"closed","template":"","meta":{"om_disable_all_campaigns":false,"_exactmetrics_skip_tracking":false,"_exactmetrics_sitenote_active":false,"_exactmetrics_sitenote_note":"","_exactmetrics_sitenote_category":0,"_monsterinsights_skip_tracking":false,"_monsterinsights_sitenote_active":false,"_monsterinsights_sitenote_note":"","_monsterinsights_sitenote_category":0,"_uf_show_specific_survey":0,"_uf_disable_surveys":false,"footnotes":""},"class_list":["post-2146","page","type-page","status-publish","hentry"],"yoast_head":"<!-- This site is optimized with the Yoast SEO plugin v26.8 - https:\/\/yoast.com\/product\/yoast-seo-wordpress\/ -->\n<title>Arhiv novic - Prva finan\u010dna agencija<\/title>\n<meta name=\"robots\" content=\"index, follow, max-snippet:-1, max-image-preview:large, max-video-preview:-1\" \/>\n<link rel=\"canonical\" href=\"https:\/\/www.prvafina.si\/hr\/arhiv-novic\/\" \/>\n<meta property=\"og:locale\" content=\"hr_HR\" \/>\n<meta property=\"og:type\" content=\"article\" \/>\n<meta property=\"og:title\" content=\"Arhiv novic - Prva finan\u010dna agencija\" \/>\n<meta property=\"og:url\" content=\"https:\/\/www.prvafina.si\/hr\/arhiv-novic\/\" \/>\n<meta property=\"og:site_name\" content=\"Prva finan\u010dna agencija\" \/>\n<meta name=\"twitter:card\" content=\"summary_large_image\" \/>\n<script type=\"application\/ld+json\" class=\"yoast-schema-graph\">{\"@context\":\"https:\/\/schema.org\",\"@graph\":[{\"@type\":\"WebPage\",\"@id\":\"https:\/\/www.prvafina.si\/en\/arhiv-novic\/\",\"url\":\"https:\/\/www.prvafina.si\/en\/arhiv-novic\/\",\"name\":\"Arhiv novic - Prva finan\u010dna agencija\",\"isPartOf\":{\"@id\":\"https:\/\/www.prvafina.si\/#website\"},\"datePublished\":\"2017-09-12T06:02:29+00:00\",\"breadcrumb\":{\"@id\":\"https:\/\/www.prvafina.si\/en\/arhiv-novic\/#breadcrumb\"},\"inLanguage\":\"hr\",\"potentialAction\":[{\"@type\":\"ReadAction\",\"target\":[\"https:\/\/www.prvafina.si\/en\/arhiv-novic\/\"]}]},{\"@type\":\"BreadcrumbList\",\"@id\":\"https:\/\/www.prvafina.si\/en\/arhiv-novic\/#breadcrumb\",\"itemListElement\":[{\"@type\":\"ListItem\",\"position\":1,\"name\":\"Home\",\"item\":\"https:\/\/www.prvafina.si\/\"},{\"@type\":\"ListItem\",\"position\":2,\"name\":\"Arhiv novic\"}]},{\"@type\":\"WebSite\",\"@id\":\"https:\/\/www.prvafina.si\/#website\",\"url\":\"https:\/\/www.prvafina.si\/\",\"name\":\"Prva finan\u010dna agencija\",\"description\":\"\",\"potentialAction\":[{\"@type\":\"SearchAction\",\"target\":{\"@type\":\"EntryPoint\",\"urlTemplate\":\"https:\/\/www.prvafina.si\/?s={search_term_string}\"},\"query-input\":{\"@type\":\"PropertyValueSpecification\",\"valueRequired\":true,\"valueName\":\"search_term_string\"}}],\"inLanguage\":\"hr\"}]}<\/script>\n<!-- \/ Yoast SEO plugin. -->","yoast_head_json":{"title":"Arhiv novic - Prva finan\u010dna agencija","robots":{"index":"index","follow":"follow","max-snippet":"max-snippet:-1","max-image-preview":"max-image-preview:large","max-video-preview":"max-video-preview:-1"},"canonical":"https:\/\/www.prvafina.si\/hr\/arhiv-novic\/","og_locale":"hr_HR","og_type":"article","og_title":"Arhiv novic - Prva finan\u010dna agencija","og_url":"https:\/\/www.prvafina.si\/hr\/arhiv-novic\/","og_site_name":"Prva finan\u010dna agencija","twitter_card":"summary_large_image","schema":{"@context":"https:\/\/schema.org","@graph":[{"@type":"WebPage","@id":"https:\/\/www.prvafina.si\/en\/arhiv-novic\/","url":"https:\/\/www.prvafina.si\/en\/arhiv-novic\/","name":"Arhiv novic - Prva finan\u010dna agencija","isPartOf":{"@id":"https:\/\/www.prvafina.si\/#website"},"datePublished":"2017-09-12T06:02:29+00:00","breadcrumb":{"@id":"https:\/\/www.prvafina.si\/en\/arhiv-novic\/#breadcrumb"},"inLanguage":"hr","potentialAction":[{"@type":"ReadAction","target":["https:\/\/www.prvafina.si\/en\/arhiv-novic\/"]}]},{"@type":"BreadcrumbList","@id":"https:\/\/www.prvafina.si\/en\/arhiv-novic\/#breadcrumb","itemListElement":[{"@type":"ListItem","position":1,"name":"Home","item":"https:\/\/www.prvafina.si\/"},{"@type":"ListItem","position":2,"name":"Arhiv novic"}]},{"@type":"WebSite","@id":"https:\/\/www.prvafina.si\/#website","url":"https:\/\/www.prvafina.si\/","name":"Prva finan\u010dna agencija","description":"","potentialAction":[{"@type":"SearchAction","target":{"@type":"EntryPoint","urlTemplate":"https:\/\/www.prvafina.si\/?s={search_term_string}"},"query-input":{"@type":"PropertyValueSpecification","valueRequired":true,"valueName":"search_term_string"}}],"inLanguage":"hr"}]}},"_links":{"self":[{"href":"https:\/\/www.prvafina.si\/hr\/wp-json\/wp\/v2\/pages\/2146","targetHints":{"allow":["GET"]}}],"collection":[{"href":"https:\/\/www.prvafina.si\/hr\/wp-json\/wp\/v2\/pages"}],"about":[{"href":"https:\/\/www.prvafina.si\/hr\/wp-json\/wp\/v2\/types\/page"}],"author":[{"embeddable":true,"href":"https:\/\/www.prvafina.si\/hr\/wp-json\/wp\/v2\/users\/1"}],"replies":[{"embeddable":true,"href":"https:\/\/www.prvafina.si\/hr\/wp-json\/wp\/v2\/comments?post=2146"}],"version-history":[{"count":1,"href":"https:\/\/www.prvafina.si\/hr\/wp-json\/wp\/v2\/pages\/2146\/revisions"}],"predecessor-version":[{"id":2147,"href":"https:\/\/www.prvafina.si\/hr\/wp-json\/wp\/v2\/pages\/2146\/revisions\/2147"}],"wp:attachment":[{"href":"https:\/\/www.prvafina.si\/hr\/wp-json\/wp\/v2\/media?parent=2146"}],"curies":[{"name":"wp","href":"https:\/\/api.w.org\/{rel}","templated":true}]}}