{"id":3430,"date":"2023-02-27T08:58:41","date_gmt":"2023-02-27T07:58:41","guid":{"rendered":"https:\/\/www.prvafina.si\/?page_id=3430"},"modified":"2023-04-05T08:58:31","modified_gmt":"2023-04-05T06:58:31","slug":"varovanje-osebnih-podatkov","status":"publish","type":"page","link":"https:\/\/www.prvafina.si\/hr\/varovanje-osebnih-podatkov\/","title":{"rendered":"Izjava o za\u0161titi podataka"},"content":{"rendered":"<h2 class=\"wp-block-heading\">1. Upravljavec zbirke osebnih podatkov:<\/h2>\r\n<p>Prva finan\u010dna agencija, d.o.o., Tehnolo\u0161ki park 24, 1000 Ljubljana<br \/><br \/>Kontakt: info@prvafina.si<\/p>\r\n<h2><br \/>2. \u010ce ste nas kontaktirali preko spletnega obrazca<\/h2>\r\n<p>Namen obdelave osebnih podatkov: vzpostavitev stika in komunikacija z vami.<\/p>\r\n<p>Pravna podlaga za obdelavo osebnih podatkov: na\u0161 zakoniti interes, da z vami kot potencialno stranko vzpostavimo stik (6\/1(f) GDPR).<\/p>\r\n<p>Obdobje hrambe osebnih podatkov: osebne podatke hranimo do zaklju\u010dka komunikacije z vami.<br \/><br \/><\/p>\r\n<h2>3. \u010ce ste se prijavili na na\u0161e e-novice<\/h2>\r\n<p>Na na\u0161e e-novice ste se lahko prijavili preko spletnega obrazca ali ob nakupu na\u0161ih storitev.<\/p>\r\n<p>Namen obdelave osebnih podatkov:<br \/>&#8211; da vas obve\u0161\u010damo o novostih in aktualnih ponudbah na\u0161e dru\u017ebe (neposredno tr\u017eenje storitev upravljavca),<br \/>&#8211; da vam posredujemo periodi\u010dne poslovne novice.<\/p>\r\n<p>Pravna podlaga za obdelavo osebnih podatkov: va\u0161a osebna privolitev, ki ste nam jo podali ob prijavi na e-novice (6\/1(a) GDPR) oziroma ob nakupu na\u0161ih storitev (226\/2 ZEKom-1).<\/p>\r\n<p>Obdobje hrambe osebnih podatkov: do preklica va\u0161e privolitve.<br \/><br \/><\/p>\r\n<h2>4. \u010ce ste na\u0161a stranka<\/h2>\r\n<p>Na\u0161e e-novice lahko prejmete tudi kot naro\u010dnik na\u0161ih storitev, brez da bi se nanje prijavili.<\/p>\r\n<p>Namen obdelave osebnih podatkov:<br \/>&#8211; da vas obve\u0161\u010damo o novostih in aktualnih ponudba na\u0161e dru\u017ebe (neposredno tr\u017eenje storitev upravljavca),<br \/>&#8211; da vam posredujemo periodi\u010dne poslovne novice.<\/p>\r\n<p>Pravna podlaga za obdelavo osebnih podatkov: na\u0161 zakoniti interes, da z vami kot naro\u010dnikom na\u0161ih storitev ohranjamo stik (6\/1(f) GDPR).<\/p>\r\n<p>Pravico imate, da kadarkoli ugovarjate obdelavi va\u0161ih osebnih podatkov v zvezi s tr\u017eenjem po tej to\u010dki (21\/2 GDPR).<\/p>\r\n<p>Obdobje hrambe osebnih podatkov: do va\u0161ega ugovora.<br \/><br \/><\/p>\r\n<h2>5. Uporabniki osebnih podatkov<\/h2>\r\n<p>Kategorije uporabnikov osebnih podatkov: ponudniki gostovanja spletnih storitev.<\/p>\r\n<p>Uporabniki, s katerimi ima upravljavec sklenjene ustrezne pogodbe o obdelavi osebnih podatkov, osebne podatke obdelujejo izklju\u010dno po navodilih in pod nadzorom upravljavca.<br \/><br \/><\/p>\r\n<h2>6. Informacije o pravicah posameznika<\/h2>\r\n<p>Kot posameznik imate pravico, da lahko zahtevate dostop do osebnih podatkov in popravek, izbris ali omejitev obdelave osebnih podatkov. Prav tako imate pravico, da ugovarjate obdelavi osebnih podatkov oziroma zahtevate njihov prenos.<\/p>\r\n<p>\u010ce obdelava osebnih podatkov temelji na va\u0161i osebni privolitvi, se lahko ta kadarkoli prekli\u010de, ne da bi to vplivalo na zakonitost obdelave podatkov, ki se je na podlagi privolitve izvajala do njenega preklica.<\/p>\r\n<p>Pravice je mogo\u010de uveljavljati s pisno vlogo, poslano na naslov upravljavca, po elektronski po\u0161ti na naslov info@prvafina.si ali po faksu na \u0161tevilo 08\/2003-881.<\/p>\r\n<p>Odjava od e-novic (smiselno preklic privolitve\/ugovor) je mo\u017ena tudi kadarkoli s klikom na odjavno povezavo v prejetih e-novicah. Upravljavec bo v najkraj\u0161em mo\u017enem \u010dasu prenehal z uporabo va\u0161ega osebnega elektronskega naslova ter vas o tem obvestil pisno po elektronski po\u0161ti.<br \/><br \/><\/p>\r\n<h2>7. Pravica do vlo\u017eitve prito\u017ebe pri nadzornem organu<\/h2>\r\n<p>Zoper ravnanje upravljavca v zvezi z varstvom osebnih podatkov je mogo\u010da prito\u017eba pri Informacijskem poobla\u0161\u010dencu Republike Slovenije.<\/p>","protected":false},"excerpt":{"rendered":"<p>1. Upravljavec zbirke osebnih podatkov: Prva finan\u010dna agencija, d.o.o., Tehnolo\u0161ki park 24, 1000 Ljubljana Kontakt: info@prvafina.si 2. \u010ce ste nas kontaktirali preko spletnega obrazca Namen obdelave osebnih podatkov: vzpostavitev stika in komunikacija z vami. Pravna podlaga za obdelavo osebnih podatkov: na\u0161 zakoniti interes, da z vami kot potencialno stranko vzpostavimo stik (6\/1(f) GDPR). Obdobje hrambe<\/p>","protected":false},"author":3,"featured_media":0,"parent":0,"menu_order":0,"comment_status":"closed","ping_status":"closed","template":"","meta":{"om_disable_all_campaigns":false,"_exactmetrics_skip_tracking":false,"_exactmetrics_sitenote_active":false,"_exactmetrics_sitenote_note":"","_exactmetrics_sitenote_category":0,"_monsterinsights_skip_tracking":false,"_monsterinsights_sitenote_active":false,"_monsterinsights_sitenote_note":"","_monsterinsights_sitenote_category":0,"_uf_show_specific_survey":0,"_uf_disable_surveys":false,"footnotes":""},"class_list":["post-3430","page","type-page","status-publish","hentry"],"yoast_head":"<!-- This site is optimized with the Yoast SEO plugin v26.8 - https:\/\/yoast.com\/product\/yoast-seo-wordpress\/ -->\n<title>Izjava o varstvu osebnih podatkov<\/title>\n<meta name=\"description\" content=\"Izjava o varstvu osebnih podatkov\" \/>\n<meta name=\"robots\" content=\"index, follow, max-snippet:-1, max-image-preview:large, max-video-preview:-1\" \/>\n<link rel=\"canonical\" href=\"https:\/\/www.prvafina.si\/hr\/varovanje-osebnih-podatkov\/\" \/>\n<meta property=\"og:locale\" content=\"hr_HR\" \/>\n<meta property=\"og:type\" content=\"article\" \/>\n<meta property=\"og:title\" content=\"Izjava o varstvu osebnih podatkov\" \/>\n<meta property=\"og:description\" content=\"Izjava o varstvu osebnih podatkov\" \/>\n<meta property=\"og:url\" content=\"https:\/\/www.prvafina.si\/hr\/varovanje-osebnih-podatkov\/\" \/>\n<meta property=\"og:site_name\" content=\"Prva finan\u010dna agencija\" \/>\n<meta property=\"article:modified_time\" content=\"2023-04-05T06:58:31+00:00\" \/>\n<meta name=\"twitter:card\" content=\"summary_large_image\" \/>\n<meta name=\"twitter:label1\" content=\"Procijenjeno vrijeme \u010ditanja\" \/>\n\t<meta name=\"twitter:data1\" content=\"3 minute\" \/>\n<script type=\"application\/ld+json\" class=\"yoast-schema-graph\">{\"@context\":\"https:\/\/schema.org\",\"@graph\":[{\"@type\":\"WebPage\",\"@id\":\"https:\/\/www.prvafina.si\/varovanje-osebnih-podatkov\/\",\"url\":\"https:\/\/www.prvafina.si\/varovanje-osebnih-podatkov\/\",\"name\":\"Izjava o varstvu osebnih podatkov\",\"isPartOf\":{\"@id\":\"https:\/\/www.prvafina.si\/#website\"},\"datePublished\":\"2023-02-27T07:58:41+00:00\",\"dateModified\":\"2023-04-05T06:58:31+00:00\",\"description\":\"Izjava o varstvu osebnih podatkov\",\"breadcrumb\":{\"@id\":\"https:\/\/www.prvafina.si\/varovanje-osebnih-podatkov\/#breadcrumb\"},\"inLanguage\":\"hr\",\"potentialAction\":[{\"@type\":\"ReadAction\",\"target\":[\"https:\/\/www.prvafina.si\/varovanje-osebnih-podatkov\/\"]}]},{\"@type\":\"BreadcrumbList\",\"@id\":\"https:\/\/www.prvafina.si\/varovanje-osebnih-podatkov\/#breadcrumb\",\"itemListElement\":[{\"@type\":\"ListItem\",\"position\":1,\"name\":\"Home\",\"item\":\"https:\/\/www.prvafina.si\/\"},{\"@type\":\"ListItem\",\"position\":2,\"name\":\"Izjava o varovanju osebnih podatkov\"}]},{\"@type\":\"WebSite\",\"@id\":\"https:\/\/www.prvafina.si\/#website\",\"url\":\"https:\/\/www.prvafina.si\/\",\"name\":\"Prva finan\u010dna agencija\",\"description\":\"\",\"potentialAction\":[{\"@type\":\"SearchAction\",\"target\":{\"@type\":\"EntryPoint\",\"urlTemplate\":\"https:\/\/www.prvafina.si\/?s={search_term_string}\"},\"query-input\":{\"@type\":\"PropertyValueSpecification\",\"valueRequired\":true,\"valueName\":\"search_term_string\"}}],\"inLanguage\":\"hr\"}]}<\/script>\n<!-- \/ Yoast SEO plugin. -->","yoast_head_json":{"title":"Izjava o varstvu osebnih podatkov","description":"Izjava o varstvu osebnih podatkov","robots":{"index":"index","follow":"follow","max-snippet":"max-snippet:-1","max-image-preview":"max-image-preview:large","max-video-preview":"max-video-preview:-1"},"canonical":"https:\/\/www.prvafina.si\/hr\/varovanje-osebnih-podatkov\/","og_locale":"hr_HR","og_type":"article","og_title":"Izjava o varstvu osebnih podatkov","og_description":"Izjava o varstvu osebnih podatkov","og_url":"https:\/\/www.prvafina.si\/hr\/varovanje-osebnih-podatkov\/","og_site_name":"Prva finan\u010dna agencija","article_modified_time":"2023-04-05T06:58:31+00:00","twitter_card":"summary_large_image","twitter_misc":{"Procijenjeno vrijeme \u010ditanja":"3 minute"},"schema":{"@context":"https:\/\/schema.org","@graph":[{"@type":"WebPage","@id":"https:\/\/www.prvafina.si\/varovanje-osebnih-podatkov\/","url":"https:\/\/www.prvafina.si\/varovanje-osebnih-podatkov\/","name":"Izjava o varstvu osebnih podatkov","isPartOf":{"@id":"https:\/\/www.prvafina.si\/#website"},"datePublished":"2023-02-27T07:58:41+00:00","dateModified":"2023-04-05T06:58:31+00:00","description":"Izjava o varstvu osebnih podatkov","breadcrumb":{"@id":"https:\/\/www.prvafina.si\/varovanje-osebnih-podatkov\/#breadcrumb"},"inLanguage":"hr","potentialAction":[{"@type":"ReadAction","target":["https:\/\/www.prvafina.si\/varovanje-osebnih-podatkov\/"]}]},{"@type":"BreadcrumbList","@id":"https:\/\/www.prvafina.si\/varovanje-osebnih-podatkov\/#breadcrumb","itemListElement":[{"@type":"ListItem","position":1,"name":"Home","item":"https:\/\/www.prvafina.si\/"},{"@type":"ListItem","position":2,"name":"Izjava o varovanju osebnih podatkov"}]},{"@type":"WebSite","@id":"https:\/\/www.prvafina.si\/#website","url":"https:\/\/www.prvafina.si\/","name":"Prva finan\u010dna agencija","description":"","potentialAction":[{"@type":"SearchAction","target":{"@type":"EntryPoint","urlTemplate":"https:\/\/www.prvafina.si\/?s={search_term_string}"},"query-input":{"@type":"PropertyValueSpecification","valueRequired":true,"valueName":"search_term_string"}}],"inLanguage":"hr"}]}},"_links":{"self":[{"href":"https:\/\/www.prvafina.si\/hr\/wp-json\/wp\/v2\/pages\/3430","targetHints":{"allow":["GET"]}}],"collection":[{"href":"https:\/\/www.prvafina.si\/hr\/wp-json\/wp\/v2\/pages"}],"about":[{"href":"https:\/\/www.prvafina.si\/hr\/wp-json\/wp\/v2\/types\/page"}],"author":[{"embeddable":true,"href":"https:\/\/www.prvafina.si\/hr\/wp-json\/wp\/v2\/users\/3"}],"replies":[{"embeddable":true,"href":"https:\/\/www.prvafina.si\/hr\/wp-json\/wp\/v2\/comments?post=3430"}],"version-history":[{"count":6,"href":"https:\/\/www.prvafina.si\/hr\/wp-json\/wp\/v2\/pages\/3430\/revisions"}],"predecessor-version":[{"id":3508,"href":"https:\/\/www.prvafina.si\/hr\/wp-json\/wp\/v2\/pages\/3430\/revisions\/3508"}],"wp:attachment":[{"href":"https:\/\/www.prvafina.si\/hr\/wp-json\/wp\/v2\/media?parent=3430"}],"curies":[{"name":"wp","href":"https:\/\/api.w.org\/{rel}","templated":true}]}}