{"id":3544,"date":"2023-08-04T13:39:55","date_gmt":"2023-08-04T11:39:55","guid":{"rendered":"https:\/\/www.prvafina.si\/?page_id=3544"},"modified":"2023-08-04T13:39:55","modified_gmt":"2023-08-04T11:39:55","slug":"obvestilo-o-izvajanju-videonadzora","status":"publish","type":"page","link":"https:\/\/www.prvafina.si\/hr\/obvestilo-o-izvajanju-videonadzora\/","title":{"rendered":"Obavijest o provedbi videonadzora"},"content":{"rendered":"<p><strong>OBVESTILO ZAPOSLENIM IN ZUNANJIM OSEBAM O IZVAJANJU VIDEONADZORA<\/strong><\/p>\n<p>Na podlagi tretjega odstavka 76. \u010dlena Zakona o varstvu osebnih podatkov (Uradni list RS, \u0161t. 163\/2022; ZVOP-2) vas obve\u0161\u010damo, da podjetje Prva finan\u010dna agencija d.o.o., Podru\u017enica Limbu\u0161, na osnovi sklepa z dnem 01.02.2009 izvaja videonadzor z namenom zagotavljanja varnosti ljudi in premo\u017eenja. Videonadzor se izvaja nad parkiri\u0161\u010di poslovne stavbe, nad vsem dostopi (vhodi) v poslovno stavbo ter nad hodniki poslovne stavbe.<\/p>\n<p>Podjetje Prva finan\u010dna agencija d.o.o. , kot lastnik poslovnih prostorov poslovne stavbe na naslovu Limbu\u0161ka cesta 2, 2341 Limbu\u0161 izvaja dejavnost finan\u010dnih storitev. Posledi\u010dno zaradi narave poslov obstaja rizik ogro\u017eanja zaposlenih s strani strank, kakor tudi pove\u010dan rizik protipravnega vstopa (vloma) v poslovne prostore dru\u017ebe. Zaradi tak\u0161ne ocene tveganja je utemeljen razlog za izvajanje videonadzora poslovne stavbe. Glede na naravo dejavnosti se ocenjuje, da namena ni mogo\u010de dose\u010di z uporabo milej\u0161ih sredstev.<\/p>\n<p><strong>1. Upravljalec videonadzornega sistema in kontaktni podatki upravljalca:<\/strong><\/p>\n<p>Prva finan\u010dna agencija d.o.o., Podru\u017enica Limbu\u0161, Limbu\u0161ka c. 2, 2341 Limbu\u0161<\/p>\n<p>Kontaktni podatki: tel. \u0161t. 08 \/200-37 30, e-naslov: <a href=\"mailto:info@prvafina.si\">info@prvafina.si<\/a><\/p>\n<p>Spletna stran: <a href=\"https:\/\/www.prvafina.si\">https:\/\/www.prvafina.si<\/a><\/p>\n<p>Odgovorna oseba: direktor oz. od direktorja poobla\u0161\u010dena odgovorna oseba<\/p>\n<p><strong>2. Pravna podlaga izvajanja videonadzora<\/strong><\/p>\n<p>Podjetja Prva finan\u010dna agencija d.o.o. obdeluje osebne podatke pridobljene na podlagi videonadzora na podlagi ZVOP-2 za namene zagotavljanja varovanja oseb in premo\u017eenja. Osebne podatke obdelujemo zgolj v okviru zakonitih pravnih podlag in izbranih namenov, in zagotavljamo, da jih ne bomo posredovali, posodili ali prodali tretjim osebam brez ustrezne zakonske podlage oz. predhodnega obvestila in va\u0161ega soglasja. Podjetja Prva finan\u010dna agencija d.o.o. osebnih podatkov ne prena\u0161a oz. ne posreduje v dr\u017eave zunaj EGP\/EU.<\/p>\n<p><strong>3. Informacije v zvezi z izvajanjem videonadzora<\/strong><\/p>\n<p>Videonadzora se izvaja na obmo\u010djih, kjer je to potrebo skladno z namenom videonadzora to je nad parkiri\u0161\u010di poslovne stavbe, nad vsemi dostopi (vhodi) v poslovno stavbo ter nad hodniki poslovne stavbe. Pisarni\u0161ki prostori in drugi delovni prostori niso pod videonadzorom.<\/p>\n<p>Zbirka posnetkov videonadzora vsebuje posnetek posameznika (slika), kraj posnetka, datum in \u010das posnetka, \u010das vstopa in izstopa oz. gibanja v nadzorovanem obmo\u010dju. Posnetki videonadzora se shranjujejo izklju\u010dno na snemalni napravi, ki se nahaja na lokaciji izvajalca videonadzora. Posnetki se hranijo najve\u010d \u0161est mesecev po nastanku, nato se samodejno izbri\u0161ejo.<\/p>\n<p>Dostop do zbirke osebnih podatkov, ki se obdelujejo na podlagi videonadzora, ima direktor podjetja in s strani direktorja poobla\u0161\u010dene osebe.\u00a0 Va\u0161i osebni podatki se lahko posredujejo tudi tretjim osebam (npr. pristojnim dr\u017eavnim organom), \u010de nam tak\u0161no obveznost posredovanja naloga zakon. Vsi vpogledi v podatke in posnetke se evidentirajo v obrazcu Evidenca uporabe\u00a0 videonadzornega sistema.<\/p>\n<p><strong>4. Informacije o pravicah posameznikov v zvezi z obdelavo osebnih podatkov<\/strong><\/p>\n<p>Posameznik ima pravico do informiranja (obvestilo, da se izvaja videonadzor je na vidnem mestu), do dostopa podatkov (seznanitev s posnetkom), pravico do omejitve obdelave in pravico do ugovora. Posameznik lahko pravice v zvezi z varstvom osebnih podatkov uveljavlja s pisno zahtevo poslano na naslov Prva finan\u010dna agencija d.o.o., Limbu\u0161ka c. 2, 2341 Limbu\u0161 ali na elektronski naslov: <a href=\"mailto:info@prvafina.si\">info@prvafina.si<\/a>.<\/p>\n<p><strong>5. Pravice do vlo\u017eitve prito\u017ebe pri nadzornem organu<\/strong><\/p>\n<p>Posameznik, na katerega se osebni podatki nana\u0161ajo, lahko poda prito\u017ebo pri naslednjem organu: Informacijski poobla\u0161\u010denec, Dunajska c. 22, 1000 Ljubljana, elektronska po\u0161ta: <a href=\"mailto:gp.ip@ip-rs.si\">gp.ip@ip-rs.si<\/a><\/p>","protected":false},"excerpt":{"rendered":"<p>OBVESTILO ZAPOSLENIM IN ZUNANJIM OSEBAM O IZVAJANJU VIDEONADZORA Na podlagi tretjega odstavka 76. \u010dlena Zakona o varstvu osebnih podatkov (Uradni list RS, \u0161t. 163\/2022; ZVOP-2) vas obve\u0161\u010damo, da podjetje Prva finan\u010dna agencija d.o.o., Podru\u017enica Limbu\u0161, na osnovi sklepa z dnem 01.02.2009 izvaja videonadzor z namenom zagotavljanja varnosti ljudi in premo\u017eenja. Videonadzor se izvaja nad parkiri\u0161\u010di<\/p>","protected":false},"author":3,"featured_media":0,"parent":0,"menu_order":0,"comment_status":"closed","ping_status":"closed","template":"","meta":{"om_disable_all_campaigns":false,"_exactmetrics_skip_tracking":false,"_exactmetrics_sitenote_active":false,"_exactmetrics_sitenote_note":"","_exactmetrics_sitenote_category":0,"_monsterinsights_skip_tracking":false,"_monsterinsights_sitenote_active":false,"_monsterinsights_sitenote_note":"","_monsterinsights_sitenote_category":0,"_uf_show_specific_survey":0,"_uf_disable_surveys":false,"footnotes":""},"class_list":["post-3544","page","type-page","status-publish","hentry"],"yoast_head":"<!-- This site is optimized with the Yoast SEO plugin v26.8 - https:\/\/yoast.com\/product\/yoast-seo-wordpress\/ -->\n<title>Izjava o varstvu osebnih podatkov<\/title>\n<meta name=\"description\" content=\"Izjava o varstvu osebnih podatkov\" \/>\n<meta name=\"robots\" content=\"index, follow, max-snippet:-1, max-image-preview:large, max-video-preview:-1\" \/>\n<link rel=\"canonical\" href=\"https:\/\/www.prvafina.si\/hr\/obvestilo-o-izvajanju-videonadzora\/\" \/>\n<meta property=\"og:locale\" content=\"hr_HR\" \/>\n<meta property=\"og:type\" content=\"article\" \/>\n<meta property=\"og:title\" content=\"Izjava o varstvu osebnih podatkov\" \/>\n<meta property=\"og:description\" content=\"Izjava o varstvu osebnih podatkov\" \/>\n<meta property=\"og:url\" content=\"https:\/\/www.prvafina.si\/hr\/obvestilo-o-izvajanju-videonadzora\/\" \/>\n<meta property=\"og:site_name\" content=\"Prva finan\u010dna agencija\" \/>\n<meta name=\"twitter:card\" content=\"summary_large_image\" \/>\n<meta name=\"twitter:label1\" content=\"Procijenjeno vrijeme \u010ditanja\" \/>\n\t<meta name=\"twitter:data1\" content=\"3 minute\" \/>\n<script type=\"application\/ld+json\" class=\"yoast-schema-graph\">{\"@context\":\"https:\/\/schema.org\",\"@graph\":[{\"@type\":\"WebPage\",\"@id\":\"https:\/\/www.prvafina.si\/obvestilo-o-izvajanju-videonadzora\/\",\"url\":\"https:\/\/www.prvafina.si\/obvestilo-o-izvajanju-videonadzora\/\",\"name\":\"Izjava o varstvu osebnih podatkov\",\"isPartOf\":{\"@id\":\"https:\/\/www.prvafina.si\/#website\"},\"datePublished\":\"2023-08-04T11:39:55+00:00\",\"description\":\"Izjava o varstvu osebnih podatkov\",\"breadcrumb\":{\"@id\":\"https:\/\/www.prvafina.si\/obvestilo-o-izvajanju-videonadzora\/#breadcrumb\"},\"inLanguage\":\"hr\",\"potentialAction\":[{\"@type\":\"ReadAction\",\"target\":[\"https:\/\/www.prvafina.si\/obvestilo-o-izvajanju-videonadzora\/\"]}]},{\"@type\":\"BreadcrumbList\",\"@id\":\"https:\/\/www.prvafina.si\/obvestilo-o-izvajanju-videonadzora\/#breadcrumb\",\"itemListElement\":[{\"@type\":\"ListItem\",\"position\":1,\"name\":\"Home\",\"item\":\"https:\/\/www.prvafina.si\/\"},{\"@type\":\"ListItem\",\"position\":2,\"name\":\"Obvestilo o izvajanju videonadzora\"}]},{\"@type\":\"WebSite\",\"@id\":\"https:\/\/www.prvafina.si\/#website\",\"url\":\"https:\/\/www.prvafina.si\/\",\"name\":\"Prva finan\u010dna agencija\",\"description\":\"\",\"potentialAction\":[{\"@type\":\"SearchAction\",\"target\":{\"@type\":\"EntryPoint\",\"urlTemplate\":\"https:\/\/www.prvafina.si\/?s={search_term_string}\"},\"query-input\":{\"@type\":\"PropertyValueSpecification\",\"valueRequired\":true,\"valueName\":\"search_term_string\"}}],\"inLanguage\":\"hr\"}]}<\/script>\n<!-- \/ Yoast SEO plugin. -->","yoast_head_json":{"title":"Izjava o varstvu osebnih podatkov","description":"Izjava o varstvu osebnih podatkov","robots":{"index":"index","follow":"follow","max-snippet":"max-snippet:-1","max-image-preview":"max-image-preview:large","max-video-preview":"max-video-preview:-1"},"canonical":"https:\/\/www.prvafina.si\/hr\/obvestilo-o-izvajanju-videonadzora\/","og_locale":"hr_HR","og_type":"article","og_title":"Izjava o varstvu osebnih podatkov","og_description":"Izjava o varstvu osebnih podatkov","og_url":"https:\/\/www.prvafina.si\/hr\/obvestilo-o-izvajanju-videonadzora\/","og_site_name":"Prva finan\u010dna agencija","twitter_card":"summary_large_image","twitter_misc":{"Procijenjeno vrijeme \u010ditanja":"3 minute"},"schema":{"@context":"https:\/\/schema.org","@graph":[{"@type":"WebPage","@id":"https:\/\/www.prvafina.si\/obvestilo-o-izvajanju-videonadzora\/","url":"https:\/\/www.prvafina.si\/obvestilo-o-izvajanju-videonadzora\/","name":"Izjava o varstvu osebnih podatkov","isPartOf":{"@id":"https:\/\/www.prvafina.si\/#website"},"datePublished":"2023-08-04T11:39:55+00:00","description":"Izjava o varstvu osebnih podatkov","breadcrumb":{"@id":"https:\/\/www.prvafina.si\/obvestilo-o-izvajanju-videonadzora\/#breadcrumb"},"inLanguage":"hr","potentialAction":[{"@type":"ReadAction","target":["https:\/\/www.prvafina.si\/obvestilo-o-izvajanju-videonadzora\/"]}]},{"@type":"BreadcrumbList","@id":"https:\/\/www.prvafina.si\/obvestilo-o-izvajanju-videonadzora\/#breadcrumb","itemListElement":[{"@type":"ListItem","position":1,"name":"Home","item":"https:\/\/www.prvafina.si\/"},{"@type":"ListItem","position":2,"name":"Obvestilo o izvajanju videonadzora"}]},{"@type":"WebSite","@id":"https:\/\/www.prvafina.si\/#website","url":"https:\/\/www.prvafina.si\/","name":"Prva finan\u010dna agencija","description":"","potentialAction":[{"@type":"SearchAction","target":{"@type":"EntryPoint","urlTemplate":"https:\/\/www.prvafina.si\/?s={search_term_string}"},"query-input":{"@type":"PropertyValueSpecification","valueRequired":true,"valueName":"search_term_string"}}],"inLanguage":"hr"}]}},"_links":{"self":[{"href":"https:\/\/www.prvafina.si\/hr\/wp-json\/wp\/v2\/pages\/3544","targetHints":{"allow":["GET"]}}],"collection":[{"href":"https:\/\/www.prvafina.si\/hr\/wp-json\/wp\/v2\/pages"}],"about":[{"href":"https:\/\/www.prvafina.si\/hr\/wp-json\/wp\/v2\/types\/page"}],"author":[{"embeddable":true,"href":"https:\/\/www.prvafina.si\/hr\/wp-json\/wp\/v2\/users\/3"}],"replies":[{"embeddable":true,"href":"https:\/\/www.prvafina.si\/hr\/wp-json\/wp\/v2\/comments?post=3544"}],"version-history":[{"count":2,"href":"https:\/\/www.prvafina.si\/hr\/wp-json\/wp\/v2\/pages\/3544\/revisions"}],"predecessor-version":[{"id":3549,"href":"https:\/\/www.prvafina.si\/hr\/wp-json\/wp\/v2\/pages\/3544\/revisions\/3549"}],"wp:attachment":[{"href":"https:\/\/www.prvafina.si\/hr\/wp-json\/wp\/v2\/media?parent=3544"}],"curies":[{"name":"wp","href":"https:\/\/api.w.org\/{rel}","templated":true}]}}